{"id":7872,"date":"2025-06-29T10:06:41","date_gmt":"2025-06-29T08:06:41","guid":{"rendered":"https:\/\/uj.adatbank.ro\/lexikon\/termek\/fekete-karoly-nagyfalusi\/"},"modified":"2025-06-29T10:06:41","modified_gmt":"2025-06-29T08:06:41","slug":"fekete-karoly-nagyfalusi","status":"publish","type":"product","link":"https:\/\/uj.adatbank.ro\/lexikon\/termek\/fekete-karoly-nagyfalusi\/","title":{"rendered":"FEKETE K\u00e1roly, nagyfalusi"},"content":{"rendered":"<p>Mv. 1880., \u2020 Kv., 1910. m\u00e1j. 3\u00a0: \u00fcgyv\u00e9d. &#8211; Apja \u00edt\u00e9l\u0151b\u00edr\u00f3 a kir. t\u00e1bl\u00e1n\u00e1l. K\u00fclf\u00f6ldi tanulm\u00e1nyai: Berlini Egy Jogtud. Kar (1900-01), G\u00f6ttingeni Egy. Jogtud. Kar (1901). Hazat\u00e9rve Kv.-on \u00fcgyv\u00e9d (1906\u201310), az \u00fcgyv\u00e9di kamara tagja. Hal\u00e1la el\u0151tt nemsokkal kir. al\u00fcgy\u00e9ssz\u00e9 nevezt\u00e9k ki. <br \/><strong>Irod.:<\/strong> Szab\u00f3\u2013Simon\u2013Sz\u00f6gi<\/br><\/p>\n","protected":false},"excerpt":{"rendered":"<p>Mv. 1880., \u2020 Kv., 1910. m\u00e1j. 3\u00a0: \u00fcgyv\u00e9d. &#8211; Apja \u00edt\u00e9l\u0151b\u00edr\u00f3 a kir. t\u00e1bl\u00e1n\u00e1l. K\u00fclf\u00f6ldi tanulm\u00e1nyai: Berlini Egy Jogtud. Kar (1900-01), G\u00f6ttingeni Egy. Jogtud. Kar (1901). Hazat\u00e9rve Kv.-on \u00fcgyv\u00e9d (1906\u201310), az \u00fcgyv\u00e9di kamara tagja. Hal\u00e1la el\u0151tt nemsokkal kir. al\u00fcgy\u00e9ssz\u00e9 nevezt\u00e9k ki. Irod.: Szab\u00f3\u2013Simon\u2013Sz\u00f6gi<\/p>\n","protected":false},"featured_media":0,"comment_status":"open","ping_status":"closed","template":"","meta":[],"product_brand":[],"product_cat":[137],"product_tag":[],"class_list":{"0":"post-7872","1":"product","2":"type-product","3":"status-publish","5":"product_cat-maros-megyei-eletrajzi-lexikon","7":"first","8":"instock","9":"shipping-taxable","10":"product-type-simple"},"_links":{"self":[{"href":"https:\/\/uj.adatbank.ro\/lexikon\/wp-json\/wp\/v2\/product\/7872","targetHints":{"allow":["GET"]}}],"collection":[{"href":"https:\/\/uj.adatbank.ro\/lexikon\/wp-json\/wp\/v2\/product"}],"about":[{"href":"https:\/\/uj.adatbank.ro\/lexikon\/wp-json\/wp\/v2\/types\/product"}],"replies":[{"embeddable":true,"href":"https:\/\/uj.adatbank.ro\/lexikon\/wp-json\/wp\/v2\/comments?post=7872"}],"wp:attachment":[{"href":"https:\/\/uj.adatbank.ro\/lexikon\/wp-json\/wp\/v2\/media?parent=7872"}],"wp:term":[{"taxonomy":"product_brand","embeddable":true,"href":"https:\/\/uj.adatbank.ro\/lexikon\/wp-json\/wp\/v2\/product_brand?post=7872"},{"taxonomy":"product_cat","embeddable":true,"href":"https:\/\/uj.adatbank.ro\/lexikon\/wp-json\/wp\/v2\/product_cat?post=7872"},{"taxonomy":"product_tag","embeddable":true,"href":"https:\/\/uj.adatbank.ro\/lexikon\/wp-json\/wp\/v2\/product_tag?post=7872"}],"curies":[{"name":"wp","href":"https:\/\/api.w.org\/{rel}","templated":true}]}}