{"id":7875,"date":"2025-06-29T10:06:48","date_gmt":"2025-06-29T08:06:48","guid":{"rendered":"https:\/\/uj.adatbank.ro\/lexikon\/termek\/fekete-lajos-2\/"},"modified":"2025-06-29T10:06:48","modified_gmt":"2025-06-29T08:06:48","slug":"fekete-lajos-2","status":"publish","type":"product","link":"https:\/\/uj.adatbank.ro\/lexikon\/termek\/fekete-lajos-2\/","title":{"rendered":"FEKETE Lajos"},"content":{"rendered":"<p>1898., \u20201977.: ref. lelk\u00e9sz. \u2013 Feles\u00e9ge: Bereczkky Ad\u00e9l (1900\u20131995). Gyermekeik: Ad\u00e9l (1928. 2004), Attila (1933\u20131985). \u2013 K\u00e1ntortan\u00edt\u00f3 \u00e9s l\u00e9vitalelk\u00e9sz Czeg\u0151telk\u00e9n (1911\u201321), Tusonban (1922\u201345), Mv.-en igazgat\u00f3-tan\u00edt\u00f3 (1945\u201347), l\u00e9vitalelk\u00e9sz Mez\u0151pagocs\u00e1n \u00e9s Iklandon (1947\u2013). <br \/><strong>Irod.:<\/strong> Cs\u00e1ky<\/br><\/p>\n","protected":false},"excerpt":{"rendered":"<p>1898., \u20201977.: ref. lelk\u00e9sz. \u2013 Feles\u00e9ge: Bereczkky Ad\u00e9l (1900\u20131995). Gyermekeik: Ad\u00e9l (1928. 2004), Attila (1933\u20131985). \u2013 K\u00e1ntortan\u00edt\u00f3 \u00e9s l\u00e9vitalelk\u00e9sz Czeg\u0151telk\u00e9n (1911\u201321), Tusonban (1922\u201345), Mv.-en igazgat\u00f3-tan\u00edt\u00f3 (1945\u201347), l\u00e9vitalelk\u00e9sz Mez\u0151pagocs\u00e1n \u00e9s Iklandon (1947\u2013). Irod.: Cs\u00e1ky<\/p>\n","protected":false},"featured_media":0,"comment_status":"open","ping_status":"closed","template":"","meta":[],"product_brand":[],"product_cat":[137],"product_tag":[],"class_list":{"0":"post-7875","1":"product","2":"type-product","3":"status-publish","5":"product_cat-maros-megyei-eletrajzi-lexikon","7":"first","8":"instock","9":"shipping-taxable","10":"product-type-simple"},"_links":{"self":[{"href":"https:\/\/uj.adatbank.ro\/lexikon\/wp-json\/wp\/v2\/product\/7875","targetHints":{"allow":["GET"]}}],"collection":[{"href":"https:\/\/uj.adatbank.ro\/lexikon\/wp-json\/wp\/v2\/product"}],"about":[{"href":"https:\/\/uj.adatbank.ro\/lexikon\/wp-json\/wp\/v2\/types\/product"}],"replies":[{"embeddable":true,"href":"https:\/\/uj.adatbank.ro\/lexikon\/wp-json\/wp\/v2\/comments?post=7875"}],"wp:attachment":[{"href":"https:\/\/uj.adatbank.ro\/lexikon\/wp-json\/wp\/v2\/media?parent=7875"}],"wp:term":[{"taxonomy":"product_brand","embeddable":true,"href":"https:\/\/uj.adatbank.ro\/lexikon\/wp-json\/wp\/v2\/product_brand?post=7875"},{"taxonomy":"product_cat","embeddable":true,"href":"https:\/\/uj.adatbank.ro\/lexikon\/wp-json\/wp\/v2\/product_cat?post=7875"},{"taxonomy":"product_tag","embeddable":true,"href":"https:\/\/uj.adatbank.ro\/lexikon\/wp-json\/wp\/v2\/product_tag?post=7875"}],"curies":[{"name":"wp","href":"https:\/\/api.w.org\/{rel}","templated":true}]}}