{"id":7883,"date":"2025-06-29T10:07:01","date_gmt":"2025-06-29T08:07:01","guid":{"rendered":"https:\/\/uj.adatbank.ro\/lexikon\/termek\/fekete-mihaly-%c2%a7-2\/"},"modified":"2025-06-29T10:07:01","modified_gmt":"2025-06-29T08:07:01","slug":"fekete-mihaly-%c2%a7-2","status":"publish","type":"product","link":"https:\/\/uj.adatbank.ro\/lexikon\/termek\/fekete-mihaly-%c2%a7-2\/","title":{"rendered":"FEKETE Mih\u00e1ly, \u00a7"},"content":{"rendered":"<p>Nagyv\u00e1rad, 1885., \u2020\u00a0Mv., 1941. jan. 17.: drog\u00e9ria, illatszert\u00e1r \u00e9s f\u00e9nyk\u00e9p\u00e9szeti cikkek \u00fczlet tulajdonosa. \u2013 Testv\u00e9rei, akik r\u00e9szt vettek a vh.-ban: Ern\u0151 (a harct\u00e9ren szerzett betegs\u00e9g\u00e9ben \u20201926); Miksa, hadirokkant; Schwartz Simon, hadirokkant; Jen\u0151; M\u00f3r; Schwart Lajos. \u2013 Tanulm\u00e1nyait Nagyv\u00e1radon v\u00e9gezte, de Mv.-en nyitott (F\u0151t\u00e9r 21; 1907) Angyal-drog\u00e9ri\u00e1t. Az I. vh.-ban a 17. h. o. e. -\u00fcgyi osztag tizedese (1914. aug. \u2013 18. nov.). Mv.-en folytatta tev\u00e9kenys\u00e9g\u00e9t (1949), \u00fczlet\u00e9ben m\u00e1rk\u00e1s \u00e1r\u00fakat, saj\u00e1t k\u00e9sz\u00edtm\u00e9ny\u0171 piperecikkek \u00e1rult. <br \/><strong>Irod.:<\/strong> EBKL; Mv.-i zsid\u00f3 temet\u0151 dok.; P\u00e9ter H. M.; P\u00e9ter H. M. 2013; Sz\u00e9kelyf\u00f6ld \u00ed. k<\/br><\/p>\n","protected":false},"excerpt":{"rendered":"<p>Nagyv\u00e1rad, 1885., \u2020\u00a0Mv., 1941. jan. 17.: drog\u00e9ria, illatszert\u00e1r \u00e9s f\u00e9nyk\u00e9p\u00e9szeti cikkek \u00fczlet tulajdonosa. \u2013 Testv\u00e9rei, akik r\u00e9szt vettek a vh.-ban: Ern\u0151 (a harct\u00e9ren szerzett betegs\u00e9g\u00e9ben \u20201926); Miksa, hadirokkant; Schwartz Simon, hadirokkant; Jen\u0151; M\u00f3r; Schwart Lajos. \u2013 Tanulm\u00e1nyait Nagyv\u00e1radon v\u00e9gezte, de Mv.-en nyitott (F\u0151t\u00e9r 21; 1907) Angyal-drog\u00e9ri\u00e1t. Az I. vh.-ban a 17. h. o. e. -\u00fcgyi [&hellip;]<\/p>\n","protected":false},"featured_media":0,"comment_status":"open","ping_status":"closed","template":"","meta":[],"product_brand":[],"product_cat":[137],"product_tag":[],"class_list":{"0":"post-7883","1":"product","2":"type-product","3":"status-publish","5":"product_cat-maros-megyei-eletrajzi-lexikon","7":"first","8":"instock","9":"shipping-taxable","10":"product-type-simple"},"_links":{"self":[{"href":"https:\/\/uj.adatbank.ro\/lexikon\/wp-json\/wp\/v2\/product\/7883","targetHints":{"allow":["GET"]}}],"collection":[{"href":"https:\/\/uj.adatbank.ro\/lexikon\/wp-json\/wp\/v2\/product"}],"about":[{"href":"https:\/\/uj.adatbank.ro\/lexikon\/wp-json\/wp\/v2\/types\/product"}],"replies":[{"embeddable":true,"href":"https:\/\/uj.adatbank.ro\/lexikon\/wp-json\/wp\/v2\/comments?post=7883"}],"wp:attachment":[{"href":"https:\/\/uj.adatbank.ro\/lexikon\/wp-json\/wp\/v2\/media?parent=7883"}],"wp:term":[{"taxonomy":"product_brand","embeddable":true,"href":"https:\/\/uj.adatbank.ro\/lexikon\/wp-json\/wp\/v2\/product_brand?post=7883"},{"taxonomy":"product_cat","embeddable":true,"href":"https:\/\/uj.adatbank.ro\/lexikon\/wp-json\/wp\/v2\/product_cat?post=7883"},{"taxonomy":"product_tag","embeddable":true,"href":"https:\/\/uj.adatbank.ro\/lexikon\/wp-json\/wp\/v2\/product_tag?post=7883"}],"curies":[{"name":"wp","href":"https:\/\/api.w.org\/{rel}","templated":true}]}}