{"id":7885,"date":"2025-06-29T10:07:03","date_gmt":"2025-06-29T08:07:03","guid":{"rendered":"https:\/\/uj.adatbank.ro\/lexikon\/termek\/fekete-pal-2\/"},"modified":"2025-06-29T10:07:03","modified_gmt":"2025-06-29T08:07:03","slug":"fekete-pal-2","status":"publish","type":"product","link":"https:\/\/uj.adatbank.ro\/lexikon\/termek\/fekete-pal-2\/","title":{"rendered":"FEKETE P\u00e1l"},"content":{"rendered":"<p>? \u2020\u00a0? : gazdatiszt, sz\u0151l\u00e9szeti v\u00e1ndortan\u00e1r, fel\u00fcgyel\u0151 \u2013 Tan\u00e1r Sz\u0151kefalv\u00e1n (\u20131893); Dics\u0151szentm\u00e1rtonban (1893\u201397) sz\u0151l\u00e9szeti \u00e9s bor\u00e1szati fel\u00fcgyel\u0151. Erd\u00e9lyben a sz\u0151l\u0151beni v\u00edzvezet\u0151 utak kezdem\u00e9nyez\u0151je \u00e9s f\u0151mestere, az itt m\u0171velt sz\u0151l\u0151fajt\u00e1k ismer\u0151je, a sz\u0151l\u0151\u00fcltet\u00e9s \u00e9s m\u0171vel\u00e9s szakembere volt. Gazdas\u00e1gi \u00e9s k\u00fcl\u00f6n\u00f6sen sz\u0151l\u00e9szeti tanulm\u00e1nyait, cikkeit az Erd\u00e9lyi Gazda, a Bor\u00e1szati F\u00fczetek-ben. K\u00f6tete az EGE \u00e1ltal 35 arannyal jutalmazott p\u00e1lyamunka (1877). \u2013 <strong>F. m.:<\/strong> A karik\u00e1s sz\u0151l\u0151m\u00edvel\u00e9s legaj\u00e1nlatosabb rendszere (Kv., 1877). <br \/><strong>Irod.:<\/strong> Cs\u00e1vossy; Guly\u00e1s; Szinnyei; Szinnyei J.<\/br><\/p>\n","protected":false},"excerpt":{"rendered":"<p>? \u2020\u00a0? : gazdatiszt, sz\u0151l\u00e9szeti v\u00e1ndortan\u00e1r, fel\u00fcgyel\u0151 \u2013 Tan\u00e1r Sz\u0151kefalv\u00e1n (\u20131893); Dics\u0151szentm\u00e1rtonban (1893\u201397) sz\u0151l\u00e9szeti \u00e9s bor\u00e1szati fel\u00fcgyel\u0151. Erd\u00e9lyben a sz\u0151l\u0151beni v\u00edzvezet\u0151 utak kezdem\u00e9nyez\u0151je \u00e9s f\u0151mestere, az itt m\u0171velt sz\u0151l\u0151fajt\u00e1k ismer\u0151je, a sz\u0151l\u0151\u00fcltet\u00e9s \u00e9s m\u0171vel\u00e9s szakembere volt. Gazdas\u00e1gi \u00e9s k\u00fcl\u00f6n\u00f6sen sz\u0151l\u00e9szeti tanulm\u00e1nyait, cikkeit az Erd\u00e9lyi Gazda, a Bor\u00e1szati F\u00fczetek-ben. K\u00f6tete az EGE \u00e1ltal 35 arannyal jutalmazott [&hellip;]<\/p>\n","protected":false},"featured_media":0,"comment_status":"open","ping_status":"closed","template":"","meta":[],"product_brand":[],"product_cat":[137],"product_tag":[],"class_list":{"0":"post-7885","1":"product","2":"type-product","3":"status-publish","5":"product_cat-maros-megyei-eletrajzi-lexikon","7":"first","8":"instock","9":"shipping-taxable","10":"product-type-simple"},"_links":{"self":[{"href":"https:\/\/uj.adatbank.ro\/lexikon\/wp-json\/wp\/v2\/product\/7885","targetHints":{"allow":["GET"]}}],"collection":[{"href":"https:\/\/uj.adatbank.ro\/lexikon\/wp-json\/wp\/v2\/product"}],"about":[{"href":"https:\/\/uj.adatbank.ro\/lexikon\/wp-json\/wp\/v2\/types\/product"}],"replies":[{"embeddable":true,"href":"https:\/\/uj.adatbank.ro\/lexikon\/wp-json\/wp\/v2\/comments?post=7885"}],"wp:attachment":[{"href":"https:\/\/uj.adatbank.ro\/lexikon\/wp-json\/wp\/v2\/media?parent=7885"}],"wp:term":[{"taxonomy":"product_brand","embeddable":true,"href":"https:\/\/uj.adatbank.ro\/lexikon\/wp-json\/wp\/v2\/product_brand?post=7885"},{"taxonomy":"product_cat","embeddable":true,"href":"https:\/\/uj.adatbank.ro\/lexikon\/wp-json\/wp\/v2\/product_cat?post=7885"},{"taxonomy":"product_tag","embeddable":true,"href":"https:\/\/uj.adatbank.ro\/lexikon\/wp-json\/wp\/v2\/product_tag?post=7885"}],"curies":[{"name":"wp","href":"https:\/\/api.w.org\/{rel}","templated":true}]}}