{"id":7887,"date":"2025-06-29T10:07:06","date_gmt":"2025-06-29T08:07:06","guid":{"rendered":"https:\/\/uj.adatbank.ro\/lexikon\/termek\/fekete-peter-2\/"},"modified":"2025-06-29T10:07:06","modified_gmt":"2025-06-29T08:07:06","slug":"fekete-peter-2","status":"publish","type":"product","link":"https:\/\/uj.adatbank.ro\/lexikon\/termek\/fekete-peter-2\/","title":{"rendered":"FEKETE P\u00e9ter"},"content":{"rendered":"<p>Vajdaszentiv\u00e1ny, 1927. j\u00fal. 1., \u2020\u00a0?: Jehova-tan\u00fa volt, letart\u00f3ztatt\u00e1k (1957. febr. 15), 15 \u00e9vre \u00edt\u00e9lt\u00e9k. (szabadult: 1964. j\u00fal. 28). &#8211; Irod: 1956 Erd\u00e9lyben<\/br><\/p>\n","protected":false},"excerpt":{"rendered":"<p>Vajdaszentiv\u00e1ny, 1927. j\u00fal. 1., \u2020\u00a0?: Jehova-tan\u00fa volt, letart\u00f3ztatt\u00e1k (1957. febr. 15), 15 \u00e9vre \u00edt\u00e9lt\u00e9k. (szabadult: 1964. j\u00fal. 28). &#8211; Irod: 1956 Erd\u00e9lyben<\/p>\n","protected":false},"featured_media":0,"comment_status":"open","ping_status":"closed","template":"","meta":[],"product_brand":[],"product_cat":[137],"product_tag":[],"class_list":{"0":"post-7887","1":"product","2":"type-product","3":"status-publish","5":"product_cat-maros-megyei-eletrajzi-lexikon","7":"first","8":"instock","9":"shipping-taxable","10":"product-type-simple"},"_links":{"self":[{"href":"https:\/\/uj.adatbank.ro\/lexikon\/wp-json\/wp\/v2\/product\/7887","targetHints":{"allow":["GET"]}}],"collection":[{"href":"https:\/\/uj.adatbank.ro\/lexikon\/wp-json\/wp\/v2\/product"}],"about":[{"href":"https:\/\/uj.adatbank.ro\/lexikon\/wp-json\/wp\/v2\/types\/product"}],"replies":[{"embeddable":true,"href":"https:\/\/uj.adatbank.ro\/lexikon\/wp-json\/wp\/v2\/comments?post=7887"}],"wp:attachment":[{"href":"https:\/\/uj.adatbank.ro\/lexikon\/wp-json\/wp\/v2\/media?parent=7887"}],"wp:term":[{"taxonomy":"product_brand","embeddable":true,"href":"https:\/\/uj.adatbank.ro\/lexikon\/wp-json\/wp\/v2\/product_brand?post=7887"},{"taxonomy":"product_cat","embeddable":true,"href":"https:\/\/uj.adatbank.ro\/lexikon\/wp-json\/wp\/v2\/product_cat?post=7887"},{"taxonomy":"product_tag","embeddable":true,"href":"https:\/\/uj.adatbank.ro\/lexikon\/wp-json\/wp\/v2\/product_tag?post=7887"}],"curies":[{"name":"wp","href":"https:\/\/api.w.org\/{rel}","templated":true}]}}