{"id":7889,"date":"2025-06-29T10:07:10","date_gmt":"2025-06-29T08:07:10","guid":{"rendered":"https:\/\/uj.adatbank.ro\/lexikon\/termek\/fekete-peter-fricsi\/"},"modified":"2025-06-29T10:07:10","modified_gmt":"2025-06-29T08:07:10","slug":"fekete-peter-fricsi","status":"publish","type":"product","link":"https:\/\/uj.adatbank.ro\/lexikon\/termek\/fekete-peter-fricsi\/","title":{"rendered":"FEKETE P\u00e9ter, fricsi"},"content":{"rendered":"<p>? \u2020\u00a0?: birtokos, f\u0151b\u00edr\u00f3. \u2013 F. P\u00e9ter fejedelmi k\u00f6vet \u00e9s homor\u00f3dszentp\u00e1li Szentp\u00e1li Zsuzs\u00e1nna fia. Feles\u00e9ge: 1. Kollatovich Borb\u00e1la, 2. Ajtoni Borb\u00e1la. \u2013 K\u00fck\u00fcll\u0151 v\u00e1rmegye f\u0151b\u00edr\u00e1ja volt. Anyja hozom\u00e1nyak\u00e9nt kapta meg a csal\u00e1d a s\u00f6v\u00e9nyfalvi j\u00f3sz\u00e1got. Els\u0151 feles\u00e9ge birtokain alap\u00edtott\u00e1k meg a csal\u00e1d saj\u00f3udvarhelyi \u00e1g\u00e1t. A v\u00e1mosg\u00e1lfalvi egyh\u00e1zk\u00f6zs\u00e9gnek aranyozott ez\u00fcst kup\u00e1t aj\u00e1nd\u00e9kozott (1701), David Eh(e)kirch ausburgi \u00f6tv\u00f6s alkot\u00e1s\u00e1t. <br \/><strong>Irod.:<\/strong> K\u00fck\u00fcll\u0151i Ref. Egyh\u00e1zm. 4.<\/br><\/p>\n","protected":false},"excerpt":{"rendered":"<p>? \u2020\u00a0?: birtokos, f\u0151b\u00edr\u00f3. \u2013 F. P\u00e9ter fejedelmi k\u00f6vet \u00e9s homor\u00f3dszentp\u00e1li Szentp\u00e1li Zsuzs\u00e1nna fia. Feles\u00e9ge: 1. Kollatovich Borb\u00e1la, 2. Ajtoni Borb\u00e1la. \u2013 K\u00fck\u00fcll\u0151 v\u00e1rmegye f\u0151b\u00edr\u00e1ja volt. Anyja hozom\u00e1nyak\u00e9nt kapta meg a csal\u00e1d a s\u00f6v\u00e9nyfalvi j\u00f3sz\u00e1got. Els\u0151 feles\u00e9ge birtokain alap\u00edtott\u00e1k meg a csal\u00e1d saj\u00f3udvarhelyi \u00e1g\u00e1t. A v\u00e1mosg\u00e1lfalvi egyh\u00e1zk\u00f6zs\u00e9gnek aranyozott ez\u00fcst kup\u00e1t aj\u00e1nd\u00e9kozott (1701), David Eh(e)kirch ausburgi [&hellip;]<\/p>\n","protected":false},"featured_media":0,"comment_status":"open","ping_status":"closed","template":"","meta":[],"product_brand":[],"product_cat":[137],"product_tag":[],"class_list":{"0":"post-7889","1":"product","2":"type-product","3":"status-publish","5":"product_cat-maros-megyei-eletrajzi-lexikon","7":"first","8":"instock","9":"shipping-taxable","10":"product-type-simple"},"_links":{"self":[{"href":"https:\/\/uj.adatbank.ro\/lexikon\/wp-json\/wp\/v2\/product\/7889","targetHints":{"allow":["GET"]}}],"collection":[{"href":"https:\/\/uj.adatbank.ro\/lexikon\/wp-json\/wp\/v2\/product"}],"about":[{"href":"https:\/\/uj.adatbank.ro\/lexikon\/wp-json\/wp\/v2\/types\/product"}],"replies":[{"embeddable":true,"href":"https:\/\/uj.adatbank.ro\/lexikon\/wp-json\/wp\/v2\/comments?post=7889"}],"wp:attachment":[{"href":"https:\/\/uj.adatbank.ro\/lexikon\/wp-json\/wp\/v2\/media?parent=7889"}],"wp:term":[{"taxonomy":"product_brand","embeddable":true,"href":"https:\/\/uj.adatbank.ro\/lexikon\/wp-json\/wp\/v2\/product_brand?post=7889"},{"taxonomy":"product_cat","embeddable":true,"href":"https:\/\/uj.adatbank.ro\/lexikon\/wp-json\/wp\/v2\/product_cat?post=7889"},{"taxonomy":"product_tag","embeddable":true,"href":"https:\/\/uj.adatbank.ro\/lexikon\/wp-json\/wp\/v2\/product_tag?post=7889"}],"curies":[{"name":"wp","href":"https:\/\/api.w.org\/{rel}","templated":true}]}}