{"id":7890,"date":"2025-06-29T10:07:11","date_gmt":"2025-06-29T08:07:11","guid":{"rendered":"https:\/\/uj.adatbank.ro\/lexikon\/termek\/fekete-rozsi-%c2%a7\/"},"modified":"2025-06-29T10:07:11","modified_gmt":"2025-06-29T08:07:11","slug":"fekete-rozsi-%c2%a7","status":"publish","type":"product","link":"https:\/\/uj.adatbank.ro\/lexikon\/termek\/fekete-rozsi-%c2%a7\/","title":{"rendered":"FEKETE R\u00f3zsi, \u00a7"},"content":{"rendered":"<p>Galg\u00f3c, 1905. m\u00e1rc. 22., \u2020\u00a0Mv., 1981. szept. 28.: sz\u00edn\u00e9szn\u0151. \u2013 Feh\u00e9r Imre feles\u00e9ge. \u2013 P\u00e1ly\u00e1j\u00e1t Szatm\u00e1rn\u00e9metiben kezdte Szabadkay J\u00f3zsef t\u00e1rulat\u00e1n\u00e1l (1919\u201320), majd Nagyv\u00e1radon folytatta Erd\u00e9lyi Mikl\u00f3sn\u00e1l. Feh\u00e9r Imre t\u00e1rsulat\u00e1ban fell\u00e9pett Dics\u0151szentm\u00e1rtonban, Sz\u00e1szr\u00e9genben, Mv.-en, Ludason stb (1923\u201330). Sokoldal\u00fa, j\u00f3hang\u00fa \u00e9s nem mindennapi dr\u00e1mai k\u00e9szs\u00e9ggel rendelkez\u0151 sz\u00edn\u00e9sz volt. \u2013 <strong>F. sz.:<\/strong> Juli (Moln\u00e1r Ferenc\u00a0: Liliom); Finum R\u00f3zsi\u00a0(T\u00f3th Ede: A falu rossza); \u00c9va (Mad\u00e1ch Imre: Az ember trag\u00e9di\u00e1ja); Dr\u00f3tost\u00f3t, a Hattyulovag, Sybill (primadonna ill. szubrett szerepei); Bessy (Jakobi: Le\u00e1nyv\u00e1s\u00e1r); Boriska (Farkas Imre: N\u00f3t\u00e1s kapit\u00e1ny); Borb\u00e1la (Zerkovitz B\u00e9la: Muzsikus Ferk\u00f3); Colette (Beer-Verneuill: Az \u00fcgyv\u00e9d \u00e9s a f\u00e9rje); Borcsa (Z\u00e1gon-Em\u0151d: Borcsa Amerik\u00e1ban); Dolly: Bruno Granichstadten: Orlow); Krakowiaskaja gr\u00f3fn\u0151 (Martos-Szirmai: Alexandra); Rica-Maca (Zerkovitz B\u00e9la: Cs\u00f3kos asszony); Abigail (Goldfaden: Szulamith); Dolly (Arnold-Bach-Hirsch: Dolly); Ant\u00f3nia (Lengyel Menyh\u00e9rt: Ant\u00f3nia). <br \/><strong>Irod.:<\/strong> K\u00f6t\u0151; MSZL; [Nekrol\u00f3g] (V. Z., 1981. szept. 30)<\/br><\/p>\n","protected":false},"excerpt":{"rendered":"<p>Galg\u00f3c, 1905. m\u00e1rc. 22., \u2020\u00a0Mv., 1981. szept. 28.: sz\u00edn\u00e9szn\u0151. \u2013 Feh\u00e9r Imre feles\u00e9ge. \u2013 P\u00e1ly\u00e1j\u00e1t Szatm\u00e1rn\u00e9metiben kezdte Szabadkay J\u00f3zsef t\u00e1rulat\u00e1n\u00e1l (1919\u201320), majd Nagyv\u00e1radon folytatta Erd\u00e9lyi Mikl\u00f3sn\u00e1l. Feh\u00e9r Imre t\u00e1rsulat\u00e1ban fell\u00e9pett Dics\u0151szentm\u00e1rtonban, Sz\u00e1szr\u00e9genben, Mv.-en, Ludason stb (1923\u201330). Sokoldal\u00fa, j\u00f3hang\u00fa \u00e9s nem mindennapi dr\u00e1mai k\u00e9szs\u00e9ggel rendelkez\u0151 sz\u00edn\u00e9sz volt. \u2013 F. sz.: Juli (Moln\u00e1r Ferenc\u00a0: Liliom); Finum R\u00f3zsi\u00a0(T\u00f3th [&hellip;]<\/p>\n","protected":false},"featured_media":0,"comment_status":"open","ping_status":"closed","template":"","meta":[],"product_brand":[],"product_cat":[137],"product_tag":[],"class_list":{"0":"post-7890","1":"product","2":"type-product","3":"status-publish","5":"product_cat-maros-megyei-eletrajzi-lexikon","7":"first","8":"instock","9":"shipping-taxable","10":"product-type-simple"},"_links":{"self":[{"href":"https:\/\/uj.adatbank.ro\/lexikon\/wp-json\/wp\/v2\/product\/7890","targetHints":{"allow":["GET"]}}],"collection":[{"href":"https:\/\/uj.adatbank.ro\/lexikon\/wp-json\/wp\/v2\/product"}],"about":[{"href":"https:\/\/uj.adatbank.ro\/lexikon\/wp-json\/wp\/v2\/types\/product"}],"replies":[{"embeddable":true,"href":"https:\/\/uj.adatbank.ro\/lexikon\/wp-json\/wp\/v2\/comments?post=7890"}],"wp:attachment":[{"href":"https:\/\/uj.adatbank.ro\/lexikon\/wp-json\/wp\/v2\/media?parent=7890"}],"wp:term":[{"taxonomy":"product_brand","embeddable":true,"href":"https:\/\/uj.adatbank.ro\/lexikon\/wp-json\/wp\/v2\/product_brand?post=7890"},{"taxonomy":"product_cat","embeddable":true,"href":"https:\/\/uj.adatbank.ro\/lexikon\/wp-json\/wp\/v2\/product_cat?post=7890"},{"taxonomy":"product_tag","embeddable":true,"href":"https:\/\/uj.adatbank.ro\/lexikon\/wp-json\/wp\/v2\/product_tag?post=7890"}],"curies":[{"name":"wp","href":"https:\/\/api.w.org\/{rel}","templated":true}]}}