{"id":7891,"date":"2025-06-29T10:07:13","date_gmt":"2025-06-29T08:07:13","guid":{"rendered":"https:\/\/uj.adatbank.ro\/lexikon\/termek\/fekete-samuel-nagykedei\/"},"modified":"2025-06-29T10:07:13","modified_gmt":"2025-06-29T08:07:13","slug":"fekete-samuel-nagykedei","status":"publish","type":"product","link":"https:\/\/uj.adatbank.ro\/lexikon\/termek\/fekete-samuel-nagykedei\/","title":{"rendered":"FEKETE S\u00e1muel, nagykedei"},"content":{"rendered":"<p>? \u2020\u00a0? : kir. udvari tan\u00e1csos. \u2013 Mv.-i polg\u00e1r. Feles\u00e9g\u00e9vel a Sz\u00e9kelyf\u00f6ld\u00f6n felbukkant r\u00f3mai kori \u00e9remgy\u0171jtem\u00e9ny\u00e9ny\u00fcket a Koll. -nak adom\u00e1nyozt\u00e1k (1861). Simon Elek \u00fcgyv\u00e9ddel egy\u00fctt f\u00e1rads\u00e1got \u00e9s anyagi \u00e1ldozatot sem k\u00edm\u00e9lve kiadt\u00e1k Benk\u0151 K\u00e1roly Marossz\u00e9k le\u00edr\u00e1sa c. m\u0171v\u00e9t (Kv., 1868\u201369). <br \/><strong>Irod.:<\/strong> F\u00fcl\u00f6p\u2013Ferencz; Id\u0151t\u00e1r 2; P\u00e1l-Antal 2003<\/br><\/p>\n","protected":false},"excerpt":{"rendered":"<p>? \u2020\u00a0? : kir. udvari tan\u00e1csos. \u2013 Mv.-i polg\u00e1r. Feles\u00e9g\u00e9vel a Sz\u00e9kelyf\u00f6ld\u00f6n felbukkant r\u00f3mai kori \u00e9remgy\u0171jtem\u00e9ny\u00e9ny\u00fcket a Koll. -nak adom\u00e1nyozt\u00e1k (1861). Simon Elek \u00fcgyv\u00e9ddel egy\u00fctt f\u00e1rads\u00e1got \u00e9s anyagi \u00e1ldozatot sem k\u00edm\u00e9lve kiadt\u00e1k Benk\u0151 K\u00e1roly Marossz\u00e9k le\u00edr\u00e1sa c. m\u0171v\u00e9t (Kv., 1868\u201369). Irod.: F\u00fcl\u00f6p\u2013Ferencz; Id\u0151t\u00e1r 2; P\u00e1l-Antal 2003<\/p>\n","protected":false},"featured_media":0,"comment_status":"open","ping_status":"closed","template":"","meta":[],"product_brand":[],"product_cat":[137],"product_tag":[],"class_list":{"0":"post-7891","1":"product","2":"type-product","3":"status-publish","5":"product_cat-maros-megyei-eletrajzi-lexikon","7":"first","8":"instock","9":"shipping-taxable","10":"product-type-simple"},"_links":{"self":[{"href":"https:\/\/uj.adatbank.ro\/lexikon\/wp-json\/wp\/v2\/product\/7891","targetHints":{"allow":["GET"]}}],"collection":[{"href":"https:\/\/uj.adatbank.ro\/lexikon\/wp-json\/wp\/v2\/product"}],"about":[{"href":"https:\/\/uj.adatbank.ro\/lexikon\/wp-json\/wp\/v2\/types\/product"}],"replies":[{"embeddable":true,"href":"https:\/\/uj.adatbank.ro\/lexikon\/wp-json\/wp\/v2\/comments?post=7891"}],"wp:attachment":[{"href":"https:\/\/uj.adatbank.ro\/lexikon\/wp-json\/wp\/v2\/media?parent=7891"}],"wp:term":[{"taxonomy":"product_brand","embeddable":true,"href":"https:\/\/uj.adatbank.ro\/lexikon\/wp-json\/wp\/v2\/product_brand?post=7891"},{"taxonomy":"product_cat","embeddable":true,"href":"https:\/\/uj.adatbank.ro\/lexikon\/wp-json\/wp\/v2\/product_cat?post=7891"},{"taxonomy":"product_tag","embeddable":true,"href":"https:\/\/uj.adatbank.ro\/lexikon\/wp-json\/wp\/v2\/product_tag?post=7891"}],"curies":[{"name":"wp","href":"https:\/\/api.w.org\/{rel}","templated":true}]}}