{"id":7893,"date":"2025-06-29T10:07:17","date_gmt":"2025-06-29T08:07:17","guid":{"rendered":"https:\/\/uj.adatbank.ro\/lexikon\/termek\/fekete-sandor-fricsi\/"},"modified":"2025-06-29T10:07:17","modified_gmt":"2025-06-29T08:07:17","slug":"fekete-sandor-fricsi","status":"publish","type":"product","link":"https:\/\/uj.adatbank.ro\/lexikon\/termek\/fekete-sandor-fricsi\/","title":{"rendered":"FEKETE S\u00e1ndor, fricsi"},"content":{"rendered":"<p>1816.?, \u2020\u00a0Dics\u0151szentm\u00e1rton, 1892. jan. 24.: \u00fcgyv\u00e9d. \u2013 Feles\u00e9ge: kiss\u00e1rosi Sinay Krisztina. \u2013 \u00dcgyv\u00e9d \u00e9s Kisk\u00fck\u00fcll\u0151v\u00e1rmegye tiszti \u00fcgy\u00e9sze. <br \/><strong>Irod.:<\/strong> Gy\u00e1szjelent\u0151<\/br><\/p>\n","protected":false},"excerpt":{"rendered":"<p>1816.?, \u2020\u00a0Dics\u0151szentm\u00e1rton, 1892. jan. 24.: \u00fcgyv\u00e9d. \u2013 Feles\u00e9ge: kiss\u00e1rosi Sinay Krisztina. \u2013 \u00dcgyv\u00e9d \u00e9s Kisk\u00fck\u00fcll\u0151v\u00e1rmegye tiszti \u00fcgy\u00e9sze. Irod.: Gy\u00e1szjelent\u0151<\/p>\n","protected":false},"featured_media":0,"comment_status":"open","ping_status":"closed","template":"","meta":[],"product_brand":[],"product_cat":[137],"product_tag":[],"class_list":{"0":"post-7893","1":"product","2":"type-product","3":"status-publish","5":"product_cat-maros-megyei-eletrajzi-lexikon","7":"first","8":"instock","9":"shipping-taxable","10":"product-type-simple"},"_links":{"self":[{"href":"https:\/\/uj.adatbank.ro\/lexikon\/wp-json\/wp\/v2\/product\/7893","targetHints":{"allow":["GET"]}}],"collection":[{"href":"https:\/\/uj.adatbank.ro\/lexikon\/wp-json\/wp\/v2\/product"}],"about":[{"href":"https:\/\/uj.adatbank.ro\/lexikon\/wp-json\/wp\/v2\/types\/product"}],"replies":[{"embeddable":true,"href":"https:\/\/uj.adatbank.ro\/lexikon\/wp-json\/wp\/v2\/comments?post=7893"}],"wp:attachment":[{"href":"https:\/\/uj.adatbank.ro\/lexikon\/wp-json\/wp\/v2\/media?parent=7893"}],"wp:term":[{"taxonomy":"product_brand","embeddable":true,"href":"https:\/\/uj.adatbank.ro\/lexikon\/wp-json\/wp\/v2\/product_brand?post=7893"},{"taxonomy":"product_cat","embeddable":true,"href":"https:\/\/uj.adatbank.ro\/lexikon\/wp-json\/wp\/v2\/product_cat?post=7893"},{"taxonomy":"product_tag","embeddable":true,"href":"https:\/\/uj.adatbank.ro\/lexikon\/wp-json\/wp\/v2\/product_tag?post=7893"}],"curies":[{"name":"wp","href":"https:\/\/api.w.org\/{rel}","templated":true}]}}