{"id":7896,"date":"2025-06-29T10:07:24","date_gmt":"2025-06-29T08:07:24","guid":{"rendered":"https:\/\/uj.adatbank.ro\/lexikon\/termek\/fekete-sirbu-magdolna\/"},"modified":"2025-06-29T10:07:24","modified_gmt":"2025-06-29T08:07:24","slug":"fekete-sirbu-magdolna","status":"publish","type":"product","link":"https:\/\/uj.adatbank.ro\/lexikon\/termek\/fekete-sirbu-magdolna\/","title":{"rendered":"FEKETE S\u00ceRBU Magdolna"},"content":{"rendered":"<p>Oroszfalu, 1925., \u2020 Mv., 2014.: orvos. &#8211; A MOGYI orvosi kar\u00e1n v\u00e9gzett (1951). B\u00e1nffyhunyadon b\u0151r- \u00e9s nemibetegek orvosa (1951\u201356). Laborat\u00f3riumi szakorvos Mv.-en a V\u00e9rk\u00f6zpontban (1956\u201368), a K\u00f6zponti Laborat\u00f3riumban (1968\u20131980). Az immunol\u00f3giai megbeteged\u00e9sek kutat\u00f3ja. Rom\u00e1n, magyar \u00e9s nemzetk\u00f6zi Hematol\u00f3giai T\u00e1rsas\u00e1gok tagja. <br \/><strong>Irod.:<\/strong> Kiss-P.-P.<\/br><\/p>\n","protected":false},"excerpt":{"rendered":"<p>Oroszfalu, 1925., \u2020 Mv., 2014.: orvos. &#8211; A MOGYI orvosi kar\u00e1n v\u00e9gzett (1951). B\u00e1nffyhunyadon b\u0151r- \u00e9s nemibetegek orvosa (1951\u201356). Laborat\u00f3riumi szakorvos Mv.-en a V\u00e9rk\u00f6zpontban (1956\u201368), a K\u00f6zponti Laborat\u00f3riumban (1968\u20131980). Az immunol\u00f3giai megbeteged\u00e9sek kutat\u00f3ja. Rom\u00e1n, magyar \u00e9s nemzetk\u00f6zi Hematol\u00f3giai T\u00e1rsas\u00e1gok tagja. Irod.: Kiss-P.-P.<\/p>\n","protected":false},"featured_media":0,"comment_status":"open","ping_status":"closed","template":"","meta":[],"product_brand":[],"product_cat":[137],"product_tag":[],"class_list":{"0":"post-7896","1":"product","2":"type-product","3":"status-publish","5":"product_cat-maros-megyei-eletrajzi-lexikon","7":"first","8":"instock","9":"shipping-taxable","10":"product-type-simple"},"_links":{"self":[{"href":"https:\/\/uj.adatbank.ro\/lexikon\/wp-json\/wp\/v2\/product\/7896","targetHints":{"allow":["GET"]}}],"collection":[{"href":"https:\/\/uj.adatbank.ro\/lexikon\/wp-json\/wp\/v2\/product"}],"about":[{"href":"https:\/\/uj.adatbank.ro\/lexikon\/wp-json\/wp\/v2\/types\/product"}],"replies":[{"embeddable":true,"href":"https:\/\/uj.adatbank.ro\/lexikon\/wp-json\/wp\/v2\/comments?post=7896"}],"wp:attachment":[{"href":"https:\/\/uj.adatbank.ro\/lexikon\/wp-json\/wp\/v2\/media?parent=7896"}],"wp:term":[{"taxonomy":"product_brand","embeddable":true,"href":"https:\/\/uj.adatbank.ro\/lexikon\/wp-json\/wp\/v2\/product_brand?post=7896"},{"taxonomy":"product_cat","embeddable":true,"href":"https:\/\/uj.adatbank.ro\/lexikon\/wp-json\/wp\/v2\/product_cat?post=7896"},{"taxonomy":"product_tag","embeddable":true,"href":"https:\/\/uj.adatbank.ro\/lexikon\/wp-json\/wp\/v2\/product_tag?post=7896"}],"curies":[{"name":"wp","href":"https:\/\/api.w.org\/{rel}","templated":true}]}}