{"id":7901,"date":"2025-06-29T10:07:34","date_gmt":"2025-06-29T08:07:34","guid":{"rendered":"https:\/\/uj.adatbank.ro\/lexikon\/termek\/fekete-zsuzsanna\/"},"modified":"2025-06-29T10:07:34","modified_gmt":"2025-06-29T08:07:34","slug":"fekete-zsuzsanna","status":"publish","type":"product","link":"https:\/\/uj.adatbank.ro\/lexikon\/termek\/fekete-zsuzsanna\/","title":{"rendered":"FEKETE Zsuzs\u00e1nna"},"content":{"rendered":"<p>Vajdaszentiv\u00e1ny, 1932. j\u00fal. 24., \u2020\u00a0?: A Kov\u00e1cs K\u00e1roly-f\u00e9le jehovista csoport tagjak\u00e9nt tart\u00f3ztatt\u00e1k le (1957. dec. 15.) \u00e9s rendszerellenes tev\u00e9kenys\u00e9g \u00e9s rendszerellenes iratok terjeszt\u00e9se v\u00e1dj\u00e1val \u00e1ll\u00edtott\u00e1k b\u00edr\u00f3s\u00e1g el\u00e9. <br \/><strong>Irod.:<\/strong> 1956 Erd\u00e9lyben<\/br><\/p>\n","protected":false},"excerpt":{"rendered":"<p>Vajdaszentiv\u00e1ny, 1932. j\u00fal. 24., \u2020\u00a0?: A Kov\u00e1cs K\u00e1roly-f\u00e9le jehovista csoport tagjak\u00e9nt tart\u00f3ztatt\u00e1k le (1957. dec. 15.) \u00e9s rendszerellenes tev\u00e9kenys\u00e9g \u00e9s rendszerellenes iratok terjeszt\u00e9se v\u00e1dj\u00e1val \u00e1ll\u00edtott\u00e1k b\u00edr\u00f3s\u00e1g el\u00e9. Irod.: 1956 Erd\u00e9lyben<\/p>\n","protected":false},"featured_media":0,"comment_status":"open","ping_status":"closed","template":"","meta":[],"product_brand":[],"product_cat":[137],"product_tag":[],"class_list":{"0":"post-7901","1":"product","2":"type-product","3":"status-publish","5":"product_cat-maros-megyei-eletrajzi-lexikon","7":"first","8":"instock","9":"shipping-taxable","10":"product-type-simple"},"_links":{"self":[{"href":"https:\/\/uj.adatbank.ro\/lexikon\/wp-json\/wp\/v2\/product\/7901","targetHints":{"allow":["GET"]}}],"collection":[{"href":"https:\/\/uj.adatbank.ro\/lexikon\/wp-json\/wp\/v2\/product"}],"about":[{"href":"https:\/\/uj.adatbank.ro\/lexikon\/wp-json\/wp\/v2\/types\/product"}],"replies":[{"embeddable":true,"href":"https:\/\/uj.adatbank.ro\/lexikon\/wp-json\/wp\/v2\/comments?post=7901"}],"wp:attachment":[{"href":"https:\/\/uj.adatbank.ro\/lexikon\/wp-json\/wp\/v2\/media?parent=7901"}],"wp:term":[{"taxonomy":"product_brand","embeddable":true,"href":"https:\/\/uj.adatbank.ro\/lexikon\/wp-json\/wp\/v2\/product_brand?post=7901"},{"taxonomy":"product_cat","embeddable":true,"href":"https:\/\/uj.adatbank.ro\/lexikon\/wp-json\/wp\/v2\/product_cat?post=7901"},{"taxonomy":"product_tag","embeddable":true,"href":"https:\/\/uj.adatbank.ro\/lexikon\/wp-json\/wp\/v2\/product_tag?post=7901"}],"curies":[{"name":"wp","href":"https:\/\/api.w.org\/{rel}","templated":true}]}}