{"id":7907,"date":"2025-06-29T10:07:47","date_gmt":"2025-06-29T08:07:47","guid":{"rendered":"https:\/\/uj.adatbank.ro\/lexikon\/termek\/felfalusi-mihaly-felfalusi-michael\/"},"modified":"2025-06-29T10:07:47","modified_gmt":"2025-06-29T08:07:47","slug":"felfalusi-mihaly-felfalusi-michael","status":"publish","type":"product","link":"https:\/\/uj.adatbank.ro\/lexikon\/termek\/felfalusi-mihaly-felfalusi-michael\/","title":{"rendered":"FELFALUSI Mih\u00e1ly, Felfalusi Michael"},"content":{"rendered":"<p>Mv.? \u2020\u00a0? : orvosdoktor. \u2013 Apja: F. J\u00f3zsef, esperes, tan\u00e1r. Feles\u00e9ge: Nagy -Ari J\u00f3zsef le\u00e1nya. \u2013 Tanult Enyeden (1711), Lejd\u00e1ban \u00e9s Franekerben nem sok sikerrel, majd Hall\u00e9ban Hoffmann Fridrik \u00e9s Stahl Gy\u00f6rgy tan\u00edtv\u00e1nya (1714. okt. 5. \u2013 1715) \u00e9s orvosi oklevelet nyert (1715), J\u00e9n\u00e1ban (1717). Farkastelk\u00e9n (Feh\u00e9r) telepedett meg. Haller J\u00e1nos gr. kinevezte korm\u00e1nyz\u00f3s\u00e1gi rendes orvosnak (1734\u2013), de ez sem tudta kimozd\u00edtani tehetetlen, elhanyagolt \u00e1llapot\u00e1b\u00f3l. Teleki gr\u00f3fok is patron\u00e1lt\u00e1k. Id\u0151s (64\u201365 \u00e9v k.) \u00e1tt\u00e9rt a g. kat. vall\u00e1sra, ezut\u00e1n m\u00e9g sok\u00e1ig \u00e9lt. <br \/><strong>Irod.:<\/strong> Pataki; Szab\u00f3\u2013Sz\u00f6gi; Offner, Robert=Tonk S. 2020<\/br><\/p>\n","protected":false},"excerpt":{"rendered":"<p>Mv.? \u2020\u00a0? : orvosdoktor. \u2013 Apja: F. J\u00f3zsef, esperes, tan\u00e1r. Feles\u00e9ge: Nagy -Ari J\u00f3zsef le\u00e1nya. \u2013 Tanult Enyeden (1711), Lejd\u00e1ban \u00e9s Franekerben nem sok sikerrel, majd Hall\u00e9ban Hoffmann Fridrik \u00e9s Stahl Gy\u00f6rgy tan\u00edtv\u00e1nya (1714. okt. 5. \u2013 1715) \u00e9s orvosi oklevelet nyert (1715), J\u00e9n\u00e1ban (1717). Farkastelk\u00e9n (Feh\u00e9r) telepedett meg. Haller J\u00e1nos gr. kinevezte korm\u00e1nyz\u00f3s\u00e1gi rendes [&hellip;]<\/p>\n","protected":false},"featured_media":0,"comment_status":"open","ping_status":"closed","template":"","meta":[],"product_brand":[],"product_cat":[137],"product_tag":[],"class_list":{"0":"post-7907","1":"product","2":"type-product","3":"status-publish","5":"product_cat-maros-megyei-eletrajzi-lexikon","7":"first","8":"instock","9":"shipping-taxable","10":"product-type-simple"},"_links":{"self":[{"href":"https:\/\/uj.adatbank.ro\/lexikon\/wp-json\/wp\/v2\/product\/7907","targetHints":{"allow":["GET"]}}],"collection":[{"href":"https:\/\/uj.adatbank.ro\/lexikon\/wp-json\/wp\/v2\/product"}],"about":[{"href":"https:\/\/uj.adatbank.ro\/lexikon\/wp-json\/wp\/v2\/types\/product"}],"replies":[{"embeddable":true,"href":"https:\/\/uj.adatbank.ro\/lexikon\/wp-json\/wp\/v2\/comments?post=7907"}],"wp:attachment":[{"href":"https:\/\/uj.adatbank.ro\/lexikon\/wp-json\/wp\/v2\/media?parent=7907"}],"wp:term":[{"taxonomy":"product_brand","embeddable":true,"href":"https:\/\/uj.adatbank.ro\/lexikon\/wp-json\/wp\/v2\/product_brand?post=7907"},{"taxonomy":"product_cat","embeddable":true,"href":"https:\/\/uj.adatbank.ro\/lexikon\/wp-json\/wp\/v2\/product_cat?post=7907"},{"taxonomy":"product_tag","embeddable":true,"href":"https:\/\/uj.adatbank.ro\/lexikon\/wp-json\/wp\/v2\/product_tag?post=7907"}],"curies":[{"name":"wp","href":"https:\/\/api.w.org\/{rel}","templated":true}]}}