{"id":7909,"date":"2025-06-29T10:07:53","date_gmt":"2025-06-29T08:07:53","guid":{"rendered":"https:\/\/uj.adatbank.ro\/lexikon\/termek\/felfalusi-zsigmond\/"},"modified":"2025-06-29T10:07:53","modified_gmt":"2025-06-29T08:07:53","slug":"felfalusi-zsigmond","status":"publish","type":"product","link":"https:\/\/uj.adatbank.ro\/lexikon\/termek\/felfalusi-zsigmond\/","title":{"rendered":"FELFALUSI Zsigmond"},"content":{"rendered":"<p>? \u2020\u00a0? : mester, l\u00e9vita. \u2013 Mv.-en subscrib\u00e1lt (1725). Dedr\u00e1dsz\u00e9plakon (1737\u201339), Kisf\u00fclp\u00f6s\u00f6n (1742\u201343), L\u00fadv\u00e9gen (1744\u201345) l\u00e9vita, majd Vajdaszentiv\u00e1nyon mester (1746\u201350). <br \/><strong>Irod.:<\/strong> \u0150sz<\/br><\/p>\n","protected":false},"excerpt":{"rendered":"<p>? \u2020\u00a0? : mester, l\u00e9vita. \u2013 Mv.-en subscrib\u00e1lt (1725). Dedr\u00e1dsz\u00e9plakon (1737\u201339), Kisf\u00fclp\u00f6s\u00f6n (1742\u201343), L\u00fadv\u00e9gen (1744\u201345) l\u00e9vita, majd Vajdaszentiv\u00e1nyon mester (1746\u201350). Irod.: \u0150sz<\/p>\n","protected":false},"featured_media":0,"comment_status":"open","ping_status":"closed","template":"","meta":[],"product_brand":[],"product_cat":[137],"product_tag":[],"class_list":{"0":"post-7909","1":"product","2":"type-product","3":"status-publish","5":"product_cat-maros-megyei-eletrajzi-lexikon","7":"first","8":"instock","9":"shipping-taxable","10":"product-type-simple"},"_links":{"self":[{"href":"https:\/\/uj.adatbank.ro\/lexikon\/wp-json\/wp\/v2\/product\/7909","targetHints":{"allow":["GET"]}}],"collection":[{"href":"https:\/\/uj.adatbank.ro\/lexikon\/wp-json\/wp\/v2\/product"}],"about":[{"href":"https:\/\/uj.adatbank.ro\/lexikon\/wp-json\/wp\/v2\/types\/product"}],"replies":[{"embeddable":true,"href":"https:\/\/uj.adatbank.ro\/lexikon\/wp-json\/wp\/v2\/comments?post=7909"}],"wp:attachment":[{"href":"https:\/\/uj.adatbank.ro\/lexikon\/wp-json\/wp\/v2\/media?parent=7909"}],"wp:term":[{"taxonomy":"product_brand","embeddable":true,"href":"https:\/\/uj.adatbank.ro\/lexikon\/wp-json\/wp\/v2\/product_brand?post=7909"},{"taxonomy":"product_cat","embeddable":true,"href":"https:\/\/uj.adatbank.ro\/lexikon\/wp-json\/wp\/v2\/product_cat?post=7909"},{"taxonomy":"product_tag","embeddable":true,"href":"https:\/\/uj.adatbank.ro\/lexikon\/wp-json\/wp\/v2\/product_tag?post=7909"}],"curies":[{"name":"wp","href":"https:\/\/api.w.org\/{rel}","templated":true}]}}