{"id":7910,"date":"2025-06-29T10:07:56","date_gmt":"2025-06-29T08:07:56","guid":{"rendered":"https:\/\/uj.adatbank.ro\/lexikon\/termek\/felho-ervin\/"},"modified":"2025-06-29T10:07:56","modified_gmt":"2025-06-29T08:07:56","slug":"felho-ervin","status":"publish","type":"product","link":"https:\/\/uj.adatbank.ro\/lexikon\/termek\/felho-ervin\/","title":{"rendered":"FELH\u0150 Ervin"},"content":{"rendered":"<p>Detta, 1894. nov. 4. \u2020\u00a0? : sz\u00edn\u00e9sz. \u2013 Sz\u00edniiskol\u00e1t v\u00e9gzett (1918); sz\u00ednpadra l\u00e9pett (1923); J\u00e1tszott: Brass\u00f3ban, Mv.-en, Nagyszebenben, Nagyv\u00e1radon, Kv.-on, Aradon. Temesv\u00e1rt t\u00e1ncoskomikus, Nagyv\u00e1radon sz\u00ednh\u00e1zi karmester (\u20131930). Kabar\u00e9darabjai: Bodri; Modern h\u00e1zass\u00e1g; Nasi-vasi, stb. \u2013 <strong>F. m.:<\/strong> Sz\u00edvek muzsik\u00e1ja. 22 \u00e9v Erd\u00e9lyben (Nagyv\u00e1rad, 1941); Boh\u00e9m\u00e9let (Nagyv\u00e1rad, 1942). <br \/><strong>Irod.:<\/strong> Guly\u00e1s<\/br><\/p>\n","protected":false},"excerpt":{"rendered":"<p>Detta, 1894. nov. 4. \u2020\u00a0? : sz\u00edn\u00e9sz. \u2013 Sz\u00edniiskol\u00e1t v\u00e9gzett (1918); sz\u00ednpadra l\u00e9pett (1923); J\u00e1tszott: Brass\u00f3ban, Mv.-en, Nagyszebenben, Nagyv\u00e1radon, Kv.-on, Aradon. Temesv\u00e1rt t\u00e1ncoskomikus, Nagyv\u00e1radon sz\u00ednh\u00e1zi karmester (\u20131930). Kabar\u00e9darabjai: Bodri; Modern h\u00e1zass\u00e1g; Nasi-vasi, stb. \u2013 F. m.: Sz\u00edvek muzsik\u00e1ja. 22 \u00e9v Erd\u00e9lyben (Nagyv\u00e1rad, 1941); Boh\u00e9m\u00e9let (Nagyv\u00e1rad, 1942). Irod.: Guly\u00e1s<\/p>\n","protected":false},"featured_media":0,"comment_status":"open","ping_status":"closed","template":"","meta":[],"product_brand":[],"product_cat":[137],"product_tag":[],"class_list":{"0":"post-7910","1":"product","2":"type-product","3":"status-publish","5":"product_cat-maros-megyei-eletrajzi-lexikon","7":"first","8":"instock","9":"shipping-taxable","10":"product-type-simple"},"_links":{"self":[{"href":"https:\/\/uj.adatbank.ro\/lexikon\/wp-json\/wp\/v2\/product\/7910","targetHints":{"allow":["GET"]}}],"collection":[{"href":"https:\/\/uj.adatbank.ro\/lexikon\/wp-json\/wp\/v2\/product"}],"about":[{"href":"https:\/\/uj.adatbank.ro\/lexikon\/wp-json\/wp\/v2\/types\/product"}],"replies":[{"embeddable":true,"href":"https:\/\/uj.adatbank.ro\/lexikon\/wp-json\/wp\/v2\/comments?post=7910"}],"wp:attachment":[{"href":"https:\/\/uj.adatbank.ro\/lexikon\/wp-json\/wp\/v2\/media?parent=7910"}],"wp:term":[{"taxonomy":"product_brand","embeddable":true,"href":"https:\/\/uj.adatbank.ro\/lexikon\/wp-json\/wp\/v2\/product_brand?post=7910"},{"taxonomy":"product_cat","embeddable":true,"href":"https:\/\/uj.adatbank.ro\/lexikon\/wp-json\/wp\/v2\/product_cat?post=7910"},{"taxonomy":"product_tag","embeddable":true,"href":"https:\/\/uj.adatbank.ro\/lexikon\/wp-json\/wp\/v2\/product_tag?post=7910"}],"curies":[{"name":"wp","href":"https:\/\/api.w.org\/{rel}","templated":true}]}}