{"id":7915,"date":"2025-06-29T10:08:07","date_gmt":"2025-06-29T08:08:07","guid":{"rendered":"https:\/\/uj.adatbank.ro\/lexikon\/termek\/felmeri-sandor\/"},"modified":"2025-06-29T10:08:07","modified_gmt":"2025-06-29T08:08:07","slug":"felmeri-sandor","status":"publish","type":"product","link":"https:\/\/uj.adatbank.ro\/lexikon\/termek\/felmeri-sandor\/","title":{"rendered":"FELM\u00c9RI S\u00e1ndor"},"content":{"rendered":"<p>? \u2020\u00a0? : tan\u00edt\u00f3. \u2013 Vajdaszentiv\u00e1nyra h\u00edvt\u00e1k meg \u00e1ltal\u00e1nosiskolai tan\u00edt\u00f3nak, majd Nagyenyedre a tan\u00edt\u00f3k\u00e9pz\u0151be tan\u00e1rnak. A MT megyei \u00c1ltal\u00e1nos Tan\u00edt\u00f3test\u00fclet tagja, a g\u00f6rg\u00e9nyi k\u00f6r vezet\u0151 tiszts\u00e9gvisel\u0151je volt. <br \/><strong>Irod.:<\/strong> B\u00f6jthe Andor<\/br><\/p>\n","protected":false},"excerpt":{"rendered":"<p>? \u2020\u00a0? : tan\u00edt\u00f3. \u2013 Vajdaszentiv\u00e1nyra h\u00edvt\u00e1k meg \u00e1ltal\u00e1nosiskolai tan\u00edt\u00f3nak, majd Nagyenyedre a tan\u00edt\u00f3k\u00e9pz\u0151be tan\u00e1rnak. A MT megyei \u00c1ltal\u00e1nos Tan\u00edt\u00f3test\u00fclet tagja, a g\u00f6rg\u00e9nyi k\u00f6r vezet\u0151 tiszts\u00e9gvisel\u0151je volt. Irod.: B\u00f6jthe Andor<\/p>\n","protected":false},"featured_media":0,"comment_status":"open","ping_status":"closed","template":"","meta":[],"product_brand":[],"product_cat":[137],"product_tag":[],"class_list":{"0":"post-7915","1":"product","2":"type-product","3":"status-publish","5":"product_cat-maros-megyei-eletrajzi-lexikon","7":"first","8":"instock","9":"shipping-taxable","10":"product-type-simple"},"_links":{"self":[{"href":"https:\/\/uj.adatbank.ro\/lexikon\/wp-json\/wp\/v2\/product\/7915","targetHints":{"allow":["GET"]}}],"collection":[{"href":"https:\/\/uj.adatbank.ro\/lexikon\/wp-json\/wp\/v2\/product"}],"about":[{"href":"https:\/\/uj.adatbank.ro\/lexikon\/wp-json\/wp\/v2\/types\/product"}],"replies":[{"embeddable":true,"href":"https:\/\/uj.adatbank.ro\/lexikon\/wp-json\/wp\/v2\/comments?post=7915"}],"wp:attachment":[{"href":"https:\/\/uj.adatbank.ro\/lexikon\/wp-json\/wp\/v2\/media?parent=7915"}],"wp:term":[{"taxonomy":"product_brand","embeddable":true,"href":"https:\/\/uj.adatbank.ro\/lexikon\/wp-json\/wp\/v2\/product_brand?post=7915"},{"taxonomy":"product_cat","embeddable":true,"href":"https:\/\/uj.adatbank.ro\/lexikon\/wp-json\/wp\/v2\/product_cat?post=7915"},{"taxonomy":"product_tag","embeddable":true,"href":"https:\/\/uj.adatbank.ro\/lexikon\/wp-json\/wp\/v2\/product_tag?post=7915"}],"curies":[{"name":"wp","href":"https:\/\/api.w.org\/{rel}","templated":true}]}}