{"id":7917,"date":"2025-06-29T10:08:09","date_gmt":"2025-06-29T08:08:09","guid":{"rendered":"https:\/\/uj.adatbank.ro\/lexikon\/termek\/felszeghy-gabor-%c2%a7\/"},"modified":"2025-06-29T10:08:09","modified_gmt":"2025-06-29T08:08:09","slug":"felszeghy-gabor-%c2%a7","status":"publish","type":"product","link":"https:\/\/uj.adatbank.ro\/lexikon\/termek\/felszeghy-gabor-%c2%a7\/","title":{"rendered":"FELSZEGHY G\u00e1bor, \u00a7"},"content":{"rendered":"<p>? \u2020\u00a0? : harangl\u00e1bi birtokos. \u2013 Feles\u00e9ge: Derzsi Ilona. Gyermekeik: Gyula, G\u00e1bor, J\u00e1nos, S\u00e1ndor, L\u00e1szl\u00f3, Tam\u00e1s. \u2013 Dics\u0151szentm\u00e1rtonban a vm.-i k\u00f6zigazgat\u00e1si bizotts\u00e1g tagja (1900. k.). <br \/><strong>Irod.:<\/strong> Dics\u0151szentm\u00e1rton r\u00e9gi arca Csepreghy anyai nagyapja<\/br><\/p>\n","protected":false},"excerpt":{"rendered":"<p>? \u2020\u00a0? : harangl\u00e1bi birtokos. \u2013 Feles\u00e9ge: Derzsi Ilona. Gyermekeik: Gyula, G\u00e1bor, J\u00e1nos, S\u00e1ndor, L\u00e1szl\u00f3, Tam\u00e1s. \u2013 Dics\u0151szentm\u00e1rtonban a vm.-i k\u00f6zigazgat\u00e1si bizotts\u00e1g tagja (1900. k.). Irod.: Dics\u0151szentm\u00e1rton r\u00e9gi arca Csepreghy anyai nagyapja<\/p>\n","protected":false},"featured_media":0,"comment_status":"open","ping_status":"closed","template":"","meta":[],"product_brand":[],"product_cat":[137],"product_tag":[],"class_list":{"0":"post-7917","1":"product","2":"type-product","3":"status-publish","5":"product_cat-maros-megyei-eletrajzi-lexikon","7":"first","8":"instock","9":"shipping-taxable","10":"product-type-simple"},"_links":{"self":[{"href":"https:\/\/uj.adatbank.ro\/lexikon\/wp-json\/wp\/v2\/product\/7917","targetHints":{"allow":["GET"]}}],"collection":[{"href":"https:\/\/uj.adatbank.ro\/lexikon\/wp-json\/wp\/v2\/product"}],"about":[{"href":"https:\/\/uj.adatbank.ro\/lexikon\/wp-json\/wp\/v2\/types\/product"}],"replies":[{"embeddable":true,"href":"https:\/\/uj.adatbank.ro\/lexikon\/wp-json\/wp\/v2\/comments?post=7917"}],"wp:attachment":[{"href":"https:\/\/uj.adatbank.ro\/lexikon\/wp-json\/wp\/v2\/media?parent=7917"}],"wp:term":[{"taxonomy":"product_brand","embeddable":true,"href":"https:\/\/uj.adatbank.ro\/lexikon\/wp-json\/wp\/v2\/product_brand?post=7917"},{"taxonomy":"product_cat","embeddable":true,"href":"https:\/\/uj.adatbank.ro\/lexikon\/wp-json\/wp\/v2\/product_cat?post=7917"},{"taxonomy":"product_tag","embeddable":true,"href":"https:\/\/uj.adatbank.ro\/lexikon\/wp-json\/wp\/v2\/product_tag?post=7917"}],"curies":[{"name":"wp","href":"https:\/\/api.w.org\/{rel}","templated":true}]}}