{"id":7918,"date":"2025-06-29T10:08:10","date_gmt":"2025-06-29T08:08:10","guid":{"rendered":"https:\/\/uj.adatbank.ro\/lexikon\/termek\/felszeghy-gyula-%c2%a7\/"},"modified":"2025-06-29T10:08:10","modified_gmt":"2025-06-29T08:08:10","slug":"felszeghy-gyula-%c2%a7","status":"publish","type":"product","link":"https:\/\/uj.adatbank.ro\/lexikon\/termek\/felszeghy-gyula-%c2%a7\/","title":{"rendered":"FELSZEGHY Gyula, \u00a7"},"content":{"rendered":"<p>Harangl\u00e1b, 1876. \u2020\u00a0D\u00e9sfalva, 1974.: f\u0151k\u00f6nyvel\u0151. \u2013 Dics\u0151szentm\u00e1rtonban a Kisk\u00fck\u00fcll\u0151 V\u00e1rmegyei Takar\u00e9kp\u00e9nzt\u00e1r f\u0151k\u00f6nyvel\u0151je. <br \/><strong>Irod.:<\/strong> Dics\u0151szentm\u00e1rton r\u00e9gi arca<\/br><\/p>\n","protected":false},"excerpt":{"rendered":"<p>Harangl\u00e1b, 1876. \u2020\u00a0D\u00e9sfalva, 1974.: f\u0151k\u00f6nyvel\u0151. \u2013 Dics\u0151szentm\u00e1rtonban a Kisk\u00fck\u00fcll\u0151 V\u00e1rmegyei Takar\u00e9kp\u00e9nzt\u00e1r f\u0151k\u00f6nyvel\u0151je. Irod.: Dics\u0151szentm\u00e1rton r\u00e9gi arca<\/p>\n","protected":false},"featured_media":0,"comment_status":"open","ping_status":"closed","template":"","meta":[],"product_brand":[],"product_cat":[137],"product_tag":[],"class_list":{"0":"post-7918","1":"product","2":"type-product","3":"status-publish","5":"product_cat-maros-megyei-eletrajzi-lexikon","7":"first","8":"instock","9":"shipping-taxable","10":"product-type-simple"},"_links":{"self":[{"href":"https:\/\/uj.adatbank.ro\/lexikon\/wp-json\/wp\/v2\/product\/7918","targetHints":{"allow":["GET"]}}],"collection":[{"href":"https:\/\/uj.adatbank.ro\/lexikon\/wp-json\/wp\/v2\/product"}],"about":[{"href":"https:\/\/uj.adatbank.ro\/lexikon\/wp-json\/wp\/v2\/types\/product"}],"replies":[{"embeddable":true,"href":"https:\/\/uj.adatbank.ro\/lexikon\/wp-json\/wp\/v2\/comments?post=7918"}],"wp:attachment":[{"href":"https:\/\/uj.adatbank.ro\/lexikon\/wp-json\/wp\/v2\/media?parent=7918"}],"wp:term":[{"taxonomy":"product_brand","embeddable":true,"href":"https:\/\/uj.adatbank.ro\/lexikon\/wp-json\/wp\/v2\/product_brand?post=7918"},{"taxonomy":"product_cat","embeddable":true,"href":"https:\/\/uj.adatbank.ro\/lexikon\/wp-json\/wp\/v2\/product_cat?post=7918"},{"taxonomy":"product_tag","embeddable":true,"href":"https:\/\/uj.adatbank.ro\/lexikon\/wp-json\/wp\/v2\/product_tag?post=7918"}],"curies":[{"name":"wp","href":"https:\/\/api.w.org\/{rel}","templated":true}]}}