{"id":7919,"date":"2025-06-29T10:08:12","date_gmt":"2025-06-29T08:08:12","guid":{"rendered":"https:\/\/uj.adatbank.ro\/lexikon\/termek\/felszeghy-istvan\/"},"modified":"2025-06-29T10:08:12","modified_gmt":"2025-06-29T08:08:12","slug":"felszeghy-istvan","status":"publish","type":"product","link":"https:\/\/uj.adatbank.ro\/lexikon\/termek\/felszeghy-istvan\/","title":{"rendered":"FELSZEGHY Istv\u00e1n"},"content":{"rendered":"<p>?, 1922., \u2020\u00a0Mv., 2016. nov. 1 : \u00e9p\u00ed\u00edt\u00e9szm\u00e9rn\u00f6k. \u2013 A Maros Megyei \u00c9p\u00edtkez\u00e9si Tr\u00f6szt vez\u00e9rigazgat\u00f3ja volt Mv.-en. <br \/><strong>Irod.:<\/strong> Elhal\u00e1loz\u00e1s<\/br><\/p>\n","protected":false},"excerpt":{"rendered":"<p>?, 1922., \u2020\u00a0Mv., 2016. nov. 1 : \u00e9p\u00ed\u00edt\u00e9szm\u00e9rn\u00f6k. \u2013 A Maros Megyei \u00c9p\u00edtkez\u00e9si Tr\u00f6szt vez\u00e9rigazgat\u00f3ja volt Mv.-en. Irod.: Elhal\u00e1loz\u00e1s<\/p>\n","protected":false},"featured_media":0,"comment_status":"open","ping_status":"closed","template":"","meta":[],"product_brand":[],"product_cat":[137],"product_tag":[],"class_list":{"0":"post-7919","1":"product","2":"type-product","3":"status-publish","5":"product_cat-maros-megyei-eletrajzi-lexikon","7":"first","8":"instock","9":"shipping-taxable","10":"product-type-simple"},"_links":{"self":[{"href":"https:\/\/uj.adatbank.ro\/lexikon\/wp-json\/wp\/v2\/product\/7919","targetHints":{"allow":["GET"]}}],"collection":[{"href":"https:\/\/uj.adatbank.ro\/lexikon\/wp-json\/wp\/v2\/product"}],"about":[{"href":"https:\/\/uj.adatbank.ro\/lexikon\/wp-json\/wp\/v2\/types\/product"}],"replies":[{"embeddable":true,"href":"https:\/\/uj.adatbank.ro\/lexikon\/wp-json\/wp\/v2\/comments?post=7919"}],"wp:attachment":[{"href":"https:\/\/uj.adatbank.ro\/lexikon\/wp-json\/wp\/v2\/media?parent=7919"}],"wp:term":[{"taxonomy":"product_brand","embeddable":true,"href":"https:\/\/uj.adatbank.ro\/lexikon\/wp-json\/wp\/v2\/product_brand?post=7919"},{"taxonomy":"product_cat","embeddable":true,"href":"https:\/\/uj.adatbank.ro\/lexikon\/wp-json\/wp\/v2\/product_cat?post=7919"},{"taxonomy":"product_tag","embeddable":true,"href":"https:\/\/uj.adatbank.ro\/lexikon\/wp-json\/wp\/v2\/product_tag?post=7919"}],"curies":[{"name":"wp","href":"https:\/\/api.w.org\/{rel}","templated":true}]}}