{"id":7923,"date":"2025-06-29T10:08:18","date_gmt":"2025-06-29T08:08:18","guid":{"rendered":"https:\/\/uj.adatbank.ro\/lexikon\/termek\/felszeghy-odon-felszeghy-edmund\/"},"modified":"2025-06-29T10:08:18","modified_gmt":"2025-06-29T08:08:18","slug":"felszeghy-odon-felszeghy-edmund","status":"publish","type":"product","link":"https:\/\/uj.adatbank.ro\/lexikon\/termek\/felszeghy-odon-felszeghy-edmund\/","title":{"rendered":"FELSZEGHY \u00d6d\u00f6n, Felszeghy Edmund"},"content":{"rendered":"<p>? \u2020 ? : orvos, egyetemi tan\u00e1r. \u2013 A mv.-i egykori tan\u00edt\u00f3k\u00e9pz\u0151 igazgat\u00f3ja, majd egyetemi tan\u00e1r a MOGYI- n, az orvosi biofizikai tansz\u00e9ket vezette, Kv. -r\u00f3l j\u00e1rt az el\u0151ad\u00e1sok megtart\u00e1s\u00e1ra (1945\u201347). K\u00f6zoktat\u00e1s\u00fcgyi titk\u00e1r az Okt. Min.-ban. Tev\u00e9kenyen r\u00e9szt vett \u00e9s hat\u00e1rozottan l\u00e9pett fel a m. iskolarendszer megszervez\u00e9se \u00e9rdek\u00e9ben (1945\u2013). Tev\u00e9kenys\u00e9ge nem tetszett az akkori rom\u00e1n korm\u00e1nynak, ez\u00e9rt elmozd\u00edtott\u00e1k \u00e1ll\u00e1s\u00e1b\u00f3l (1948. j\u00fan.). Hely\u00e9re Czik\u00f3 L\u0151rincet nevezt\u00e9k ki, aki nem rendelkezett kell\u0151 tan\u00fcgyi felk\u00e9sz\u00fclts\u00e9ggel \u00e9s tapasztalattal sem, de a MNSZ kipr\u00f3b\u00e1lt vezet\u0151je volt, \u00e9s alkalmas a tan\u00fcgyi reform \u00e9s az iskol\u00e1k \u00e1llamos\u00edt\u00e1s\u00e1nak radik\u00e1lis megold\u00e1s\u00e1ra. Az egyetemen Balogh L\u00e1szl\u00f3 lett a biofizika tant\u00e1rgy el\u0151ad\u00f3ja (1948\u2013). \u2013 <strong>F. m.:<\/strong> <strong>t\u00e1rssz.:<\/strong> Helyi er\u0151forr\u00e1sok \u00e9rt\u00e9kes\u00edt\u00e9se a k\u00e9mia seg\u00edts\u00e9g\u00e9vel (L\u00e1szl\u00f3 G\u00e1borral; Buk., 1955); Lucr\u0103ri paractice de chimie general\u0103 (Bereczky T., Literat l. -lel; Cluj, 1958); Biocimie (egy. Tank\u00f6nyv Abrah\u00e1m Al. -val; Buc., 1965, 1972); A biok\u00e9mia alapjai (\u00c1brah\u00e1m S\u00e1ndorral; Kv., 1976); Magyar-rom\u00e1n m\u0171szaki sz\u00f3t\u00e1r = Dic\u0163ionar tehnic maghiar-rom\u00e2n (Buc., 1987); <strong>szerk.:<\/strong> Kiss Zolt\u00e1n, Holicska Dezs\u0151, Vit\u00e1lyos Andr\u00e1s: Ember \u00e9s eg\u00e9szs\u00e9g. Kislexikon. (Lektor\u00e1lta; Buk., 1974); K\u00e9miai Kislexikon 1\u20132. (Buk., 1981). <br \/><strong>Irod.:<\/strong> Barab\u00e1s-P\u00e9ter M.\u2013P\u00e9ter H. M.; Genersich; Katona Szab\u00f3; R\u00e9thy-\u00dajv\u00e1ri-V\u00e1czy<\/br><\/p>\n","protected":false},"excerpt":{"rendered":"<p>? \u2020 ? : orvos, egyetemi tan\u00e1r. \u2013 A mv.-i egykori tan\u00edt\u00f3k\u00e9pz\u0151 igazgat\u00f3ja, majd egyetemi tan\u00e1r a MOGYI- n, az orvosi biofizikai tansz\u00e9ket vezette, Kv. -r\u00f3l j\u00e1rt az el\u0151ad\u00e1sok megtart\u00e1s\u00e1ra (1945\u201347). K\u00f6zoktat\u00e1s\u00fcgyi titk\u00e1r az Okt. Min.-ban. Tev\u00e9kenyen r\u00e9szt vett \u00e9s hat\u00e1rozottan l\u00e9pett fel a m. iskolarendszer megszervez\u00e9se \u00e9rdek\u00e9ben (1945\u2013). Tev\u00e9kenys\u00e9ge nem tetszett az akkori rom\u00e1n [&hellip;]<\/p>\n","protected":false},"featured_media":0,"comment_status":"open","ping_status":"closed","template":"","meta":[],"product_brand":[],"product_cat":[137],"product_tag":[],"class_list":{"0":"post-7923","1":"product","2":"type-product","3":"status-publish","5":"product_cat-maros-megyei-eletrajzi-lexikon","7":"first","8":"instock","9":"shipping-taxable","10":"product-type-simple"},"_links":{"self":[{"href":"https:\/\/uj.adatbank.ro\/lexikon\/wp-json\/wp\/v2\/product\/7923","targetHints":{"allow":["GET"]}}],"collection":[{"href":"https:\/\/uj.adatbank.ro\/lexikon\/wp-json\/wp\/v2\/product"}],"about":[{"href":"https:\/\/uj.adatbank.ro\/lexikon\/wp-json\/wp\/v2\/types\/product"}],"replies":[{"embeddable":true,"href":"https:\/\/uj.adatbank.ro\/lexikon\/wp-json\/wp\/v2\/comments?post=7923"}],"wp:attachment":[{"href":"https:\/\/uj.adatbank.ro\/lexikon\/wp-json\/wp\/v2\/media?parent=7923"}],"wp:term":[{"taxonomy":"product_brand","embeddable":true,"href":"https:\/\/uj.adatbank.ro\/lexikon\/wp-json\/wp\/v2\/product_brand?post=7923"},{"taxonomy":"product_cat","embeddable":true,"href":"https:\/\/uj.adatbank.ro\/lexikon\/wp-json\/wp\/v2\/product_cat?post=7923"},{"taxonomy":"product_tag","embeddable":true,"href":"https:\/\/uj.adatbank.ro\/lexikon\/wp-json\/wp\/v2\/product_tag?post=7923"}],"curies":[{"name":"wp","href":"https:\/\/api.w.org\/{rel}","templated":true}]}}