{"id":7925,"date":"2025-06-29T10:08:21","date_gmt":"2025-06-29T08:08:21","guid":{"rendered":"https:\/\/uj.adatbank.ro\/lexikon\/termek\/felszegi-antal\/"},"modified":"2025-06-29T10:08:21","modified_gmt":"2025-06-29T08:08:21","slug":"felszegi-antal","status":"publish","type":"product","link":"https:\/\/uj.adatbank.ro\/lexikon\/termek\/felszegi-antal\/","title":{"rendered":"FELSZEGI Antal"},"content":{"rendered":"<p>? \u2020\u00a01936.: f\u0151hadnagy. \u2013 Az I. vh.-ban 62. gy. e. -beli f\u0151hadnagy. Az orosz, olasz, rom\u00e1n harct\u00e9ren szerzett betegs\u00e9g\u00e9ben halt meg. <br \/><strong>Irod.:<\/strong> M. hadviselt zsid\u00f3k<\/br><\/p>\n","protected":false},"excerpt":{"rendered":"<p>? \u2020\u00a01936.: f\u0151hadnagy. \u2013 Az I. vh.-ban 62. gy. e. -beli f\u0151hadnagy. Az orosz, olasz, rom\u00e1n harct\u00e9ren szerzett betegs\u00e9g\u00e9ben halt meg. Irod.: M. hadviselt zsid\u00f3k<\/p>\n","protected":false},"featured_media":0,"comment_status":"open","ping_status":"closed","template":"","meta":[],"product_brand":[],"product_cat":[137],"product_tag":[],"class_list":{"0":"post-7925","1":"product","2":"type-product","3":"status-publish","5":"product_cat-maros-megyei-eletrajzi-lexikon","7":"first","8":"instock","9":"shipping-taxable","10":"product-type-simple"},"_links":{"self":[{"href":"https:\/\/uj.adatbank.ro\/lexikon\/wp-json\/wp\/v2\/product\/7925","targetHints":{"allow":["GET"]}}],"collection":[{"href":"https:\/\/uj.adatbank.ro\/lexikon\/wp-json\/wp\/v2\/product"}],"about":[{"href":"https:\/\/uj.adatbank.ro\/lexikon\/wp-json\/wp\/v2\/types\/product"}],"replies":[{"embeddable":true,"href":"https:\/\/uj.adatbank.ro\/lexikon\/wp-json\/wp\/v2\/comments?post=7925"}],"wp:attachment":[{"href":"https:\/\/uj.adatbank.ro\/lexikon\/wp-json\/wp\/v2\/media?parent=7925"}],"wp:term":[{"taxonomy":"product_brand","embeddable":true,"href":"https:\/\/uj.adatbank.ro\/lexikon\/wp-json\/wp\/v2\/product_brand?post=7925"},{"taxonomy":"product_cat","embeddable":true,"href":"https:\/\/uj.adatbank.ro\/lexikon\/wp-json\/wp\/v2\/product_cat?post=7925"},{"taxonomy":"product_tag","embeddable":true,"href":"https:\/\/uj.adatbank.ro\/lexikon\/wp-json\/wp\/v2\/product_tag?post=7925"}],"curies":[{"name":"wp","href":"https:\/\/api.w.org\/{rel}","templated":true}]}}