{"id":7927,"date":"2025-06-29T10:08:24","date_gmt":"2025-06-29T08:08:24","guid":{"rendered":"https:\/\/uj.adatbank.ro\/lexikon\/termek\/feltan-nicolae\/"},"modified":"2025-06-29T10:08:24","modified_gmt":"2025-06-29T08:08:24","slug":"feltan-nicolae","status":"publish","type":"product","link":"https:\/\/uj.adatbank.ro\/lexikon\/termek\/feltan-nicolae\/","title":{"rendered":"FEL\u0162AN Nicolae"},"content":{"rendered":"<p>? \u2020 ? : eln\u00f6k. \u2013 A Rom\u00e1niai Rom\u00e1k Sz\u00f6vets\u00e9ge Nagyk\u00fck\u00fcll\u0151 megyei roma szervezet\u00e9nek szervez\u0151 eln\u00f6ke. Segesv\u00e1ron v\u00e1lasztott\u00e1k meg a megyei szervezet vezet\u0151s\u00e9g\u00e9t (1934. szept. 19.). <br \/><strong>Irod.:<\/strong> \u0162iganii din Rom.<\/br><\/p>\n","protected":false},"excerpt":{"rendered":"<p>? \u2020 ? : eln\u00f6k. \u2013 A Rom\u00e1niai Rom\u00e1k Sz\u00f6vets\u00e9ge Nagyk\u00fck\u00fcll\u0151 megyei roma szervezet\u00e9nek szervez\u0151 eln\u00f6ke. Segesv\u00e1ron v\u00e1lasztott\u00e1k meg a megyei szervezet vezet\u0151s\u00e9g\u00e9t (1934. szept. 19.). Irod.: \u0162iganii din Rom.<\/p>\n","protected":false},"featured_media":0,"comment_status":"open","ping_status":"closed","template":"","meta":[],"product_brand":[],"product_cat":[137],"product_tag":[],"class_list":{"0":"post-7927","1":"product","2":"type-product","3":"status-publish","5":"product_cat-maros-megyei-eletrajzi-lexikon","7":"first","8":"instock","9":"shipping-taxable","10":"product-type-simple"},"_links":{"self":[{"href":"https:\/\/uj.adatbank.ro\/lexikon\/wp-json\/wp\/v2\/product\/7927","targetHints":{"allow":["GET"]}}],"collection":[{"href":"https:\/\/uj.adatbank.ro\/lexikon\/wp-json\/wp\/v2\/product"}],"about":[{"href":"https:\/\/uj.adatbank.ro\/lexikon\/wp-json\/wp\/v2\/types\/product"}],"replies":[{"embeddable":true,"href":"https:\/\/uj.adatbank.ro\/lexikon\/wp-json\/wp\/v2\/comments?post=7927"}],"wp:attachment":[{"href":"https:\/\/uj.adatbank.ro\/lexikon\/wp-json\/wp\/v2\/media?parent=7927"}],"wp:term":[{"taxonomy":"product_brand","embeddable":true,"href":"https:\/\/uj.adatbank.ro\/lexikon\/wp-json\/wp\/v2\/product_brand?post=7927"},{"taxonomy":"product_cat","embeddable":true,"href":"https:\/\/uj.adatbank.ro\/lexikon\/wp-json\/wp\/v2\/product_cat?post=7927"},{"taxonomy":"product_tag","embeddable":true,"href":"https:\/\/uj.adatbank.ro\/lexikon\/wp-json\/wp\/v2\/product_tag?post=7927"}],"curies":[{"name":"wp","href":"https:\/\/api.w.org\/{rel}","templated":true}]}}