{"id":7928,"date":"2025-06-29T10:08:28","date_gmt":"2025-06-29T08:08:28","guid":{"rendered":"https:\/\/uj.adatbank.ro\/lexikon\/termek\/felvinczi-erno-br\/"},"modified":"2025-06-29T10:08:28","modified_gmt":"2025-06-29T08:08:28","slug":"felvinczi-erno-br","status":"publish","type":"product","link":"https:\/\/uj.adatbank.ro\/lexikon\/termek\/felvinczi-erno-br\/","title":{"rendered":"FELVINCZI Ern\u0151, br."},"content":{"rendered":"<p>? \u2020 ?: f\u00f6ldbirtokos. \u2013 Palotailv\u00e1n a f\u00f6ldbirtokainak \u00e9s erd\u0151inek 30 %-t az agr\u00e1rreform alkalm\u00e1val kiosztott\u00e1k a falu nincstelenjei k\u00f6z\u00f6tt (1945). <br \/><strong>Irod.:<\/strong> Lunca Bradului<\/br><\/p>\n","protected":false},"excerpt":{"rendered":"<p>? \u2020 ?: f\u00f6ldbirtokos. \u2013 Palotailv\u00e1n a f\u00f6ldbirtokainak \u00e9s erd\u0151inek 30 %-t az agr\u00e1rreform alkalm\u00e1val kiosztott\u00e1k a falu nincstelenjei k\u00f6z\u00f6tt (1945). Irod.: Lunca Bradului<\/p>\n","protected":false},"featured_media":0,"comment_status":"open","ping_status":"closed","template":"","meta":[],"product_brand":[],"product_cat":[137],"product_tag":[],"class_list":{"0":"post-7928","1":"product","2":"type-product","3":"status-publish","5":"product_cat-maros-megyei-eletrajzi-lexikon","7":"first","8":"instock","9":"shipping-taxable","10":"product-type-simple"},"_links":{"self":[{"href":"https:\/\/uj.adatbank.ro\/lexikon\/wp-json\/wp\/v2\/product\/7928","targetHints":{"allow":["GET"]}}],"collection":[{"href":"https:\/\/uj.adatbank.ro\/lexikon\/wp-json\/wp\/v2\/product"}],"about":[{"href":"https:\/\/uj.adatbank.ro\/lexikon\/wp-json\/wp\/v2\/types\/product"}],"replies":[{"embeddable":true,"href":"https:\/\/uj.adatbank.ro\/lexikon\/wp-json\/wp\/v2\/comments?post=7928"}],"wp:attachment":[{"href":"https:\/\/uj.adatbank.ro\/lexikon\/wp-json\/wp\/v2\/media?parent=7928"}],"wp:term":[{"taxonomy":"product_brand","embeddable":true,"href":"https:\/\/uj.adatbank.ro\/lexikon\/wp-json\/wp\/v2\/product_brand?post=7928"},{"taxonomy":"product_cat","embeddable":true,"href":"https:\/\/uj.adatbank.ro\/lexikon\/wp-json\/wp\/v2\/product_cat?post=7928"},{"taxonomy":"product_tag","embeddable":true,"href":"https:\/\/uj.adatbank.ro\/lexikon\/wp-json\/wp\/v2\/product_tag?post=7928"}],"curies":[{"name":"wp","href":"https:\/\/api.w.org\/{rel}","templated":true}]}}