{"id":7929,"date":"2025-06-29T10:08:30","date_gmt":"2025-06-29T08:08:30","guid":{"rendered":"https:\/\/uj.adatbank.ro\/lexikon\/termek\/fenes-romulus-%c2%a7\/"},"modified":"2025-06-29T10:08:30","modified_gmt":"2025-06-29T08:08:30","slug":"fenes-romulus-%c2%a7","status":"publish","type":"product","link":"https:\/\/uj.adatbank.ro\/lexikon\/termek\/fenes-romulus-%c2%a7\/","title":{"rendered":"FENE\u015e Romulus, \u00a7"},"content":{"rendered":"<p>Nagyv\u00e1rad, 1937. j\u00fal. 8., \u2020 Mv., 2007. aug. 17.: fest\u0151m\u0171v\u00e9sz, diszlettervez\u0151. \u2013 A buk.-i N. Grigorescu Sz\u00e9pm\u0171v\u00e9szeti F\u0151iskola d\u00edszletfest\u00e9s szak\u00e1n v\u00e9gzett (1964). A nagyv\u00e1radi \u00c1llami Sz\u00ednh\u00e1z d\u00edszlettervez\u0151je (1964\u2013), ahol Shakespeare Windsori v\u00edg n\u0151k c. el\u0151ad\u00e1s d\u00edszlet\u00e9vel deb\u00fct\u00e1lt. A mv.-i \u00c1llami Sz\u00ednh\u00e1zhoz szerz\u0151d\u00f6tt mint d\u00edszlettervez\u0151 (1965). Tagja a Kultur\u00e1lis \u00e9s M\u0171v\u00e9szeti Bizotts\u00e1gnak (1967\u201368). A mv-i Nemzeti Sz\u00ednh\u00e1z igazgat\u00f3ja (1984\u201385). T\u00f6bb mint 80 sz\u00edndarab d\u00edszlet\u00e9t tervezte, Mv.-en, az orsz\u00e1gban \u00e9s k\u00fclf\u00f6ld\u00f6n. Mv.-en 27 \u00e9vig olyan rendez\u0151kkel dolgozott mint Radu Penciulescu, Harag Gy\u00f6rgy, Catalina Buzoianu, Dan Micu, Dan Alexandrescu. K\u00e9sz\u00edtett jelmezterveket, grafik\u00e1kat is. R\u00e9szt vett hazai \u00e9s k\u00fclf\u00f6ldi d\u00edszlet- ki\u00e1ll\u00edt\u00e1sokon: Buk., Pr\u00e1ga, Orlando, Florida, Temesv\u00e1r, Nagyv\u00e1rad, Mv., Liubiana. A K\u00e9pz\u0151m\u0171v\u00e9szeti Sz\u00f6vets\u00e9g Marosmegyei eln\u00f6ke. <strong>Kit\u00fcntet\u00e9sei:<\/strong> a brass\u00f3ii Kort\u00e1rs Sz\u00ednh\u00e1zi Fesztiv\u00e1l d\u00edja; UNITER d\u00edj diszlet\u00e9rt \u00e9s eg\u00e9sz \u00e9letm\u0171v\u00e9\u00e9rt (1995, 2003), a K\u00e9pz\u0151m\u0171v\u00e9sz Sz\u00f6vets\u00e9g d\u00edja. \u2013 <strong>F. m.:<\/strong> <strong>t\u00e1rssz.:<\/strong> Teatrul rom\u00e2nesc din Tg. Mure\u015f 1962\u20132002 (Zeno Fodorral, TgM, 2002); Bandi Kati (Mv., 2005); F. d.: Reginald Rose: 12 d\u00fch\u00f6s ember (1967); H. de Balzac: Fegyverbar\u00e1tok (1968); Jan de Hartog: Szerelmi h\u00e1zass\u00e1g (1968. dec. 26.); J\u00e1vorfa muzsika: N\u00e9pballada m\u0171sor (1969); Kiri\u0163escu: Dar\u00e1zsf\u00e9szek (1970); O. Wilde: Lady Windermere legyez\u0151je (1970); Szab\u00f3 Lajos: Ments\u00e9g (K\u00f6l\u00f6nte Zsolttal, 1971); Tenessee Williams: Az iguana \u00e9jszak\u00e1ja (1972); M. Bulgakov: K\u00e9pmutat\u00f3k cselsz\u00f6v\u00e9se (1973); Mad\u00e1ch: Az ember trag\u00e9di\u00e1ka (1975); Berthold Brecht: \u00c1ll\u00edts\u00e1tok meg Arturo Uit (1976); D. R. Popescu: K\u00e9t \u00f3ra b\u00e9ke (1977); S\u00fct\u0151 Andr\u00e1s: Csillag a m\u00e1gly\u00e1n (1982); Csehov: Csereszny\u00e9skert; Dors Tankred: Merlin (a buk.-i Bulandra Sz\u00ednh\u00e1zban). <br \/><strong>Irod.:<\/strong> B\u0103ciu\u0163, Nicolae: R. F.: \u201eTeatrele nu sunt locuri de munc\u0103, ci de crea\u0163ie\u201d (C. L., 1. Aug. 1999); Fodor Zeno; Id\u0151t\u00e1r 4.; K\u00f6t\u0151; Sz\u00e9pr\u00e9ti Lilla: Munkah\u00e1za ihlet\u0151 gondoskod\u00e1s (\u00daj \u00c9let, 12. sz., 1987); Todea 2013; T. Z. M. [Tompa Z. Mih\u00e1ly]: Erdedm\u00e9nyek, tervek. Besz\u00e9lget\u00e9s R. F. -sel (V. Z., 1981. dec. 19.); t. [Tompa Z. Mih\u00e1ly]: A tervekr\u0151l besz\u00e9lget\u00fcnk (V. Z., 1985. febr. 23.); Todea 2013, Tompa Z. Mih\u00e1ly: Harcos, forradalmi m\u0171v\u00e9szet (V. Z., 1987. dec. 26.)<\/br><\/p>\n","protected":false},"excerpt":{"rendered":"<p>Nagyv\u00e1rad, 1937. j\u00fal. 8., \u2020 Mv., 2007. aug. 17.: fest\u0151m\u0171v\u00e9sz, diszlettervez\u0151. \u2013 A buk.-i N. Grigorescu Sz\u00e9pm\u0171v\u00e9szeti F\u0151iskola d\u00edszletfest\u00e9s szak\u00e1n v\u00e9gzett (1964). A nagyv\u00e1radi \u00c1llami Sz\u00ednh\u00e1z d\u00edszlettervez\u0151je (1964\u2013), ahol Shakespeare Windsori v\u00edg n\u0151k c. el\u0151ad\u00e1s d\u00edszlet\u00e9vel deb\u00fct\u00e1lt. A mv.-i \u00c1llami Sz\u00ednh\u00e1zhoz szerz\u0151d\u00f6tt mint d\u00edszlettervez\u0151 (1965). Tagja a Kultur\u00e1lis \u00e9s M\u0171v\u00e9szeti Bizotts\u00e1gnak (1967\u201368). A mv-i Nemzeti [&hellip;]<\/p>\n","protected":false},"featured_media":0,"comment_status":"open","ping_status":"closed","template":"","meta":[],"product_brand":[],"product_cat":[137],"product_tag":[],"class_list":{"0":"post-7929","1":"product","2":"type-product","3":"status-publish","5":"product_cat-maros-megyei-eletrajzi-lexikon","7":"first","8":"instock","9":"shipping-taxable","10":"product-type-simple"},"_links":{"self":[{"href":"https:\/\/uj.adatbank.ro\/lexikon\/wp-json\/wp\/v2\/product\/7929","targetHints":{"allow":["GET"]}}],"collection":[{"href":"https:\/\/uj.adatbank.ro\/lexikon\/wp-json\/wp\/v2\/product"}],"about":[{"href":"https:\/\/uj.adatbank.ro\/lexikon\/wp-json\/wp\/v2\/types\/product"}],"replies":[{"embeddable":true,"href":"https:\/\/uj.adatbank.ro\/lexikon\/wp-json\/wp\/v2\/comments?post=7929"}],"wp:attachment":[{"href":"https:\/\/uj.adatbank.ro\/lexikon\/wp-json\/wp\/v2\/media?parent=7929"}],"wp:term":[{"taxonomy":"product_brand","embeddable":true,"href":"https:\/\/uj.adatbank.ro\/lexikon\/wp-json\/wp\/v2\/product_brand?post=7929"},{"taxonomy":"product_cat","embeddable":true,"href":"https:\/\/uj.adatbank.ro\/lexikon\/wp-json\/wp\/v2\/product_cat?post=7929"},{"taxonomy":"product_tag","embeddable":true,"href":"https:\/\/uj.adatbank.ro\/lexikon\/wp-json\/wp\/v2\/product_tag?post=7929"}],"curies":[{"name":"wp","href":"https:\/\/api.w.org\/{rel}","templated":true}]}}