{"id":7934,"date":"2025-06-29T10:08:47","date_gmt":"2025-06-29T08:08:47","guid":{"rendered":"https:\/\/uj.adatbank.ro\/lexikon\/termek\/fenyvessy-gyula\/"},"modified":"2025-06-29T10:08:47","modified_gmt":"2025-06-29T08:08:47","slug":"fenyvessy-gyula","status":"publish","type":"product","link":"https:\/\/uj.adatbank.ro\/lexikon\/termek\/fenyvessy-gyula\/","title":{"rendered":"FENYVESSY Gyula"},"content":{"rendered":"<p>? \u2020\u00a0? : sz\u00edn\u00e9sz. \u2013 A Mv.-i Sz\u00e9kely Sz\u00ednh\u00e1zban j\u00e1tszott (1946\u2013). \u2013 F. sz : Els\u0151 rend\u0151r (Moln\u00e1r Ferenc: Doktor \u00far); Tuzok, v\u00e1rosi dobos (Szirmai A.: M\u00e9zeskal\u00e1cs); Mencsikov (Leh\u00e1r F. : Luxemburg gr\u00f3fja); Sim\u00e1k, pedellus (Farkas Imre: Igl\u00f3i di\u00e1kok); Kiss, jegyz\u0151 (K\u00e1lm\u00e1n I.: Cs\u00e1rd\u00e1skir\u00e1lyn\u0151); Leon \u00far (V. Eftimiu: Rokonunk a csavarg\u00f3). <br \/><strong>Irod.:<\/strong> Horv\u00e1th Bea<\/br><\/p>\n","protected":false},"excerpt":{"rendered":"<p>? \u2020\u00a0? : sz\u00edn\u00e9sz. \u2013 A Mv.-i Sz\u00e9kely Sz\u00ednh\u00e1zban j\u00e1tszott (1946\u2013). \u2013 F. sz : Els\u0151 rend\u0151r (Moln\u00e1r Ferenc: Doktor \u00far); Tuzok, v\u00e1rosi dobos (Szirmai A.: M\u00e9zeskal\u00e1cs); Mencsikov (Leh\u00e1r F. : Luxemburg gr\u00f3fja); Sim\u00e1k, pedellus (Farkas Imre: Igl\u00f3i di\u00e1kok); Kiss, jegyz\u0151 (K\u00e1lm\u00e1n I.: Cs\u00e1rd\u00e1skir\u00e1lyn\u0151); Leon \u00far (V. Eftimiu: Rokonunk a csavarg\u00f3). Irod.: Horv\u00e1th Bea<\/p>\n","protected":false},"featured_media":0,"comment_status":"open","ping_status":"closed","template":"","meta":[],"product_brand":[],"product_cat":[137],"product_tag":[],"class_list":{"0":"post-7934","1":"product","2":"type-product","3":"status-publish","5":"product_cat-maros-megyei-eletrajzi-lexikon","7":"first","8":"instock","9":"shipping-taxable","10":"product-type-simple"},"_links":{"self":[{"href":"https:\/\/uj.adatbank.ro\/lexikon\/wp-json\/wp\/v2\/product\/7934","targetHints":{"allow":["GET"]}}],"collection":[{"href":"https:\/\/uj.adatbank.ro\/lexikon\/wp-json\/wp\/v2\/product"}],"about":[{"href":"https:\/\/uj.adatbank.ro\/lexikon\/wp-json\/wp\/v2\/types\/product"}],"replies":[{"embeddable":true,"href":"https:\/\/uj.adatbank.ro\/lexikon\/wp-json\/wp\/v2\/comments?post=7934"}],"wp:attachment":[{"href":"https:\/\/uj.adatbank.ro\/lexikon\/wp-json\/wp\/v2\/media?parent=7934"}],"wp:term":[{"taxonomy":"product_brand","embeddable":true,"href":"https:\/\/uj.adatbank.ro\/lexikon\/wp-json\/wp\/v2\/product_brand?post=7934"},{"taxonomy":"product_cat","embeddable":true,"href":"https:\/\/uj.adatbank.ro\/lexikon\/wp-json\/wp\/v2\/product_cat?post=7934"},{"taxonomy":"product_tag","embeddable":true,"href":"https:\/\/uj.adatbank.ro\/lexikon\/wp-json\/wp\/v2\/product_tag?post=7934"}],"curies":[{"name":"wp","href":"https:\/\/api.w.org\/{rel}","templated":true}]}}