{"id":7937,"date":"2025-06-29T10:08:53","date_gmt":"2025-06-29T08:08:53","guid":{"rendered":"https:\/\/uj.adatbank.ro\/lexikon\/termek\/ferenc-jozsef-i\/"},"modified":"2025-06-29T10:08:53","modified_gmt":"2025-06-29T08:08:53","slug":"ferenc-jozsef-i","status":"publish","type":"product","link":"https:\/\/uj.adatbank.ro\/lexikon\/termek\/ferenc-jozsef-i\/","title":{"rendered":"FERENC J\u00f3zsef I."},"content":{"rendered":"<p>B\u00e9cs, 1830. aug. 18., \u2020 B\u00e9cs, 1916. nov. 21.: oszt\u00e1k cs\u00e1sz\u00e1r \u00e9s cseh kir\u00e1ly (1848\u20131916), Ausztria-Magyaro. cs\u00e1sz\u00e1ra \u00e9s kir\u00e1lya (1867\u20131918). \u2013 Amikor az uralkod\u00f3 Mv.-en j\u00e1rt (1852. j\u00fal. 31), a koll. -ot is megl\u00e1togatta, ahol Bolyai Farkas Sz\u00edv hangokkal c. vers\u00e9vel \u00fcdv\u00f6z\u00f6lte, amib\u0151l n\u00e9met, latin, m. nyelv\u0171 d\u00edszk\u00f6tet is k\u00e9sz\u00fclt aj\u00e1nd\u00e9kba. Megkoron\u00e1z\u00e1s\u00e1nak 40. \u00e9vfordul\u00f3ja alkalm\u00e1b\u00f3l egy t\u00f6rv\u00e9nyjavaslat lehet\u0151v\u00e9 tette, hogy a koron\u00e1z\u00e1s eml\u00e9k\u00e9re l\u00e9trej\u00f6tt m\u0171vek miniszt\u00e9riumi finansz\u00edroz\u00e1sban r\u00e9szes\u00fcljenek. Ekkor Bern\u00e1dy Gy\u00f6rgy az \u00e9p\u00fcl\u0151 k\u00f6zm\u0171vel\u0151d\u00e9si h\u00e1z (1907) el\u0151csarnok\u00e1ba, a koncertterem f\u0151bej\u00e1rata f\u00f6l\u00e9 a koron\u00e1z\u00e1st meg\u00f6r\u00f6k\u00edt\u0151 bronzreliefet terveztetett, el is k\u00e9sz\u00fclt (1912) K\u00f6r\u00f6sf\u0151i-Kriesch Alad\u00e1r terve nyom\u00e1n, a Sidl\u00f3 Ferenc \u00e1ltal mint\u00e1zott domborm\u0171, a zom\u00e1ncd\u00edsz\u00edt\u00e9s\u00e9t Hibj\u00e1n Samu, az aranyoz\u00e1st Vandr\u00e1k L\u00e1szl\u00f3 k\u00e9sz\u00edtette. Kezdetben a palota is ez\u00e9rt viselte a Ferenc J\u00f3zsef nevet. K\u00e9s\u0151bb (1920-as \u00e9vekben) a domborm\u0171vet elt\u00e1vol\u00edtott\u00e1k, \u00e9vtizedekig dugdost\u00e1k, majd 1989 ut\u00e1n lehet\u0151s\u00e9g ad\u00f3dott a restaur\u00e1l\u00e1s\u00e1ra (Pokorny Attila szobr\u00e1szrestaur\u00e1tor v\u00e9gezte el) \u00e9s \u00fajra vissza\u00e1ll\u00edtott\u00e1k a hely\u00e9re (2006. febr.). Eml\u00e9k\u00e9t Mv.-en utca \u00e9s a Ferenc J\u00f3zsef gyalogs\u00e1gi laktanya neve \u00f6rizte, ma Enescu (1995\u2013) <br \/><strong>Irod.:<\/strong> Bern\u00e1dy eml\u00e9kiratok; B\u00f3nis Johanna: A koron\u00e1z\u00e1si domborm\u0171 a Kult\u00farpalot\u00e1ban (N\u00fa., 2006. m\u00e1rc. 3.); Csepreghy A-H.; Ol\u00e1h-G\u00e1l 2013; Paget; Vigh<\/br><\/p>\n","protected":false},"excerpt":{"rendered":"<p>B\u00e9cs, 1830. aug. 18., \u2020 B\u00e9cs, 1916. nov. 21.: oszt\u00e1k cs\u00e1sz\u00e1r \u00e9s cseh kir\u00e1ly (1848\u20131916), Ausztria-Magyaro. cs\u00e1sz\u00e1ra \u00e9s kir\u00e1lya (1867\u20131918). \u2013 Amikor az uralkod\u00f3 Mv.-en j\u00e1rt (1852. j\u00fal. 31), a koll. -ot is megl\u00e1togatta, ahol Bolyai Farkas Sz\u00edv hangokkal c. vers\u00e9vel \u00fcdv\u00f6z\u00f6lte, amib\u0151l n\u00e9met, latin, m. nyelv\u0171 d\u00edszk\u00f6tet is k\u00e9sz\u00fclt aj\u00e1nd\u00e9kba. Megkoron\u00e1z\u00e1s\u00e1nak 40. \u00e9vfordul\u00f3ja alkalm\u00e1b\u00f3l [&hellip;]<\/p>\n","protected":false},"featured_media":0,"comment_status":"open","ping_status":"closed","template":"","meta":[],"product_brand":[],"product_cat":[137],"product_tag":[],"class_list":{"0":"post-7937","1":"product","2":"type-product","3":"status-publish","5":"product_cat-maros-megyei-eletrajzi-lexikon","7":"first","8":"instock","9":"shipping-taxable","10":"product-type-simple"},"_links":{"self":[{"href":"https:\/\/uj.adatbank.ro\/lexikon\/wp-json\/wp\/v2\/product\/7937","targetHints":{"allow":["GET"]}}],"collection":[{"href":"https:\/\/uj.adatbank.ro\/lexikon\/wp-json\/wp\/v2\/product"}],"about":[{"href":"https:\/\/uj.adatbank.ro\/lexikon\/wp-json\/wp\/v2\/types\/product"}],"replies":[{"embeddable":true,"href":"https:\/\/uj.adatbank.ro\/lexikon\/wp-json\/wp\/v2\/comments?post=7937"}],"wp:attachment":[{"href":"https:\/\/uj.adatbank.ro\/lexikon\/wp-json\/wp\/v2\/media?parent=7937"}],"wp:term":[{"taxonomy":"product_brand","embeddable":true,"href":"https:\/\/uj.adatbank.ro\/lexikon\/wp-json\/wp\/v2\/product_brand?post=7937"},{"taxonomy":"product_cat","embeddable":true,"href":"https:\/\/uj.adatbank.ro\/lexikon\/wp-json\/wp\/v2\/product_cat?post=7937"},{"taxonomy":"product_tag","embeddable":true,"href":"https:\/\/uj.adatbank.ro\/lexikon\/wp-json\/wp\/v2\/product_tag?post=7937"}],"curies":[{"name":"wp","href":"https:\/\/api.w.org\/{rel}","templated":true}]}}