{"id":7945,"date":"2025-06-29T10:09:07","date_gmt":"2025-06-29T08:09:07","guid":{"rendered":"https:\/\/uj.adatbank.ro\/lexikon\/termek\/ferencz-dezso\/"},"modified":"2025-06-29T10:09:07","modified_gmt":"2025-06-29T08:09:07","slug":"ferencz-dezso","status":"publish","type":"product","link":"https:\/\/uj.adatbank.ro\/lexikon\/termek\/ferencz-dezso\/","title":{"rendered":"FERENCZ Dezs\u0151"},"content":{"rendered":"<p>? \u2020 ? : igazgat\u00f3. \u2013R\u00e9szt vett az I. vh.-ban. Leszerel\u00e9se ut\u00e1n sz\u00f6vetkezeti ellen\u0151r volt Erd\u00e9lyben. A Hangya Sz\u00f6vetkezet vezet\u0151 igazgat\u00f3ja Mv.-en. (1942\u201343). <br \/><strong>Irod.:<\/strong> Visnai<\/br><\/p>\n","protected":false},"excerpt":{"rendered":"<p>? \u2020 ? : igazgat\u00f3. \u2013R\u00e9szt vett az I. vh.-ban. Leszerel\u00e9se ut\u00e1n sz\u00f6vetkezeti ellen\u0151r volt Erd\u00e9lyben. A Hangya Sz\u00f6vetkezet vezet\u0151 igazgat\u00f3ja Mv.-en. (1942\u201343). Irod.: Visnai<\/p>\n","protected":false},"featured_media":0,"comment_status":"open","ping_status":"closed","template":"","meta":[],"product_brand":[],"product_cat":[137],"product_tag":[],"class_list":{"0":"post-7945","1":"product","2":"type-product","3":"status-publish","5":"product_cat-maros-megyei-eletrajzi-lexikon","7":"first","8":"instock","9":"shipping-taxable","10":"product-type-simple"},"_links":{"self":[{"href":"https:\/\/uj.adatbank.ro\/lexikon\/wp-json\/wp\/v2\/product\/7945","targetHints":{"allow":["GET"]}}],"collection":[{"href":"https:\/\/uj.adatbank.ro\/lexikon\/wp-json\/wp\/v2\/product"}],"about":[{"href":"https:\/\/uj.adatbank.ro\/lexikon\/wp-json\/wp\/v2\/types\/product"}],"replies":[{"embeddable":true,"href":"https:\/\/uj.adatbank.ro\/lexikon\/wp-json\/wp\/v2\/comments?post=7945"}],"wp:attachment":[{"href":"https:\/\/uj.adatbank.ro\/lexikon\/wp-json\/wp\/v2\/media?parent=7945"}],"wp:term":[{"taxonomy":"product_brand","embeddable":true,"href":"https:\/\/uj.adatbank.ro\/lexikon\/wp-json\/wp\/v2\/product_brand?post=7945"},{"taxonomy":"product_cat","embeddable":true,"href":"https:\/\/uj.adatbank.ro\/lexikon\/wp-json\/wp\/v2\/product_cat?post=7945"},{"taxonomy":"product_tag","embeddable":true,"href":"https:\/\/uj.adatbank.ro\/lexikon\/wp-json\/wp\/v2\/product_tag?post=7945"}],"curies":[{"name":"wp","href":"https:\/\/api.w.org\/{rel}","templated":true}]}}