{"id":7948,"date":"2025-06-29T10:09:14","date_gmt":"2025-06-29T08:09:14","guid":{"rendered":"https:\/\/uj.adatbank.ro\/lexikon\/termek\/ferencz-istvan-mihaly\/"},"modified":"2025-06-29T10:09:14","modified_gmt":"2025-06-29T08:09:14","slug":"ferencz-istvan-mihaly","status":"publish","type":"product","link":"https:\/\/uj.adatbank.ro\/lexikon\/termek\/ferencz-istvan-mihaly\/","title":{"rendered":"FERENCZ Istv\u00e1n-Mih\u00e1ly"},"content":{"rendered":"<p>Ozsdola, 1902. nov. 17., \u2020 Sepsik\u0151r\u00f6spatak, 1961. febr. 16.: r. k. pap. \u2013 K\u00e9zdiv\u00e1s\u00e1rhelyen \u00e9s Gyulafeh\u00e9rv\u00e1ron tanult. Papp\u00e1 szentelt\u00e9k Gyulafeh\u00e9rv\u00e1ron (1927. j\u00fan. 11.). K\u00e1pl\u00e1n Sz\u00e1rhegyen (1927), Cs\u00edkszentsimon- Csat\u00f3szegen (1928), Mv.-en (1929\u201331). Pl\u00e9b\u00e1nos G\u00f6rg\u00e9nyszentimr\u00e9n (1931\u201334), Mikl\u00f3sv\u00e1ron, Sepsik\u00f6\u0151r\u00f6spatakon.). <br \/><strong>Irod.:<\/strong> Ferenczi S\u00e1ndor 2009<\/br><\/p>\n","protected":false},"excerpt":{"rendered":"<p>Ozsdola, 1902. nov. 17., \u2020 Sepsik\u0151r\u00f6spatak, 1961. febr. 16.: r. k. pap. \u2013 K\u00e9zdiv\u00e1s\u00e1rhelyen \u00e9s Gyulafeh\u00e9rv\u00e1ron tanult. Papp\u00e1 szentelt\u00e9k Gyulafeh\u00e9rv\u00e1ron (1927. j\u00fan. 11.). K\u00e1pl\u00e1n Sz\u00e1rhegyen (1927), Cs\u00edkszentsimon- Csat\u00f3szegen (1928), Mv.-en (1929\u201331). Pl\u00e9b\u00e1nos G\u00f6rg\u00e9nyszentimr\u00e9n (1931\u201334), Mikl\u00f3sv\u00e1ron, Sepsik\u00f6\u0151r\u00f6spatakon.). Irod.: Ferenczi S\u00e1ndor 2009<\/p>\n","protected":false},"featured_media":0,"comment_status":"open","ping_status":"closed","template":"","meta":[],"product_brand":[],"product_cat":[137],"product_tag":[],"class_list":{"0":"post-7948","1":"product","2":"type-product","3":"status-publish","5":"product_cat-maros-megyei-eletrajzi-lexikon","7":"first","8":"instock","9":"shipping-taxable","10":"product-type-simple"},"_links":{"self":[{"href":"https:\/\/uj.adatbank.ro\/lexikon\/wp-json\/wp\/v2\/product\/7948","targetHints":{"allow":["GET"]}}],"collection":[{"href":"https:\/\/uj.adatbank.ro\/lexikon\/wp-json\/wp\/v2\/product"}],"about":[{"href":"https:\/\/uj.adatbank.ro\/lexikon\/wp-json\/wp\/v2\/types\/product"}],"replies":[{"embeddable":true,"href":"https:\/\/uj.adatbank.ro\/lexikon\/wp-json\/wp\/v2\/comments?post=7948"}],"wp:attachment":[{"href":"https:\/\/uj.adatbank.ro\/lexikon\/wp-json\/wp\/v2\/media?parent=7948"}],"wp:term":[{"taxonomy":"product_brand","embeddable":true,"href":"https:\/\/uj.adatbank.ro\/lexikon\/wp-json\/wp\/v2\/product_brand?post=7948"},{"taxonomy":"product_cat","embeddable":true,"href":"https:\/\/uj.adatbank.ro\/lexikon\/wp-json\/wp\/v2\/product_cat?post=7948"},{"taxonomy":"product_tag","embeddable":true,"href":"https:\/\/uj.adatbank.ro\/lexikon\/wp-json\/wp\/v2\/product_tag?post=7948"}],"curies":[{"name":"wp","href":"https:\/\/api.w.org\/{rel}","templated":true}]}}