{"id":7949,"date":"2025-06-29T10:09:15","date_gmt":"2025-06-29T08:09:15","guid":{"rendered":"https:\/\/uj.adatbank.ro\/lexikon\/termek\/ferencz-jozsef\/"},"modified":"2025-06-29T10:09:15","modified_gmt":"2025-06-29T08:09:15","slug":"ferencz-jozsef","status":"publish","type":"product","link":"https:\/\/uj.adatbank.ro\/lexikon\/termek\/ferencz-jozsef\/","title":{"rendered":"FERENCZ J\u00f3zsef"},"content":{"rendered":"<p>Sz\u00e1szv\u00e1ros, 1864. m\u00e1rc. 19., \u2020 Piskitelep, 1906. j\u00fal. 6.: r. k. pap. \u2013 Gimn.-i \u00e9s teol\u00f3giai tanulm\u00e1nyait Gyulafeh\u00e9rv\u00e1ron v\u00e9gezte. Papp\u00e1 szentelt\u00e9k (1891. j\u00fal. 15.). K\u00e1pl\u00e1n Sz\u00e1szr\u00e9genben (1891\u201393). Adminisztr\u00e1tor Gov\u00e1sdi\u00e1n, Kir\u00e1lyb\u00e1ny\u00e1n \u00e9s Als\u00f3j\u00e1r\u00e1n. <br \/><strong>Irod.:<\/strong> Ferenczi S\u00e1ndor 2009<\/br><\/p>\n","protected":false},"excerpt":{"rendered":"<p>Sz\u00e1szv\u00e1ros, 1864. m\u00e1rc. 19., \u2020 Piskitelep, 1906. j\u00fal. 6.: r. k. pap. \u2013 Gimn.-i \u00e9s teol\u00f3giai tanulm\u00e1nyait Gyulafeh\u00e9rv\u00e1ron v\u00e9gezte. Papp\u00e1 szentelt\u00e9k (1891. j\u00fal. 15.). K\u00e1pl\u00e1n Sz\u00e1szr\u00e9genben (1891\u201393). Adminisztr\u00e1tor Gov\u00e1sdi\u00e1n, Kir\u00e1lyb\u00e1ny\u00e1n \u00e9s Als\u00f3j\u00e1r\u00e1n. Irod.: Ferenczi S\u00e1ndor 2009<\/p>\n","protected":false},"featured_media":0,"comment_status":"open","ping_status":"closed","template":"","meta":[],"product_brand":[],"product_cat":[137],"product_tag":[],"class_list":{"0":"post-7949","1":"product","2":"type-product","3":"status-publish","5":"product_cat-maros-megyei-eletrajzi-lexikon","7":"first","8":"instock","9":"shipping-taxable","10":"product-type-simple"},"_links":{"self":[{"href":"https:\/\/uj.adatbank.ro\/lexikon\/wp-json\/wp\/v2\/product\/7949","targetHints":{"allow":["GET"]}}],"collection":[{"href":"https:\/\/uj.adatbank.ro\/lexikon\/wp-json\/wp\/v2\/product"}],"about":[{"href":"https:\/\/uj.adatbank.ro\/lexikon\/wp-json\/wp\/v2\/types\/product"}],"replies":[{"embeddable":true,"href":"https:\/\/uj.adatbank.ro\/lexikon\/wp-json\/wp\/v2\/comments?post=7949"}],"wp:attachment":[{"href":"https:\/\/uj.adatbank.ro\/lexikon\/wp-json\/wp\/v2\/media?parent=7949"}],"wp:term":[{"taxonomy":"product_brand","embeddable":true,"href":"https:\/\/uj.adatbank.ro\/lexikon\/wp-json\/wp\/v2\/product_brand?post=7949"},{"taxonomy":"product_cat","embeddable":true,"href":"https:\/\/uj.adatbank.ro\/lexikon\/wp-json\/wp\/v2\/product_cat?post=7949"},{"taxonomy":"product_tag","embeddable":true,"href":"https:\/\/uj.adatbank.ro\/lexikon\/wp-json\/wp\/v2\/product_tag?post=7949"}],"curies":[{"name":"wp","href":"https:\/\/api.w.org\/{rel}","templated":true}]}}