{"id":7954,"date":"2025-06-29T10:09:23","date_gmt":"2025-06-29T08:09:23","guid":{"rendered":"https:\/\/uj.adatbank.ro\/lexikon\/termek\/ferencz-karoly\/"},"modified":"2025-06-29T10:09:23","modified_gmt":"2025-06-29T08:09:23","slug":"ferencz-karoly","status":"publish","type":"product","link":"https:\/\/uj.adatbank.ro\/lexikon\/termek\/ferencz-karoly\/","title":{"rendered":"FERENCZ K\u00e1roly"},"content":{"rendered":"<p>? \u2020\u00a0?: k\u00e1ntortan\u00edt\u00f3. \u2013 Disznaj\u00f3n tan\u00edtott (1906\u201320). Itt sz\u00f6vetkezetet hozott l\u00e9tre. J\u00f3 kapcsolatban volt Fr\u00e1ter B\u00e9l\u00e1val, k\u00f6z\u00f6sen alap\u00edtott\u00e1k meg a falu els\u0151 gazdak\u00f6r\u00e9t, a tejsz\u00f6vetkezetet. A fogyaszt\u00e1si \u00e9s \u00e9rt\u00e9kes\u00edt\u00f4 sz\u00f6vetkezet j\u00f6vedelm\u00e9b\u00f4l n\u00e9ph\u00e1zat \u00e9p\u00edtettek 23. 000 koron\u00e1\u00e9rt (1912), ezzel a t\u00e9li \u00f6sszej\u00f6vetelekre is teret biztos\u00edtott. <br \/><strong>Irod.:<\/strong> Disznaj\u00f3<\/br><\/p>\n","protected":false},"excerpt":{"rendered":"<p>? \u2020\u00a0?: k\u00e1ntortan\u00edt\u00f3. \u2013 Disznaj\u00f3n tan\u00edtott (1906\u201320). Itt sz\u00f6vetkezetet hozott l\u00e9tre. J\u00f3 kapcsolatban volt Fr\u00e1ter B\u00e9l\u00e1val, k\u00f6z\u00f6sen alap\u00edtott\u00e1k meg a falu els\u0151 gazdak\u00f6r\u00e9t, a tejsz\u00f6vetkezetet. A fogyaszt\u00e1si \u00e9s \u00e9rt\u00e9kes\u00edt\u00f4 sz\u00f6vetkezet j\u00f6vedelm\u00e9b\u00f4l n\u00e9ph\u00e1zat \u00e9p\u00edtettek 23. 000 koron\u00e1\u00e9rt (1912), ezzel a t\u00e9li \u00f6sszej\u00f6vetelekre is teret biztos\u00edtott. Irod.: Disznaj\u00f3<\/p>\n","protected":false},"featured_media":0,"comment_status":"open","ping_status":"closed","template":"","meta":[],"product_brand":[],"product_cat":[137],"product_tag":[],"class_list":{"0":"post-7954","1":"product","2":"type-product","3":"status-publish","5":"product_cat-maros-megyei-eletrajzi-lexikon","7":"first","8":"instock","9":"shipping-taxable","10":"product-type-simple"},"_links":{"self":[{"href":"https:\/\/uj.adatbank.ro\/lexikon\/wp-json\/wp\/v2\/product\/7954","targetHints":{"allow":["GET"]}}],"collection":[{"href":"https:\/\/uj.adatbank.ro\/lexikon\/wp-json\/wp\/v2\/product"}],"about":[{"href":"https:\/\/uj.adatbank.ro\/lexikon\/wp-json\/wp\/v2\/types\/product"}],"replies":[{"embeddable":true,"href":"https:\/\/uj.adatbank.ro\/lexikon\/wp-json\/wp\/v2\/comments?post=7954"}],"wp:attachment":[{"href":"https:\/\/uj.adatbank.ro\/lexikon\/wp-json\/wp\/v2\/media?parent=7954"}],"wp:term":[{"taxonomy":"product_brand","embeddable":true,"href":"https:\/\/uj.adatbank.ro\/lexikon\/wp-json\/wp\/v2\/product_brand?post=7954"},{"taxonomy":"product_cat","embeddable":true,"href":"https:\/\/uj.adatbank.ro\/lexikon\/wp-json\/wp\/v2\/product_cat?post=7954"},{"taxonomy":"product_tag","embeddable":true,"href":"https:\/\/uj.adatbank.ro\/lexikon\/wp-json\/wp\/v2\/product_tag?post=7954"}],"curies":[{"name":"wp","href":"https:\/\/api.w.org\/{rel}","templated":true}]}}