{"id":7956,"date":"2025-06-29T10:09:27","date_gmt":"2025-06-29T08:09:27","guid":{"rendered":"https:\/\/uj.adatbank.ro\/lexikon\/termek\/ferencz-laszlo\/"},"modified":"2025-06-29T10:09:27","modified_gmt":"2025-06-29T08:09:27","slug":"ferencz-laszlo","status":"publish","type":"product","link":"https:\/\/uj.adatbank.ro\/lexikon\/termek\/ferencz-laszlo\/","title":{"rendered":"FERENCZ L\u00e1szl\u00f3"},"content":{"rendered":"<p>Facs\u00e1d, 1933. j\u00fan. 28. \u2020\u00a0?: orvos. \u2013 K\u00f6z\u00e9piskol\u00e1t Kv.-on a 2. sz. Magyar fi\u00falic.-ban, a MOGYE orvosi kar\u00e1n v\u00e9gzett. Munkahelyei Liszny\u00f3, Mik\u00f3\u00fajfalu, Mv. II. Belgy\u00f3gy\u00e1szati Klinika, Kardiovaszkul\u00e1ris Rehabilit\u00e1ci\u00f3s Klinika. MOGYE-en egyetemi tan\u00e1r, klinikavezet\u0151 belgy\u00f3gy\u00e1sz f\u0151orvos, az orvostudom\u00e1nyok doktora. <br \/><strong>Irod.:<\/strong> MOGYE<\/br><\/p>\n","protected":false},"excerpt":{"rendered":"<p>Facs\u00e1d, 1933. j\u00fan. 28. \u2020\u00a0?: orvos. \u2013 K\u00f6z\u00e9piskol\u00e1t Kv.-on a 2. sz. Magyar fi\u00falic.-ban, a MOGYE orvosi kar\u00e1n v\u00e9gzett. Munkahelyei Liszny\u00f3, Mik\u00f3\u00fajfalu, Mv. II. Belgy\u00f3gy\u00e1szati Klinika, Kardiovaszkul\u00e1ris Rehabilit\u00e1ci\u00f3s Klinika. MOGYE-en egyetemi tan\u00e1r, klinikavezet\u0151 belgy\u00f3gy\u00e1sz f\u0151orvos, az orvostudom\u00e1nyok doktora. Irod.: MOGYE<\/p>\n","protected":false},"featured_media":0,"comment_status":"open","ping_status":"closed","template":"","meta":[],"product_brand":[],"product_cat":[137],"product_tag":[],"class_list":{"0":"post-7956","1":"product","2":"type-product","3":"status-publish","5":"product_cat-maros-megyei-eletrajzi-lexikon","7":"first","8":"instock","9":"shipping-taxable","10":"product-type-simple"},"_links":{"self":[{"href":"https:\/\/uj.adatbank.ro\/lexikon\/wp-json\/wp\/v2\/product\/7956","targetHints":{"allow":["GET"]}}],"collection":[{"href":"https:\/\/uj.adatbank.ro\/lexikon\/wp-json\/wp\/v2\/product"}],"about":[{"href":"https:\/\/uj.adatbank.ro\/lexikon\/wp-json\/wp\/v2\/types\/product"}],"replies":[{"embeddable":true,"href":"https:\/\/uj.adatbank.ro\/lexikon\/wp-json\/wp\/v2\/comments?post=7956"}],"wp:attachment":[{"href":"https:\/\/uj.adatbank.ro\/lexikon\/wp-json\/wp\/v2\/media?parent=7956"}],"wp:term":[{"taxonomy":"product_brand","embeddable":true,"href":"https:\/\/uj.adatbank.ro\/lexikon\/wp-json\/wp\/v2\/product_brand?post=7956"},{"taxonomy":"product_cat","embeddable":true,"href":"https:\/\/uj.adatbank.ro\/lexikon\/wp-json\/wp\/v2\/product_cat?post=7956"},{"taxonomy":"product_tag","embeddable":true,"href":"https:\/\/uj.adatbank.ro\/lexikon\/wp-json\/wp\/v2\/product_tag?post=7956"}],"curies":[{"name":"wp","href":"https:\/\/api.w.org\/{rel}","templated":true}]}}