{"id":7960,"date":"2025-06-29T10:09:37","date_gmt":"2025-06-29T08:09:37","guid":{"rendered":"https:\/\/uj.adatbank.ro\/lexikon\/termek\/ferenczi-andras-medeseri-ferentzi-andras-ferenci-andras\/"},"modified":"2025-06-29T10:09:37","modified_gmt":"2025-06-29T08:09:37","slug":"ferenczi-andras-medeseri-ferentzi-andras-ferenci-andras","status":"publish","type":"product","link":"https:\/\/uj.adatbank.ro\/lexikon\/termek\/ferenczi-andras-medeseri-ferentzi-andras-ferenci-andras\/","title":{"rendered":"FERENCZI Andr\u00e1s, medes\u00e9ri, Ferentzi Andr\u00e1s, Ferenci Andr\u00e1s"},"content":{"rendered":"<p>Zetelaka, 1741. j\u00fan. 26., \u2020 Mv., 1795. aug. 19.: r. k. pap, jezsuita paptan\u00e1r. \u2013 Kv.-on a Jezsuita Gimn. \u00e9s Akad. -n tanult (1755\u201361), a trencs\u00e9nyi jezsuita gimn.-ban volt nov\u00edcius (1761\u2013) \u00e9s Grazban (1767\u201370) tanult. Mv.-en k\u00e1pl\u00e1n (1776\u201379), f\u0151esperes-pl\u00e9b\u00e1nos (1779\u2013), Szegedi Gy\u00f6rgy hal\u00e1la ut\u00e1n mv.-i esperes-pl\u00e9b\u00e1nos (1780\u201395), majd tb. kanonok lett \u00e9s egyben a r. k. tanoda tan\u00e1r\u00e1v\u00e1 \u00e9s praefectus\u00e1v\u00e1 nevezt\u00e9k ki. Exjezsuita paptan\u00e1r a r. k. tanoda \u00e9s nevel\u0151h\u00e1z prefektusa (1789). \u2013 <strong>F. m.:<\/strong> A mise \u00faj testamentomi \u00e1ldozat, melyet Marus-V\u00e1s\u00e1rhely nemes szabad kir. v\u00e1ross\u00e1ban \u00far napj\u00e1n \u00e9l\u0151 nyelvvel bizony\u00edtott (Szeben, 1780); Igazs\u00e1g \u00e9s kegyelmess\u00e9g: M\u00e1ria Ter\u00e9zia fels\u00e9ges \u00f6zvegy cs\u00e1sz\u00e1rn\u00e9nak. legf\u0151bb, \u00e9s tulajdonabb cz\u00edmeres erk\u00f6lcsei, melyet az \u00dar Istennek szent olt\u00e1rain h\u00e1rom napok alatt azon kir\u00e1lyi fejedelmi fels\u00e9g nagy lelk\u00e9nek \u00f6r\u00f6k boldogul\u00e1s\u00e1\u00e9rt szent \u00e1ldozatoknak buzg\u00f3 bemutat\u00e1sa ut\u00e1n halotti tisztelettel magasztalt (Szeben, 1781); A r\u00e9gi igaz, az az: A r\u00f3mai katolika hitnek az apostoli tudom\u00e1nyban vir\u00e1gz\u00f3 igazs\u00e1ga (Kv., 1785). <br \/><strong>Irod.:<\/strong> Ferenczi S\u00e1ndor 2009; Id\u0151t\u00e1r 1; Jezsuita \u00e9vk.; Kr\u00f3n F\u00fcz. (1939. 4\/9); Lesty\u00e1n F.: Mv. katolikus m\u00faltja = Mv. t\u00f6rt\u00e9net\u00e9b\u0151l; P\u00e1l-Antal 2013; Rugonfalvi Kiss; Szinnyei; Temesv\u00e1ry<\/br><\/p>\n","protected":false},"excerpt":{"rendered":"<p>Zetelaka, 1741. j\u00fan. 26., \u2020 Mv., 1795. aug. 19.: r. k. pap, jezsuita paptan\u00e1r. \u2013 Kv.-on a Jezsuita Gimn. \u00e9s Akad. -n tanult (1755\u201361), a trencs\u00e9nyi jezsuita gimn.-ban volt nov\u00edcius (1761\u2013) \u00e9s Grazban (1767\u201370) tanult. Mv.-en k\u00e1pl\u00e1n (1776\u201379), f\u0151esperes-pl\u00e9b\u00e1nos (1779\u2013), Szegedi Gy\u00f6rgy hal\u00e1la ut\u00e1n mv.-i esperes-pl\u00e9b\u00e1nos (1780\u201395), majd tb. kanonok lett \u00e9s egyben a r. [&hellip;]<\/p>\n","protected":false},"featured_media":0,"comment_status":"open","ping_status":"closed","template":"","meta":[],"product_brand":[],"product_cat":[137],"product_tag":[],"class_list":{"0":"post-7960","1":"product","2":"type-product","3":"status-publish","5":"product_cat-maros-megyei-eletrajzi-lexikon","7":"first","8":"instock","9":"shipping-taxable","10":"product-type-simple"},"_links":{"self":[{"href":"https:\/\/uj.adatbank.ro\/lexikon\/wp-json\/wp\/v2\/product\/7960","targetHints":{"allow":["GET"]}}],"collection":[{"href":"https:\/\/uj.adatbank.ro\/lexikon\/wp-json\/wp\/v2\/product"}],"about":[{"href":"https:\/\/uj.adatbank.ro\/lexikon\/wp-json\/wp\/v2\/types\/product"}],"replies":[{"embeddable":true,"href":"https:\/\/uj.adatbank.ro\/lexikon\/wp-json\/wp\/v2\/comments?post=7960"}],"wp:attachment":[{"href":"https:\/\/uj.adatbank.ro\/lexikon\/wp-json\/wp\/v2\/media?parent=7960"}],"wp:term":[{"taxonomy":"product_brand","embeddable":true,"href":"https:\/\/uj.adatbank.ro\/lexikon\/wp-json\/wp\/v2\/product_brand?post=7960"},{"taxonomy":"product_cat","embeddable":true,"href":"https:\/\/uj.adatbank.ro\/lexikon\/wp-json\/wp\/v2\/product_cat?post=7960"},{"taxonomy":"product_tag","embeddable":true,"href":"https:\/\/uj.adatbank.ro\/lexikon\/wp-json\/wp\/v2\/product_tag?post=7960"}],"curies":[{"name":"wp","href":"https:\/\/api.w.org\/{rel}","templated":true}]}}