{"id":7961,"date":"2025-06-29T10:09:40","date_gmt":"2025-06-29T08:09:40","guid":{"rendered":"https:\/\/uj.adatbank.ro\/lexikon\/termek\/ferenczi-bela-ferenczy-bela\/"},"modified":"2025-06-29T10:09:40","modified_gmt":"2025-06-29T08:09:40","slug":"ferenczi-bela-ferenczy-bela","status":"publish","type":"product","link":"https:\/\/uj.adatbank.ro\/lexikon\/termek\/ferenczi-bela-ferenczy-bela\/","title":{"rendered":"FERENCZI B\u00e9la, Ferenczy B\u00e9la"},"content":{"rendered":"<p>? \u2020\u00a0?: m\u0171\u00e9p\u00edt\u00e9sz, \u00e9p\u00edt\u0151mester. \u2013 Sz\u00e1szr\u00e9geni v\u00e1llalkoz\u00f3. A lib\u00e1nfalvi \u00faj ort. templom \u00e9p\u00edt\u00e9si terveit k\u00e9sz\u00edtette \u00e9s az \u00e1t\u00e9p\u00edt\u00e9st vezette (1896\u20131901). A ny\u00e1r\u00e1dk\u00f6szv\u00e9nyesi \u00faj templomot \u00e9p\u00edtette (befejez\u00e9s: 1901. okt.), valamint \u00faj papi lakot, \u00faj gabon\u00e1st. Az abaf\u00e1ji templom torny\u00e1t \u00e9p\u00edtette. <br \/><strong>Irod.:<\/strong> Abaf\u00e1ja, Dobozi; Maros-k\u00fck\u00fcll\u0151i f\u0151esp.<\/br><\/p>\n","protected":false},"excerpt":{"rendered":"<p>? \u2020\u00a0?: m\u0171\u00e9p\u00edt\u00e9sz, \u00e9p\u00edt\u0151mester. \u2013 Sz\u00e1szr\u00e9geni v\u00e1llalkoz\u00f3. A lib\u00e1nfalvi \u00faj ort. templom \u00e9p\u00edt\u00e9si terveit k\u00e9sz\u00edtette \u00e9s az \u00e1t\u00e9p\u00edt\u00e9st vezette (1896\u20131901). A ny\u00e1r\u00e1dk\u00f6szv\u00e9nyesi \u00faj templomot \u00e9p\u00edtette (befejez\u00e9s: 1901. okt.), valamint \u00faj papi lakot, \u00faj gabon\u00e1st. Az abaf\u00e1ji templom torny\u00e1t \u00e9p\u00edtette. Irod.: Abaf\u00e1ja, Dobozi; Maros-k\u00fck\u00fcll\u0151i f\u0151esp.<\/p>\n","protected":false},"featured_media":0,"comment_status":"open","ping_status":"closed","template":"","meta":[],"product_brand":[],"product_cat":[137],"product_tag":[],"class_list":{"0":"post-7961","1":"product","2":"type-product","3":"status-publish","5":"product_cat-maros-megyei-eletrajzi-lexikon","7":"first","8":"instock","9":"shipping-taxable","10":"product-type-simple"},"_links":{"self":[{"href":"https:\/\/uj.adatbank.ro\/lexikon\/wp-json\/wp\/v2\/product\/7961","targetHints":{"allow":["GET"]}}],"collection":[{"href":"https:\/\/uj.adatbank.ro\/lexikon\/wp-json\/wp\/v2\/product"}],"about":[{"href":"https:\/\/uj.adatbank.ro\/lexikon\/wp-json\/wp\/v2\/types\/product"}],"replies":[{"embeddable":true,"href":"https:\/\/uj.adatbank.ro\/lexikon\/wp-json\/wp\/v2\/comments?post=7961"}],"wp:attachment":[{"href":"https:\/\/uj.adatbank.ro\/lexikon\/wp-json\/wp\/v2\/media?parent=7961"}],"wp:term":[{"taxonomy":"product_brand","embeddable":true,"href":"https:\/\/uj.adatbank.ro\/lexikon\/wp-json\/wp\/v2\/product_brand?post=7961"},{"taxonomy":"product_cat","embeddable":true,"href":"https:\/\/uj.adatbank.ro\/lexikon\/wp-json\/wp\/v2\/product_cat?post=7961"},{"taxonomy":"product_tag","embeddable":true,"href":"https:\/\/uj.adatbank.ro\/lexikon\/wp-json\/wp\/v2\/product_tag?post=7961"}],"curies":[{"name":"wp","href":"https:\/\/api.w.org\/{rel}","templated":true}]}}