{"id":7962,"date":"2025-06-29T10:09:42","date_gmt":"2025-06-29T08:09:42","guid":{"rendered":"https:\/\/uj.adatbank.ro\/lexikon\/termek\/ferenczi-beno-csikszentkiralyi\/"},"modified":"2025-06-29T10:09:42","modified_gmt":"2025-06-29T08:09:42","slug":"ferenczi-beno-csikszentkiralyi","status":"publish","type":"product","link":"https:\/\/uj.adatbank.ro\/lexikon\/termek\/ferenczi-beno-csikszentkiralyi\/","title":{"rendered":"FERENCZI Ben\u0151, csikszentkir\u00e1lyi"},"content":{"rendered":"<p>K\u00e1szon\u00fajfalu, 1842. j\u00fal. 2. \u2020\u00a0? 1915. dec. 12.: m. kir. \u00e1llamvas\u00fati f\u0151ellen\u0151r. \u2013 Tanulm\u00e1nyait Csiksomly\u00f3n \u00e9s Mv.-en v\u00e9gezte. Megyei szolg\u00e1latba l\u00e9pett Mv.-en (1864\u2013); szolgab\u00edr\u00f3 (1867\u2013); a m. keleti vas\u00fat (1870\u2013), majd a m. \u00e9szakkeleti vas\u00fat (1873\u2013) szolg\u00e1lat\u00e1ban \u00e1llt; az \u00e1llamos\u00edt\u00e1s ut\u00e1n (1890\u2013) a m. kir. \u00e1llamvas\u00fatakhoz ker\u00fclt, ahol f\u0151ellen\u0151r \u00e9s a vas\u00fati tisztk\u00e9pz\u0151 tanfolyam rendes tan\u00e1ra. T\u00e1rc\u00e1i \u00e9s egy\u00e9bb \u00edr\u00e1sai: Vas\u00fati \u00e9s Haj\u00f3z\u00e1si Hetilap-ban. \u2013 <strong>F. m.:<\/strong> Calculator: Seg\u00e9dt\u00e1bl\u00e1zatok \u00e1ltal\u00e1ban szorz\u00e1si-, oszt\u00e1si- \u00e9s ar\u00e1nysz\u00e1mol\u00e1si m\u0171veletek v\u00e9grehajt\u00e1s\u00e1hoz, valamint d\u00edjak, illet\u00e9kek \u00e9s sz\u00e1zal\u00e9k-kisz\u00e1m\u00edt\u00e1s\u00e1hoz (Bp., 1885); Vasuti f\u00f6ldrajz (Bp., 1892, 1902). <br \/><strong>Irod.:<\/strong> Guly\u00e1s; Rugonfalvi Kiss; Szinnyei<\/br><\/p>\n","protected":false},"excerpt":{"rendered":"<p>K\u00e1szon\u00fajfalu, 1842. j\u00fal. 2. \u2020\u00a0? 1915. dec. 12.: m. kir. \u00e1llamvas\u00fati f\u0151ellen\u0151r. \u2013 Tanulm\u00e1nyait Csiksomly\u00f3n \u00e9s Mv.-en v\u00e9gezte. Megyei szolg\u00e1latba l\u00e9pett Mv.-en (1864\u2013); szolgab\u00edr\u00f3 (1867\u2013); a m. keleti vas\u00fat (1870\u2013), majd a m. \u00e9szakkeleti vas\u00fat (1873\u2013) szolg\u00e1lat\u00e1ban \u00e1llt; az \u00e1llamos\u00edt\u00e1s ut\u00e1n (1890\u2013) a m. kir. \u00e1llamvas\u00fatakhoz ker\u00fclt, ahol f\u0151ellen\u0151r \u00e9s a vas\u00fati tisztk\u00e9pz\u0151 tanfolyam rendes [&hellip;]<\/p>\n","protected":false},"featured_media":0,"comment_status":"open","ping_status":"closed","template":"","meta":[],"product_brand":[],"product_cat":[137],"product_tag":[],"class_list":{"0":"post-7962","1":"product","2":"type-product","3":"status-publish","5":"product_cat-maros-megyei-eletrajzi-lexikon","7":"first","8":"instock","9":"shipping-taxable","10":"product-type-simple"},"_links":{"self":[{"href":"https:\/\/uj.adatbank.ro\/lexikon\/wp-json\/wp\/v2\/product\/7962","targetHints":{"allow":["GET"]}}],"collection":[{"href":"https:\/\/uj.adatbank.ro\/lexikon\/wp-json\/wp\/v2\/product"}],"about":[{"href":"https:\/\/uj.adatbank.ro\/lexikon\/wp-json\/wp\/v2\/types\/product"}],"replies":[{"embeddable":true,"href":"https:\/\/uj.adatbank.ro\/lexikon\/wp-json\/wp\/v2\/comments?post=7962"}],"wp:attachment":[{"href":"https:\/\/uj.adatbank.ro\/lexikon\/wp-json\/wp\/v2\/media?parent=7962"}],"wp:term":[{"taxonomy":"product_brand","embeddable":true,"href":"https:\/\/uj.adatbank.ro\/lexikon\/wp-json\/wp\/v2\/product_brand?post=7962"},{"taxonomy":"product_cat","embeddable":true,"href":"https:\/\/uj.adatbank.ro\/lexikon\/wp-json\/wp\/v2\/product_cat?post=7962"},{"taxonomy":"product_tag","embeddable":true,"href":"https:\/\/uj.adatbank.ro\/lexikon\/wp-json\/wp\/v2\/product_tag?post=7962"}],"curies":[{"name":"wp","href":"https:\/\/api.w.org\/{rel}","templated":true}]}}