{"id":7963,"date":"2025-06-29T10:09:44","date_gmt":"2025-06-29T08:09:44","guid":{"rendered":"https:\/\/uj.adatbank.ro\/lexikon\/termek\/ferenczi-elek-harasztkereki\/"},"modified":"2025-06-29T10:09:44","modified_gmt":"2025-06-29T08:09:44","slug":"ferenczi-elek-harasztkereki","status":"publish","type":"product","link":"https:\/\/uj.adatbank.ro\/lexikon\/termek\/ferenczi-elek-harasztkereki\/","title":{"rendered":"FERENCZI Elek, harasztkereki"},"content":{"rendered":"<p>1789.? \u2020\u00a0Mv., 1861. j\u00fan. 17.: hivatalnok. \u2013 Feles\u00e9ge: farkaslaki Hincs K\u00e1rolina (1799. nov. 11. -Mv., 1878. okt. 23.). Gyermekeik: J\u00e1nos jog\u00e1sz n\u00f6vend\u00e9k (1838\u20131857. m\u00e1j. 31); Elek; K\u00e1rolina Teichmann Vilmosn\u00e9; K\u00e1roly; \u00c1gnes L\u00e1szl\u00f3 Mikl\u00f3sn\u00e9. \u2013 Mv. sz. kir. v\u00e1ros alrend\u0151rigazgat\u00f3ja, v\u00e1rosi tan\u00e1csos. <br \/><strong>Irod.:<\/strong> Gy\u00e1szjelent\u0151<\/br><\/p>\n","protected":false},"excerpt":{"rendered":"<p>1789.? \u2020\u00a0Mv., 1861. j\u00fan. 17.: hivatalnok. \u2013 Feles\u00e9ge: farkaslaki Hincs K\u00e1rolina (1799. nov. 11. -Mv., 1878. okt. 23.). Gyermekeik: J\u00e1nos jog\u00e1sz n\u00f6vend\u00e9k (1838\u20131857. m\u00e1j. 31); Elek; K\u00e1rolina Teichmann Vilmosn\u00e9; K\u00e1roly; \u00c1gnes L\u00e1szl\u00f3 Mikl\u00f3sn\u00e9. \u2013 Mv. sz. kir. v\u00e1ros alrend\u0151rigazgat\u00f3ja, v\u00e1rosi tan\u00e1csos. Irod.: Gy\u00e1szjelent\u0151<\/p>\n","protected":false},"featured_media":0,"comment_status":"open","ping_status":"closed","template":"","meta":[],"product_brand":[],"product_cat":[137],"product_tag":[],"class_list":{"0":"post-7963","1":"product","2":"type-product","3":"status-publish","5":"product_cat-maros-megyei-eletrajzi-lexikon","7":"first","8":"instock","9":"shipping-taxable","10":"product-type-simple"},"_links":{"self":[{"href":"https:\/\/uj.adatbank.ro\/lexikon\/wp-json\/wp\/v2\/product\/7963","targetHints":{"allow":["GET"]}}],"collection":[{"href":"https:\/\/uj.adatbank.ro\/lexikon\/wp-json\/wp\/v2\/product"}],"about":[{"href":"https:\/\/uj.adatbank.ro\/lexikon\/wp-json\/wp\/v2\/types\/product"}],"replies":[{"embeddable":true,"href":"https:\/\/uj.adatbank.ro\/lexikon\/wp-json\/wp\/v2\/comments?post=7963"}],"wp:attachment":[{"href":"https:\/\/uj.adatbank.ro\/lexikon\/wp-json\/wp\/v2\/media?parent=7963"}],"wp:term":[{"taxonomy":"product_brand","embeddable":true,"href":"https:\/\/uj.adatbank.ro\/lexikon\/wp-json\/wp\/v2\/product_brand?post=7963"},{"taxonomy":"product_cat","embeddable":true,"href":"https:\/\/uj.adatbank.ro\/lexikon\/wp-json\/wp\/v2\/product_cat?post=7963"},{"taxonomy":"product_tag","embeddable":true,"href":"https:\/\/uj.adatbank.ro\/lexikon\/wp-json\/wp\/v2\/product_tag?post=7963"}],"curies":[{"name":"wp","href":"https:\/\/api.w.org\/{rel}","templated":true}]}}