{"id":7966,"date":"2025-06-29T10:09:48","date_gmt":"2025-06-29T08:09:48","guid":{"rendered":"https:\/\/uj.adatbank.ro\/lexikon\/termek\/ferenczi-gabriella-nagy-elemerne-ferenczi-nagy-gabriella\/"},"modified":"2025-06-29T10:09:48","modified_gmt":"2025-06-29T08:09:48","slug":"ferenczi-gabriella-nagy-elemerne-ferenczi-nagy-gabriella","status":"publish","type":"product","link":"https:\/\/uj.adatbank.ro\/lexikon\/termek\/ferenczi-gabriella-nagy-elemerne-ferenczi-nagy-gabriella\/","title":{"rendered":"FERENCZI Gabriella, Nagy Elem\u00e9rn\u00e9, Ferenczi Nagy Gabriella"},"content":{"rendered":"<p>Nagypest\u00e9ny, 1918. pkt., 28 \u2020\u00a0Mv., 2002. j\u00fal. 26.: orvos, belgy\u00f3gy\u00e1sz, t\u00fcd\u0151gy\u00f3gy\u00e1sz. \u2013 A k\u00f6z\u00e9piskol\u00e1t Kv.-on v\u00e9gezte (1935), majd uo. az egyetemen orvosi diplom\u00e1t szerzett (1942). Orvosi gyakorlat\u00e1t Kv.-on kezdte (1940\u201346), egyetemi tan\u00e1rseg\u00e9d (1946). T\u00fcd\u0151gy\u00f3gy\u00e1sz f\u0151orvos Mv.-en a T\u00f6d\u0151gy\u00f3gy\u00e1szati Klinik\u00e1n (1957\u201379). Tanulm\u00e1nyai jelentek meg az Orvosi Szemle- Revista Medicala-ban, T\u00fcd\u0151gy\u00f3gy\u00e1szat-ban. \u2013 <strong>F. m.:<\/strong> Amit a tuberkulozisr\u00f3l mindenkinek tudnia kell (Mv., 1962); <strong>t\u00e1rssz.:<\/strong> Phthysiol\u00f3giai jegyzetek (Mv., 1952). <br \/><strong>Irod.:<\/strong> Barab\u00e1s-P\u00e9ter M.\u2013P\u00e9ter H. M.; Todea\u2013F\u00fcl\u00f6p\u2013Avram<\/br><\/p>\n","protected":false},"excerpt":{"rendered":"<p>Nagypest\u00e9ny, 1918. pkt., 28 \u2020\u00a0Mv., 2002. j\u00fal. 26.: orvos, belgy\u00f3gy\u00e1sz, t\u00fcd\u0151gy\u00f3gy\u00e1sz. \u2013 A k\u00f6z\u00e9piskol\u00e1t Kv.-on v\u00e9gezte (1935), majd uo. az egyetemen orvosi diplom\u00e1t szerzett (1942). Orvosi gyakorlat\u00e1t Kv.-on kezdte (1940\u201346), egyetemi tan\u00e1rseg\u00e9d (1946). T\u00fcd\u0151gy\u00f3gy\u00e1sz f\u0151orvos Mv.-en a T\u00f6d\u0151gy\u00f3gy\u00e1szati Klinik\u00e1n (1957\u201379). Tanulm\u00e1nyai jelentek meg az Orvosi Szemle- Revista Medicala-ban, T\u00fcd\u0151gy\u00f3gy\u00e1szat-ban. \u2013 F. m.: Amit a tuberkulozisr\u00f3l [&hellip;]<\/p>\n","protected":false},"featured_media":0,"comment_status":"open","ping_status":"closed","template":"","meta":[],"product_brand":[],"product_cat":[137],"product_tag":[],"class_list":{"0":"post-7966","1":"product","2":"type-product","3":"status-publish","5":"product_cat-maros-megyei-eletrajzi-lexikon","7":"first","8":"instock","9":"shipping-taxable","10":"product-type-simple"},"_links":{"self":[{"href":"https:\/\/uj.adatbank.ro\/lexikon\/wp-json\/wp\/v2\/product\/7966","targetHints":{"allow":["GET"]}}],"collection":[{"href":"https:\/\/uj.adatbank.ro\/lexikon\/wp-json\/wp\/v2\/product"}],"about":[{"href":"https:\/\/uj.adatbank.ro\/lexikon\/wp-json\/wp\/v2\/types\/product"}],"replies":[{"embeddable":true,"href":"https:\/\/uj.adatbank.ro\/lexikon\/wp-json\/wp\/v2\/comments?post=7966"}],"wp:attachment":[{"href":"https:\/\/uj.adatbank.ro\/lexikon\/wp-json\/wp\/v2\/media?parent=7966"}],"wp:term":[{"taxonomy":"product_brand","embeddable":true,"href":"https:\/\/uj.adatbank.ro\/lexikon\/wp-json\/wp\/v2\/product_brand?post=7966"},{"taxonomy":"product_cat","embeddable":true,"href":"https:\/\/uj.adatbank.ro\/lexikon\/wp-json\/wp\/v2\/product_cat?post=7966"},{"taxonomy":"product_tag","embeddable":true,"href":"https:\/\/uj.adatbank.ro\/lexikon\/wp-json\/wp\/v2\/product_tag?post=7966"}],"curies":[{"name":"wp","href":"https:\/\/api.w.org\/{rel}","templated":true}]}}