{"id":7967,"date":"2025-06-29T10:09:50","date_gmt":"2025-06-29T08:09:50","guid":{"rendered":"https:\/\/uj.adatbank.ro\/lexikon\/termek\/ferenczi-geza\/"},"modified":"2025-06-29T10:09:50","modified_gmt":"2025-06-29T08:09:50","slug":"ferenczi-geza","status":"publish","type":"product","link":"https:\/\/uj.adatbank.ro\/lexikon\/termek\/ferenczi-geza\/","title":{"rendered":"FERENCZI G\u00e9za"},"content":{"rendered":"<p>? \u2020\u00a0? : jog\u00e1sz dr. \u2013 A mv.-i unit. egyh\u00e1z f\u0151gondnoka, dr. Szent-Iv\u00e1nyi J\u00f3zsef a m\u00e1sik f\u0151gondnok \u00e9s Halm\u00e1gyi J\u00e1nos, egyh\u00e1zk\u00f6ri esperes idej\u00e9ben \u00e9p\u00fclt az unit. templom (1929\u201331). <br \/><strong>Irod.:<\/strong> Man: Tg. M., 3.; Maros-k\u00fck\u00fcll\u0151i f\u0151esp.<\/br><\/p>\n","protected":false},"excerpt":{"rendered":"<p>? \u2020\u00a0? : jog\u00e1sz dr. \u2013 A mv.-i unit. egyh\u00e1z f\u0151gondnoka, dr. Szent-Iv\u00e1nyi J\u00f3zsef a m\u00e1sik f\u0151gondnok \u00e9s Halm\u00e1gyi J\u00e1nos, egyh\u00e1zk\u00f6ri esperes idej\u00e9ben \u00e9p\u00fclt az unit. templom (1929\u201331). Irod.: Man: Tg. M., 3.; Maros-k\u00fck\u00fcll\u0151i f\u0151esp.<\/p>\n","protected":false},"featured_media":0,"comment_status":"open","ping_status":"closed","template":"","meta":[],"product_brand":[],"product_cat":[137],"product_tag":[],"class_list":{"0":"post-7967","1":"product","2":"type-product","3":"status-publish","5":"product_cat-maros-megyei-eletrajzi-lexikon","7":"first","8":"instock","9":"shipping-taxable","10":"product-type-simple"},"_links":{"self":[{"href":"https:\/\/uj.adatbank.ro\/lexikon\/wp-json\/wp\/v2\/product\/7967","targetHints":{"allow":["GET"]}}],"collection":[{"href":"https:\/\/uj.adatbank.ro\/lexikon\/wp-json\/wp\/v2\/product"}],"about":[{"href":"https:\/\/uj.adatbank.ro\/lexikon\/wp-json\/wp\/v2\/types\/product"}],"replies":[{"embeddable":true,"href":"https:\/\/uj.adatbank.ro\/lexikon\/wp-json\/wp\/v2\/comments?post=7967"}],"wp:attachment":[{"href":"https:\/\/uj.adatbank.ro\/lexikon\/wp-json\/wp\/v2\/media?parent=7967"}],"wp:term":[{"taxonomy":"product_brand","embeddable":true,"href":"https:\/\/uj.adatbank.ro\/lexikon\/wp-json\/wp\/v2\/product_brand?post=7967"},{"taxonomy":"product_cat","embeddable":true,"href":"https:\/\/uj.adatbank.ro\/lexikon\/wp-json\/wp\/v2\/product_cat?post=7967"},{"taxonomy":"product_tag","embeddable":true,"href":"https:\/\/uj.adatbank.ro\/lexikon\/wp-json\/wp\/v2\/product_tag?post=7967"}],"curies":[{"name":"wp","href":"https:\/\/api.w.org\/{rel}","templated":true}]}}