{"id":7968,"date":"2025-06-29T10:09:52","date_gmt":"2025-06-29T08:09:52","guid":{"rendered":"https:\/\/uj.adatbank.ro\/lexikon\/termek\/ferenczi-istvan\/"},"modified":"2025-06-29T10:09:52","modified_gmt":"2025-06-29T08:09:52","slug":"ferenczi-istvan","status":"publish","type":"product","link":"https:\/\/uj.adatbank.ro\/lexikon\/termek\/ferenczi-istvan\/","title":{"rendered":"FERENCZI Istv\u00e1n"},"content":{"rendered":"<p>Gyergy\u00f3t\u00f6lgyes, 1906., \u2020\u00a0Sz\u00e1szr\u00e9gen, 1981: \u00e9p\u00edt\u00e9sz. \u2013 Feles\u00e9ge: Jakabffy Em\u00edlia (1910\u20131952). Gyermekeik: Ferenczy Emilia (1934\u2013), dr. Heged\u0171s J\u00f3zsef (1935\u20131987) feles\u00e9ge; Ferenczy Istv\u00e1n (1937\u20132002), aki Tam\u00e1si- \u00e9s Szentgy\u00f6rgyi-d\u00edjas sz\u00ednm\u0171v\u00e9sz \u00e9s Ferenczy Csongor (1939\u2013) sz\u00ednm\u0171v\u00e9sz. <br \/><strong>Irod.:<\/strong> Sz\u00e1va 2012<\/br><\/p>\n","protected":false},"excerpt":{"rendered":"<p>Gyergy\u00f3t\u00f6lgyes, 1906., \u2020\u00a0Sz\u00e1szr\u00e9gen, 1981: \u00e9p\u00edt\u00e9sz. \u2013 Feles\u00e9ge: Jakabffy Em\u00edlia (1910\u20131952). Gyermekeik: Ferenczy Emilia (1934\u2013), dr. Heged\u0171s J\u00f3zsef (1935\u20131987) feles\u00e9ge; Ferenczy Istv\u00e1n (1937\u20132002), aki Tam\u00e1si- \u00e9s Szentgy\u00f6rgyi-d\u00edjas sz\u00ednm\u0171v\u00e9sz \u00e9s Ferenczy Csongor (1939\u2013) sz\u00ednm\u0171v\u00e9sz. Irod.: Sz\u00e1va 2012<\/p>\n","protected":false},"featured_media":0,"comment_status":"open","ping_status":"closed","template":"","meta":[],"product_brand":[],"product_cat":[137],"product_tag":[],"class_list":{"0":"post-7968","1":"product","2":"type-product","3":"status-publish","5":"product_cat-maros-megyei-eletrajzi-lexikon","7":"first","8":"instock","9":"shipping-taxable","10":"product-type-simple"},"_links":{"self":[{"href":"https:\/\/uj.adatbank.ro\/lexikon\/wp-json\/wp\/v2\/product\/7968","targetHints":{"allow":["GET"]}}],"collection":[{"href":"https:\/\/uj.adatbank.ro\/lexikon\/wp-json\/wp\/v2\/product"}],"about":[{"href":"https:\/\/uj.adatbank.ro\/lexikon\/wp-json\/wp\/v2\/types\/product"}],"replies":[{"embeddable":true,"href":"https:\/\/uj.adatbank.ro\/lexikon\/wp-json\/wp\/v2\/comments?post=7968"}],"wp:attachment":[{"href":"https:\/\/uj.adatbank.ro\/lexikon\/wp-json\/wp\/v2\/media?parent=7968"}],"wp:term":[{"taxonomy":"product_brand","embeddable":true,"href":"https:\/\/uj.adatbank.ro\/lexikon\/wp-json\/wp\/v2\/product_brand?post=7968"},{"taxonomy":"product_cat","embeddable":true,"href":"https:\/\/uj.adatbank.ro\/lexikon\/wp-json\/wp\/v2\/product_cat?post=7968"},{"taxonomy":"product_tag","embeddable":true,"href":"https:\/\/uj.adatbank.ro\/lexikon\/wp-json\/wp\/v2\/product_tag?post=7968"}],"curies":[{"name":"wp","href":"https:\/\/api.w.org\/{rel}","templated":true}]}}