{"id":7970,"date":"2025-06-29T10:09:56","date_gmt":"2025-06-29T08:09:56","guid":{"rendered":"https:\/\/uj.adatbank.ro\/lexikon\/termek\/ferenczi-janos-ferenczi-ioan\/"},"modified":"2025-06-29T10:09:56","modified_gmt":"2025-06-29T08:09:56","slug":"ferenczi-janos-ferenczi-ioan","status":"publish","type":"product","link":"https:\/\/uj.adatbank.ro\/lexikon\/termek\/ferenczi-janos-ferenczi-ioan\/","title":{"rendered":"FERENCZI J\u00e1nos, Ferenczi Ioan"},"content":{"rendered":"<p>? \u2020\u00a0?: tan\u00edt\u00f3. \u2013 G\u00f6rg\u00e9nyben tan\u00edtott a r. -k. iskol\u00e1ban (1857\u201373). Fizet\u00e9s\u00e9t is a r. k. egyh\u00e1zt\u00f3l kapta p\u00e9nzben, term\u00e9nyben \u00e9s t\u00fczif\u00e1ban. <br \/><strong>Irod.:<\/strong> Gurghiul<\/br><\/p>\n","protected":false},"excerpt":{"rendered":"<p>? \u2020\u00a0?: tan\u00edt\u00f3. \u2013 G\u00f6rg\u00e9nyben tan\u00edtott a r. -k. iskol\u00e1ban (1857\u201373). Fizet\u00e9s\u00e9t is a r. k. egyh\u00e1zt\u00f3l kapta p\u00e9nzben, term\u00e9nyben \u00e9s t\u00fczif\u00e1ban. Irod.: Gurghiul<\/p>\n","protected":false},"featured_media":0,"comment_status":"open","ping_status":"closed","template":"","meta":[],"product_brand":[],"product_cat":[137],"product_tag":[],"class_list":{"0":"post-7970","1":"product","2":"type-product","3":"status-publish","5":"product_cat-maros-megyei-eletrajzi-lexikon","7":"first","8":"instock","9":"shipping-taxable","10":"product-type-simple"},"_links":{"self":[{"href":"https:\/\/uj.adatbank.ro\/lexikon\/wp-json\/wp\/v2\/product\/7970","targetHints":{"allow":["GET"]}}],"collection":[{"href":"https:\/\/uj.adatbank.ro\/lexikon\/wp-json\/wp\/v2\/product"}],"about":[{"href":"https:\/\/uj.adatbank.ro\/lexikon\/wp-json\/wp\/v2\/types\/product"}],"replies":[{"embeddable":true,"href":"https:\/\/uj.adatbank.ro\/lexikon\/wp-json\/wp\/v2\/comments?post=7970"}],"wp:attachment":[{"href":"https:\/\/uj.adatbank.ro\/lexikon\/wp-json\/wp\/v2\/media?parent=7970"}],"wp:term":[{"taxonomy":"product_brand","embeddable":true,"href":"https:\/\/uj.adatbank.ro\/lexikon\/wp-json\/wp\/v2\/product_brand?post=7970"},{"taxonomy":"product_cat","embeddable":true,"href":"https:\/\/uj.adatbank.ro\/lexikon\/wp-json\/wp\/v2\/product_cat?post=7970"},{"taxonomy":"product_tag","embeddable":true,"href":"https:\/\/uj.adatbank.ro\/lexikon\/wp-json\/wp\/v2\/product_tag?post=7970"}],"curies":[{"name":"wp","href":"https:\/\/api.w.org\/{rel}","templated":true}]}}