{"id":7975,"date":"2025-06-29T10:10:05","date_gmt":"2025-06-29T08:10:05","guid":{"rendered":"https:\/\/uj.adatbank.ro\/lexikon\/termek\/ferenczi-lajos\/"},"modified":"2025-06-29T10:10:05","modified_gmt":"2025-06-29T08:10:05","slug":"ferenczi-lajos","status":"publish","type":"product","link":"https:\/\/uj.adatbank.ro\/lexikon\/termek\/ferenczi-lajos\/","title":{"rendered":"FERENCZI Lajos"},"content":{"rendered":"<p>Bar\u00f3t, 1840. j\u00fal. 31., \u2020\u00a01914. dec. 13.: r. k. pap. \u2013 Brass\u00f3ban, Sz\u00e9kelyudvarhelyen, Gyulafeh\u00e9rv\u00e1ron tanult. Papp\u00e1 szentelt\u00e9k (1868. aug. 24.). K\u00e1pl\u00e1n Cs\u00edkszentsimonon, Mv.-en (1870). Pl\u00e9b\u00e1nos Dem\u00e9nyh\u00e1z\u00e1n Hodoson (1871\u201383), Mikl\u00f3sv\u00e1ron lelkip\u00e1sztor (1883), Kaj\u00e1nt\u00f3n pl\u00e9b\u00e1nos (1892). <br \/><strong>Irod.:<\/strong> Cs\u00edkfalva; Ferenczi S\u00e1ndor 2009<\/br><\/p>\n","protected":false},"excerpt":{"rendered":"<p>Bar\u00f3t, 1840. j\u00fal. 31., \u2020\u00a01914. dec. 13.: r. k. pap. \u2013 Brass\u00f3ban, Sz\u00e9kelyudvarhelyen, Gyulafeh\u00e9rv\u00e1ron tanult. Papp\u00e1 szentelt\u00e9k (1868. aug. 24.). K\u00e1pl\u00e1n Cs\u00edkszentsimonon, Mv.-en (1870). Pl\u00e9b\u00e1nos Dem\u00e9nyh\u00e1z\u00e1n Hodoson (1871\u201383), Mikl\u00f3sv\u00e1ron lelkip\u00e1sztor (1883), Kaj\u00e1nt\u00f3n pl\u00e9b\u00e1nos (1892). Irod.: Cs\u00edkfalva; Ferenczi S\u00e1ndor 2009<\/p>\n","protected":false},"featured_media":0,"comment_status":"open","ping_status":"closed","template":"","meta":[],"product_brand":[],"product_cat":[137],"product_tag":[],"class_list":{"0":"post-7975","1":"product","2":"type-product","3":"status-publish","5":"product_cat-maros-megyei-eletrajzi-lexikon","7":"first","8":"instock","9":"shipping-taxable","10":"product-type-simple"},"_links":{"self":[{"href":"https:\/\/uj.adatbank.ro\/lexikon\/wp-json\/wp\/v2\/product\/7975","targetHints":{"allow":["GET"]}}],"collection":[{"href":"https:\/\/uj.adatbank.ro\/lexikon\/wp-json\/wp\/v2\/product"}],"about":[{"href":"https:\/\/uj.adatbank.ro\/lexikon\/wp-json\/wp\/v2\/types\/product"}],"replies":[{"embeddable":true,"href":"https:\/\/uj.adatbank.ro\/lexikon\/wp-json\/wp\/v2\/comments?post=7975"}],"wp:attachment":[{"href":"https:\/\/uj.adatbank.ro\/lexikon\/wp-json\/wp\/v2\/media?parent=7975"}],"wp:term":[{"taxonomy":"product_brand","embeddable":true,"href":"https:\/\/uj.adatbank.ro\/lexikon\/wp-json\/wp\/v2\/product_brand?post=7975"},{"taxonomy":"product_cat","embeddable":true,"href":"https:\/\/uj.adatbank.ro\/lexikon\/wp-json\/wp\/v2\/product_cat?post=7975"},{"taxonomy":"product_tag","embeddable":true,"href":"https:\/\/uj.adatbank.ro\/lexikon\/wp-json\/wp\/v2\/product_tag?post=7975"}],"curies":[{"name":"wp","href":"https:\/\/api.w.org\/{rel}","templated":true}]}}