{"id":7977,"date":"2025-06-29T10:10:07","date_gmt":"2025-06-29T08:10:07","guid":{"rendered":"https:\/\/uj.adatbank.ro\/lexikon\/termek\/ferenczi-lajos-ferenczy-lajos\/"},"modified":"2025-06-29T10:10:07","modified_gmt":"2025-06-29T08:10:07","slug":"ferenczi-lajos-ferenczy-lajos","status":"publish","type":"product","link":"https:\/\/uj.adatbank.ro\/lexikon\/termek\/ferenczi-lajos-ferenczy-lajos\/","title":{"rendered":"FERENCZI Lajos, Ferenczy Lajos"},"content":{"rendered":"<p>Iszl\u00f3, 1837., \u2020 Nagyajta, 1922. : tan\u00edt\u00f3. \u2013 \u00c1rkosi Ferenci J\u00f3zsef, iszl\u00f3i, majd gagyi unit. lelk\u00e9sz \u00e9s nagysolymosi Koncz \u00c1gnes fia. Feles\u00e9ge Sim\u00e9nfalvi Anna. \u2013 Fels\u0151r\u00e1koson volt unit. tan\u00edt\u00f3 (1861\u20131914), \u00e9nekvez\u00e9r (1861\u20131920). Kriza J\u00e1nos egyik gy\u0171jt\u0151je a Vadr\u00f3zs\u00e1k sz\u00e1m\u00e1ra, aki helynevek \u00e9s csal\u00e1dnevek gy\u0171jt\u00e9s\u00e9t k\u00e9rte t\u0151le. <br \/><strong>Irod.:<\/strong> Kriza levelez\u00e9s<\/br><\/p>\n","protected":false},"excerpt":{"rendered":"<p>Iszl\u00f3, 1837., \u2020 Nagyajta, 1922. : tan\u00edt\u00f3. \u2013 \u00c1rkosi Ferenci J\u00f3zsef, iszl\u00f3i, majd gagyi unit. lelk\u00e9sz \u00e9s nagysolymosi Koncz \u00c1gnes fia. Feles\u00e9ge Sim\u00e9nfalvi Anna. \u2013 Fels\u0151r\u00e1koson volt unit. tan\u00edt\u00f3 (1861\u20131914), \u00e9nekvez\u00e9r (1861\u20131920). Kriza J\u00e1nos egyik gy\u0171jt\u0151je a Vadr\u00f3zs\u00e1k sz\u00e1m\u00e1ra, aki helynevek \u00e9s csal\u00e1dnevek gy\u0171jt\u00e9s\u00e9t k\u00e9rte t\u0151le. Irod.: Kriza levelez\u00e9s<\/p>\n","protected":false},"featured_media":0,"comment_status":"open","ping_status":"closed","template":"","meta":[],"product_brand":[],"product_cat":[137],"product_tag":[],"class_list":{"0":"post-7977","1":"product","2":"type-product","3":"status-publish","5":"product_cat-maros-megyei-eletrajzi-lexikon","7":"first","8":"instock","9":"shipping-taxable","10":"product-type-simple"},"_links":{"self":[{"href":"https:\/\/uj.adatbank.ro\/lexikon\/wp-json\/wp\/v2\/product\/7977","targetHints":{"allow":["GET"]}}],"collection":[{"href":"https:\/\/uj.adatbank.ro\/lexikon\/wp-json\/wp\/v2\/product"}],"about":[{"href":"https:\/\/uj.adatbank.ro\/lexikon\/wp-json\/wp\/v2\/types\/product"}],"replies":[{"embeddable":true,"href":"https:\/\/uj.adatbank.ro\/lexikon\/wp-json\/wp\/v2\/comments?post=7977"}],"wp:attachment":[{"href":"https:\/\/uj.adatbank.ro\/lexikon\/wp-json\/wp\/v2\/media?parent=7977"}],"wp:term":[{"taxonomy":"product_brand","embeddable":true,"href":"https:\/\/uj.adatbank.ro\/lexikon\/wp-json\/wp\/v2\/product_brand?post=7977"},{"taxonomy":"product_cat","embeddable":true,"href":"https:\/\/uj.adatbank.ro\/lexikon\/wp-json\/wp\/v2\/product_cat?post=7977"},{"taxonomy":"product_tag","embeddable":true,"href":"https:\/\/uj.adatbank.ro\/lexikon\/wp-json\/wp\/v2\/product_tag?post=7977"}],"curies":[{"name":"wp","href":"https:\/\/api.w.org\/{rel}","templated":true}]}}