{"id":7978,"date":"2025-06-29T10:10:09","date_gmt":"2025-06-29T08:10:09","guid":{"rendered":"https:\/\/uj.adatbank.ro\/lexikon\/termek\/ferenczi-marta\/"},"modified":"2025-06-29T10:10:09","modified_gmt":"2025-06-29T08:10:09","slug":"ferenczi-marta","status":"publish","type":"product","link":"https:\/\/uj.adatbank.ro\/lexikon\/termek\/ferenczi-marta\/","title":{"rendered":"FERENCZI M\u00e1rta"},"content":{"rendered":"<p>? \u2020\u00a0?: boszork\u00e1ny. \u2013 Ny\u00e1r\u00e1dszered\u00e1ban a b\u00edr\u00f3s\u00e1gi it\u00e9lete: m\u00e1glyahal\u00e1l (1692. okt. 29.). <br \/><strong>Irod.:<\/strong> P\u00e1l-Antal S\u00e1ndor: Boszork\u00e1nyok Marossz\u00e9ken (N\u00fa., 1997. dec. 31.)<\/br><\/p>\n","protected":false},"excerpt":{"rendered":"<p>? \u2020\u00a0?: boszork\u00e1ny. \u2013 Ny\u00e1r\u00e1dszered\u00e1ban a b\u00edr\u00f3s\u00e1gi it\u00e9lete: m\u00e1glyahal\u00e1l (1692. okt. 29.). Irod.: P\u00e1l-Antal S\u00e1ndor: Boszork\u00e1nyok Marossz\u00e9ken (N\u00fa., 1997. dec. 31.)<\/p>\n","protected":false},"featured_media":0,"comment_status":"open","ping_status":"closed","template":"","meta":[],"product_brand":[],"product_cat":[137],"product_tag":[],"class_list":{"0":"post-7978","1":"product","2":"type-product","3":"status-publish","5":"product_cat-maros-megyei-eletrajzi-lexikon","7":"first","8":"instock","9":"shipping-taxable","10":"product-type-simple"},"_links":{"self":[{"href":"https:\/\/uj.adatbank.ro\/lexikon\/wp-json\/wp\/v2\/product\/7978","targetHints":{"allow":["GET"]}}],"collection":[{"href":"https:\/\/uj.adatbank.ro\/lexikon\/wp-json\/wp\/v2\/product"}],"about":[{"href":"https:\/\/uj.adatbank.ro\/lexikon\/wp-json\/wp\/v2\/types\/product"}],"replies":[{"embeddable":true,"href":"https:\/\/uj.adatbank.ro\/lexikon\/wp-json\/wp\/v2\/comments?post=7978"}],"wp:attachment":[{"href":"https:\/\/uj.adatbank.ro\/lexikon\/wp-json\/wp\/v2\/media?parent=7978"}],"wp:term":[{"taxonomy":"product_brand","embeddable":true,"href":"https:\/\/uj.adatbank.ro\/lexikon\/wp-json\/wp\/v2\/product_brand?post=7978"},{"taxonomy":"product_cat","embeddable":true,"href":"https:\/\/uj.adatbank.ro\/lexikon\/wp-json\/wp\/v2\/product_cat?post=7978"},{"taxonomy":"product_tag","embeddable":true,"href":"https:\/\/uj.adatbank.ro\/lexikon\/wp-json\/wp\/v2\/product_tag?post=7978"}],"curies":[{"name":"wp","href":"https:\/\/api.w.org\/{rel}","templated":true}]}}