{"id":7981,"date":"2025-06-29T10:10:15","date_gmt":"2025-06-29T08:10:15","guid":{"rendered":"https:\/\/uj.adatbank.ro\/lexikon\/termek\/ferenczi-miklos-ferenczi-nicolae\/"},"modified":"2025-06-29T10:10:15","modified_gmt":"2025-06-29T08:10:15","slug":"ferenczi-miklos-ferenczi-nicolae","status":"publish","type":"product","link":"https:\/\/uj.adatbank.ro\/lexikon\/termek\/ferenczi-miklos-ferenczi-nicolae\/","title":{"rendered":"FERENCZI Mikl\u00f3s, Ferenczi Nicolae"},"content":{"rendered":"<p>? \u2020\u00a0? : tan\u00edt\u00f3. \u2013 G\u00f6rg\u00e9nyben tan\u00edtott a r. k. iskol\u00e1ban (1878\u201385), m\u0171k\u0151d\u00e9se ideje alatt fejezt\u00e9k be az \u00faj, a kor k\u00f6vetelm\u00e9nyeinek megfelel\u0151 iskola \u00e9p\u00edt\u00e9s\u00e9t (1878). A tan\u00fcgyi reform ut\u00e1n ez az iskola az \u00e1llam tulajdon\u00e1ba ment \u00e1t, m. iskola maradt (1948\u2013). <br \/><strong>Irod.:<\/strong> Gurghiul<\/br><\/p>\n","protected":false},"excerpt":{"rendered":"<p>? \u2020\u00a0? : tan\u00edt\u00f3. \u2013 G\u00f6rg\u00e9nyben tan\u00edtott a r. k. iskol\u00e1ban (1878\u201385), m\u0171k\u0151d\u00e9se ideje alatt fejezt\u00e9k be az \u00faj, a kor k\u00f6vetelm\u00e9nyeinek megfelel\u0151 iskola \u00e9p\u00edt\u00e9s\u00e9t (1878). A tan\u00fcgyi reform ut\u00e1n ez az iskola az \u00e1llam tulajdon\u00e1ba ment \u00e1t, m. iskola maradt (1948\u2013). Irod.: Gurghiul<\/p>\n","protected":false},"featured_media":0,"comment_status":"open","ping_status":"closed","template":"","meta":[],"product_brand":[],"product_cat":[137],"product_tag":[],"class_list":{"0":"post-7981","1":"product","2":"type-product","3":"status-publish","5":"product_cat-maros-megyei-eletrajzi-lexikon","7":"first","8":"instock","9":"shipping-taxable","10":"product-type-simple"},"_links":{"self":[{"href":"https:\/\/uj.adatbank.ro\/lexikon\/wp-json\/wp\/v2\/product\/7981","targetHints":{"allow":["GET"]}}],"collection":[{"href":"https:\/\/uj.adatbank.ro\/lexikon\/wp-json\/wp\/v2\/product"}],"about":[{"href":"https:\/\/uj.adatbank.ro\/lexikon\/wp-json\/wp\/v2\/types\/product"}],"replies":[{"embeddable":true,"href":"https:\/\/uj.adatbank.ro\/lexikon\/wp-json\/wp\/v2\/comments?post=7981"}],"wp:attachment":[{"href":"https:\/\/uj.adatbank.ro\/lexikon\/wp-json\/wp\/v2\/media?parent=7981"}],"wp:term":[{"taxonomy":"product_brand","embeddable":true,"href":"https:\/\/uj.adatbank.ro\/lexikon\/wp-json\/wp\/v2\/product_brand?post=7981"},{"taxonomy":"product_cat","embeddable":true,"href":"https:\/\/uj.adatbank.ro\/lexikon\/wp-json\/wp\/v2\/product_cat?post=7981"},{"taxonomy":"product_tag","embeddable":true,"href":"https:\/\/uj.adatbank.ro\/lexikon\/wp-json\/wp\/v2\/product_tag?post=7981"}],"curies":[{"name":"wp","href":"https:\/\/api.w.org\/{rel}","templated":true}]}}