{"id":7985,"date":"2025-06-29T10:10:24","date_gmt":"2025-06-29T08:10:24","guid":{"rendered":"https:\/\/uj.adatbank.ro\/lexikon\/termek\/ferenczi-zsizsi-%c2%a7-ferenczy-zsizsi-ferenczy-erzsebet-szentimrei-jenone\/"},"modified":"2025-06-29T10:10:24","modified_gmt":"2025-06-29T08:10:24","slug":"ferenczi-zsizsi-%c2%a7-ferenczy-zsizsi-ferenczy-erzsebet-szentimrei-jenone","status":"publish","type":"product","link":"https:\/\/uj.adatbank.ro\/lexikon\/termek\/ferenczi-zsizsi-%c2%a7-ferenczy-zsizsi-ferenczy-erzsebet-szentimrei-jenone\/","title":{"rendered":"FERENCZI Zsizsi, \u00a7 Ferenczy Zsizsi, Ferenczy Erzs\u00e9bet, Szentimrei Jen\u0151n\u00e9"},"content":{"rendered":"<p>Kv., 1893., \u2020\u00a0Kv., 1969.: el\u0151ad\u00f3m\u0171v\u00e9sz, \u00e9nekes, fest\u0151. \u2013 A KZST tagja (1928). \u00c9nekelt t\u00f6bb alkalommal a KZST \u00f6sszej\u00f6vetelein, pl. Sipos Domokos eml\u00e9kmatin\u00e9n (1928, 1929, 1934). <br \/><strong>Irod.:<\/strong> Id\u0151t\u00e1r 3; Marosi Ildik\u00f3; Marosi-KZST; Molter 3.<\/br><\/p>\n","protected":false},"excerpt":{"rendered":"<p>Kv., 1893., \u2020\u00a0Kv., 1969.: el\u0151ad\u00f3m\u0171v\u00e9sz, \u00e9nekes, fest\u0151. \u2013 A KZST tagja (1928). \u00c9nekelt t\u00f6bb alkalommal a KZST \u00f6sszej\u00f6vetelein, pl. Sipos Domokos eml\u00e9kmatin\u00e9n (1928, 1929, 1934). Irod.: Id\u0151t\u00e1r 3; Marosi Ildik\u00f3; Marosi-KZST; Molter 3.<\/p>\n","protected":false},"featured_media":0,"comment_status":"open","ping_status":"closed","template":"","meta":[],"product_brand":[],"product_cat":[137],"product_tag":[],"class_list":{"0":"post-7985","1":"product","2":"type-product","3":"status-publish","5":"product_cat-maros-megyei-eletrajzi-lexikon","7":"first","8":"instock","9":"shipping-taxable","10":"product-type-simple"},"_links":{"self":[{"href":"https:\/\/uj.adatbank.ro\/lexikon\/wp-json\/wp\/v2\/product\/7985","targetHints":{"allow":["GET"]}}],"collection":[{"href":"https:\/\/uj.adatbank.ro\/lexikon\/wp-json\/wp\/v2\/product"}],"about":[{"href":"https:\/\/uj.adatbank.ro\/lexikon\/wp-json\/wp\/v2\/types\/product"}],"replies":[{"embeddable":true,"href":"https:\/\/uj.adatbank.ro\/lexikon\/wp-json\/wp\/v2\/comments?post=7985"}],"wp:attachment":[{"href":"https:\/\/uj.adatbank.ro\/lexikon\/wp-json\/wp\/v2\/media?parent=7985"}],"wp:term":[{"taxonomy":"product_brand","embeddable":true,"href":"https:\/\/uj.adatbank.ro\/lexikon\/wp-json\/wp\/v2\/product_brand?post=7985"},{"taxonomy":"product_cat","embeddable":true,"href":"https:\/\/uj.adatbank.ro\/lexikon\/wp-json\/wp\/v2\/product_cat?post=7985"},{"taxonomy":"product_tag","embeddable":true,"href":"https:\/\/uj.adatbank.ro\/lexikon\/wp-json\/wp\/v2\/product_tag?post=7985"}],"curies":[{"name":"wp","href":"https:\/\/api.w.org\/{rel}","templated":true}]}}