{"id":7986,"date":"2025-06-29T10:10:25","date_gmt":"2025-06-29T08:10:25","guid":{"rendered":"https:\/\/uj.adatbank.ro\/lexikon\/termek\/ferenczy\/"},"modified":"2025-06-29T10:10:25","modified_gmt":"2025-06-29T08:10:25","slug":"ferenczy","status":"publish","type":"product","link":"https:\/\/uj.adatbank.ro\/lexikon\/termek\/ferenczy\/","title":{"rendered":"FERENCZY ?"},"content":{"rendered":"<p>? \u2020\u00a0?: csend\u0151rparancsnok. \u2013 Mv.-en az erd\u00e9lyi zsid\u00f3s\u00e1g deport\u00e1l\u00e1s\u00e1t ir\u00e1ny\u00edtotta. Parancs\u00e1ra rend\u0151ri, csend\u0151ri \u00e9s honv\u00e9dalakulatok v\u00e9gezt\u00e9k a MT vm.-i zsid\u00f3k gett\u00f3ba t\u00f6m\u00f6r\u00edt\u00e9s\u00e9t, Jo\u00f3s Andor f\u0151isp\u00e1n \u00e9s Marton Zsigmond alisp\u00e1n utas\u00edt\u00e1sai szerint, akik a GESTAPO tan\u00e1csaira hallgattak (1944. m\u00e1j. 3. -j\u00fan. 8.). A mv.-i gett\u00f3 a koronkai t\u00e9glagy\u00e1rban l\u00e9tes\u00fclt, parancsnoka Bed\u0151 G\u00e9za rend\u0151rkapit\u00e1ny, helyettese Liptai Dezs\u0151 volt. Az addigi f\u0151isp\u00e1n, oroszf\u00e1i MIK\u00d3 Istv\u00e1n \u00e9s br. Bethlen B\u00e9la, szolnok-dobokai f\u0151isp\u00e1n, lemondtak hivatalukr\u00f3l, \u00edgy tiltakozva a deport\u00e1l\u00e1sok v\u00e9grehajt\u00e1sa ellen. <br \/><strong>Irod.:<\/strong> Sebesty\u00e9n Mih\u00e1ly 2000<\/br><\/p>\n","protected":false},"excerpt":{"rendered":"<p>? \u2020\u00a0?: csend\u0151rparancsnok. \u2013 Mv.-en az erd\u00e9lyi zsid\u00f3s\u00e1g deport\u00e1l\u00e1s\u00e1t ir\u00e1ny\u00edtotta. Parancs\u00e1ra rend\u0151ri, csend\u0151ri \u00e9s honv\u00e9dalakulatok v\u00e9gezt\u00e9k a MT vm.-i zsid\u00f3k gett\u00f3ba t\u00f6m\u00f6r\u00edt\u00e9s\u00e9t, Jo\u00f3s Andor f\u0151isp\u00e1n \u00e9s Marton Zsigmond alisp\u00e1n utas\u00edt\u00e1sai szerint, akik a GESTAPO tan\u00e1csaira hallgattak (1944. m\u00e1j. 3. -j\u00fan. 8.). A mv.-i gett\u00f3 a koronkai t\u00e9glagy\u00e1rban l\u00e9tes\u00fclt, parancsnoka Bed\u0151 G\u00e9za rend\u0151rkapit\u00e1ny, helyettese Liptai Dezs\u0151 [&hellip;]<\/p>\n","protected":false},"featured_media":0,"comment_status":"open","ping_status":"closed","template":"","meta":[],"product_brand":[],"product_cat":[137],"product_tag":[],"class_list":{"0":"post-7986","1":"product","2":"type-product","3":"status-publish","5":"product_cat-maros-megyei-eletrajzi-lexikon","7":"first","8":"instock","9":"shipping-taxable","10":"product-type-simple"},"_links":{"self":[{"href":"https:\/\/uj.adatbank.ro\/lexikon\/wp-json\/wp\/v2\/product\/7986","targetHints":{"allow":["GET"]}}],"collection":[{"href":"https:\/\/uj.adatbank.ro\/lexikon\/wp-json\/wp\/v2\/product"}],"about":[{"href":"https:\/\/uj.adatbank.ro\/lexikon\/wp-json\/wp\/v2\/types\/product"}],"replies":[{"embeddable":true,"href":"https:\/\/uj.adatbank.ro\/lexikon\/wp-json\/wp\/v2\/comments?post=7986"}],"wp:attachment":[{"href":"https:\/\/uj.adatbank.ro\/lexikon\/wp-json\/wp\/v2\/media?parent=7986"}],"wp:term":[{"taxonomy":"product_brand","embeddable":true,"href":"https:\/\/uj.adatbank.ro\/lexikon\/wp-json\/wp\/v2\/product_brand?post=7986"},{"taxonomy":"product_cat","embeddable":true,"href":"https:\/\/uj.adatbank.ro\/lexikon\/wp-json\/wp\/v2\/product_cat?post=7986"},{"taxonomy":"product_tag","embeddable":true,"href":"https:\/\/uj.adatbank.ro\/lexikon\/wp-json\/wp\/v2\/product_tag?post=7986"}],"curies":[{"name":"wp","href":"https:\/\/api.w.org\/{rel}","templated":true}]}}