{"id":7987,"date":"2025-06-29T10:10:27","date_gmt":"2025-06-29T08:10:27","guid":{"rendered":"https:\/\/uj.adatbank.ro\/lexikon\/termek\/ferenczy-barna\/"},"modified":"2025-06-29T10:10:27","modified_gmt":"2025-06-29T08:10:27","slug":"ferenczy-barna","status":"publish","type":"product","link":"https:\/\/uj.adatbank.ro\/lexikon\/termek\/ferenczy-barna\/","title":{"rendered":"FERENCZY Barna"},"content":{"rendered":"<p>? \u2020\u00a0? : m\u00e9rn\u00f6k-tan\u00e1r. \u2013 Nyugalmazott. \u2013 &#8211; <strong>F. m.:<\/strong> Eml\u00e9kek a bolyai L\u00edceum tan\u00e1rair\u00f3l \u00e9s di\u00e1kjair\u00f3l az 1980\u201390-es \u00e9vekb\u0151l. <br \/><strong>Irod.:<\/strong> Kirsch<\/br><\/p>\n","protected":false},"excerpt":{"rendered":"<p>? \u2020\u00a0? : m\u00e9rn\u00f6k-tan\u00e1r. \u2013 Nyugalmazott. \u2013 &#8211; F. m.: Eml\u00e9kek a bolyai L\u00edceum tan\u00e1rair\u00f3l \u00e9s di\u00e1kjair\u00f3l az 1980\u201390-es \u00e9vekb\u0151l. Irod.: Kirsch<\/p>\n","protected":false},"featured_media":0,"comment_status":"open","ping_status":"closed","template":"","meta":[],"product_brand":[],"product_cat":[137],"product_tag":[],"class_list":{"0":"post-7987","1":"product","2":"type-product","3":"status-publish","5":"product_cat-maros-megyei-eletrajzi-lexikon","7":"first","8":"instock","9":"shipping-taxable","10":"product-type-simple"},"_links":{"self":[{"href":"https:\/\/uj.adatbank.ro\/lexikon\/wp-json\/wp\/v2\/product\/7987","targetHints":{"allow":["GET"]}}],"collection":[{"href":"https:\/\/uj.adatbank.ro\/lexikon\/wp-json\/wp\/v2\/product"}],"about":[{"href":"https:\/\/uj.adatbank.ro\/lexikon\/wp-json\/wp\/v2\/types\/product"}],"replies":[{"embeddable":true,"href":"https:\/\/uj.adatbank.ro\/lexikon\/wp-json\/wp\/v2\/comments?post=7987"}],"wp:attachment":[{"href":"https:\/\/uj.adatbank.ro\/lexikon\/wp-json\/wp\/v2\/media?parent=7987"}],"wp:term":[{"taxonomy":"product_brand","embeddable":true,"href":"https:\/\/uj.adatbank.ro\/lexikon\/wp-json\/wp\/v2\/product_brand?post=7987"},{"taxonomy":"product_cat","embeddable":true,"href":"https:\/\/uj.adatbank.ro\/lexikon\/wp-json\/wp\/v2\/product_cat?post=7987"},{"taxonomy":"product_tag","embeddable":true,"href":"https:\/\/uj.adatbank.ro\/lexikon\/wp-json\/wp\/v2\/product_tag?post=7987"}],"curies":[{"name":"wp","href":"https:\/\/api.w.org\/{rel}","templated":true}]}}