{"id":7988,"date":"2025-06-29T10:10:30","date_gmt":"2025-06-29T08:10:30","guid":{"rendered":"https:\/\/uj.adatbank.ro\/lexikon\/termek\/ferenczy-csongor\/"},"modified":"2025-06-29T10:10:30","modified_gmt":"2025-06-29T08:10:30","slug":"ferenczy-csongor","status":"publish","type":"product","link":"https:\/\/uj.adatbank.ro\/lexikon\/termek\/ferenczy-csongor\/","title":{"rendered":"FERENCZY Csongor"},"content":{"rendered":"<p>Sz\u00e1szr\u00e9gen, 1939, nov. 12. \u2020\u00a02019. \u00e1pr. 23 v. 24 v. 25?, sz\u00ednm\u0171v\u00e9sz. \u2013 F. Istv\u00e1n \u00e9s Jakabffy Emilia fia. Testv\u00e9re: Istv\u00e1n, sz\u00ednm\u0171v\u00e9sz. &#8211; A mv.-i Szentgy\u00f6egyi Istv\u00e1n Sz\u00ednm\u0171.-i Int\u00e9zetben v\u00e9gzett (1962). Sz\u00ednm\u0171v\u00e9szi p\u00e1ly\u00e1j\u00e1t a Temesv\u00e1ri \u00c1llami Sz\u00ednh\u00e1zban kezdte (1962\u201368), majd Sepsiszentgy\u00f6rgy\u00f6n az \u00c1llami Magyar Sz\u00ednh\u00e1zban (1968\u201372), a mv.-i Nemzetti Sz\u00ednh\u00e1zban (1973\u201380) j\u00e1tszott \u00e9s a SZISZI besz\u00e9dtechnika tan\u00e1ra (1973\u201380). Bp.-en folytatta p\u00e1ly\u00e1j\u00e1t a V\u00e1rsz\u00ednh\u00e1z (1980\u201382), a Nemzeti Sz\u00ednh\u00e1z ban (1983\u201392) \u00e9s itt a Sz\u00ednh\u00e1z Sz\u00edniakad. -j\u00e1n a m\u0171v\u00e9szeti besz\u00e9d tan\u00e1ra nyugd\u00edjba vonul\u00e1s\u00e1ig (1996), de tov\u00e1bb is j\u00e1tszott a Veszpr\u00e9mi Pet\u0151fi Sz\u00ednh\u00e1zban. &#8211; <strong>F. sz.:<\/strong> Hamlet (Shakespeare: Hamlet); Peer Gynt (Ibsen: Peer Gynt); B\u00e1r\u00f3 (Gorkij: \u00c9jjeli mened\u00e9khely); Czintos B\u00e1lint (Tam\u00e1si \u00c1ron: Csal\u00f3ka sz\u00edv\u00e1rv\u00e1ny); Popriscsin (Gogol: Egy \u0151r\u00fclt napl\u00f3ja); \u00c1d\u00e1m (Mad\u00e1ch: Az ember trag\u00e9di\u00e1ja); Lucifer (Cs\u00edksomly\u00f3i passi\u00f3); Bal\u00e1zs (Zilahi Lajos. Fatornyok); P\u00e9 Vencel (S\u00fct\u0151 Andr\u00e1s: Ugat\u00f3 mad\u00e1r); T\u00f3t (\u00d6rk\u00e9ny Istv\u00e1n: T\u00f3t\u00e9k); Tigris Braun (Brecht: Koldusopera); Filmszerepek: Kisb\u00e1r\u00f3 (M\u00e9nesgazda); A sz\u00e9kely (\u0150rd\u00f6gv\u00e1ltoz\u00e1s Cs\u00edkban); Mikes (Mikes Kelemen, V\u00e1ry Attila szerk); Beszegett \u00e9g alatt (el\u0151ad\u00f3est-Tam\u00e1s Menyh\u00e9rt po\u00e9m\u00e1ja, 1985). &#8211;<br \/><strong>Irod.:<\/strong> K. J. Elhunyt Ferenczy Csongor (Kr\u00f3nika, 2019. \u00e1pr. 26\u201328.); EMKK; EMKK 2010; Gy\u00e1rf\u00e1s 2013<\/br><\/p>\n","protected":false},"excerpt":{"rendered":"<p>Sz\u00e1szr\u00e9gen, 1939, nov. 12. \u2020\u00a02019. \u00e1pr. 23 v. 24 v. 25?, sz\u00ednm\u0171v\u00e9sz. \u2013 F. Istv\u00e1n \u00e9s Jakabffy Emilia fia. Testv\u00e9re: Istv\u00e1n, sz\u00ednm\u0171v\u00e9sz. &#8211; A mv.-i Szentgy\u00f6egyi Istv\u00e1n Sz\u00ednm\u0171.-i Int\u00e9zetben v\u00e9gzett (1962). Sz\u00ednm\u0171v\u00e9szi p\u00e1ly\u00e1j\u00e1t a Temesv\u00e1ri \u00c1llami Sz\u00ednh\u00e1zban kezdte (1962\u201368), majd Sepsiszentgy\u00f6rgy\u00f6n az \u00c1llami Magyar Sz\u00ednh\u00e1zban (1968\u201372), a mv.-i Nemzetti Sz\u00ednh\u00e1zban (1973\u201380) j\u00e1tszott \u00e9s a SZISZI [&hellip;]<\/p>\n","protected":false},"featured_media":0,"comment_status":"open","ping_status":"closed","template":"","meta":[],"product_brand":[],"product_cat":[137],"product_tag":[],"class_list":{"0":"post-7988","1":"product","2":"type-product","3":"status-publish","5":"product_cat-maros-megyei-eletrajzi-lexikon","7":"first","8":"instock","9":"shipping-taxable","10":"product-type-simple"},"_links":{"self":[{"href":"https:\/\/uj.adatbank.ro\/lexikon\/wp-json\/wp\/v2\/product\/7988","targetHints":{"allow":["GET"]}}],"collection":[{"href":"https:\/\/uj.adatbank.ro\/lexikon\/wp-json\/wp\/v2\/product"}],"about":[{"href":"https:\/\/uj.adatbank.ro\/lexikon\/wp-json\/wp\/v2\/types\/product"}],"replies":[{"embeddable":true,"href":"https:\/\/uj.adatbank.ro\/lexikon\/wp-json\/wp\/v2\/comments?post=7988"}],"wp:attachment":[{"href":"https:\/\/uj.adatbank.ro\/lexikon\/wp-json\/wp\/v2\/media?parent=7988"}],"wp:term":[{"taxonomy":"product_brand","embeddable":true,"href":"https:\/\/uj.adatbank.ro\/lexikon\/wp-json\/wp\/v2\/product_brand?post=7988"},{"taxonomy":"product_cat","embeddable":true,"href":"https:\/\/uj.adatbank.ro\/lexikon\/wp-json\/wp\/v2\/product_cat?post=7988"},{"taxonomy":"product_tag","embeddable":true,"href":"https:\/\/uj.adatbank.ro\/lexikon\/wp-json\/wp\/v2\/product_tag?post=7988"}],"curies":[{"name":"wp","href":"https:\/\/api.w.org\/{rel}","templated":true}]}}