{"id":7989,"date":"2025-06-29T10:10:32","date_gmt":"2025-06-29T08:10:32","guid":{"rendered":"https:\/\/uj.adatbank.ro\/lexikon\/termek\/ferenczy-erzsebet\/"},"modified":"2025-06-29T10:10:32","modified_gmt":"2025-06-29T08:10:32","slug":"ferenczy-erzsebet","status":"publish","type":"product","link":"https:\/\/uj.adatbank.ro\/lexikon\/termek\/ferenczy-erzsebet\/","title":{"rendered":"FERENCZY Erzs\u00e9bet"},"content":{"rendered":"<p>? \u2020 ? : lapszerk., \u00edr\u00f3. \u2013 Felel\u0151s szerk.-je a Mozaik c. sz\u00e9pirodalmi, m\u0171vel\u0151d\u00e9si \u00e9s kritikai foly\u00f3iratnak, Szatm\u00e1ron kezdt\u00e9k kiadni k\u00e9thavonk\u00e9nt (1934. j\u00fal. 1. \u2013), majd Mv.-en jelent meg (1936. jan. \u201341-ig). \u2013 <strong>F. m.:<\/strong> Mindent-semmi\u00e9rt (Szatm\u00e1rn\u00e9meti, 1935); Epiz\u00f3d (Novella; Kv., 1936); Bukfenc: Filmreg\u00e9ny (Sz\u00e9kelyudvarhely, 1939). <br \/><strong>Irod.:<\/strong> Guly\u00e1s; Popt\u0103ma\u015f\u2013M\u00f3zes<\/br><\/p>\n","protected":false},"excerpt":{"rendered":"<p>? \u2020 ? : lapszerk., \u00edr\u00f3. \u2013 Felel\u0151s szerk.-je a Mozaik c. sz\u00e9pirodalmi, m\u0171vel\u0151d\u00e9si \u00e9s kritikai foly\u00f3iratnak, Szatm\u00e1ron kezdt\u00e9k kiadni k\u00e9thavonk\u00e9nt (1934. j\u00fal. 1. \u2013), majd Mv.-en jelent meg (1936. jan. \u201341-ig). \u2013 F. m.: Mindent-semmi\u00e9rt (Szatm\u00e1rn\u00e9meti, 1935); Epiz\u00f3d (Novella; Kv., 1936); Bukfenc: Filmreg\u00e9ny (Sz\u00e9kelyudvarhely, 1939). Irod.: Guly\u00e1s; Popt\u0103ma\u015f\u2013M\u00f3zes<\/p>\n","protected":false},"featured_media":0,"comment_status":"open","ping_status":"closed","template":"","meta":[],"product_brand":[],"product_cat":[137],"product_tag":[],"class_list":{"0":"post-7989","1":"product","2":"type-product","3":"status-publish","5":"product_cat-maros-megyei-eletrajzi-lexikon","7":"first","8":"instock","9":"shipping-taxable","10":"product-type-simple"},"_links":{"self":[{"href":"https:\/\/uj.adatbank.ro\/lexikon\/wp-json\/wp\/v2\/product\/7989","targetHints":{"allow":["GET"]}}],"collection":[{"href":"https:\/\/uj.adatbank.ro\/lexikon\/wp-json\/wp\/v2\/product"}],"about":[{"href":"https:\/\/uj.adatbank.ro\/lexikon\/wp-json\/wp\/v2\/types\/product"}],"replies":[{"embeddable":true,"href":"https:\/\/uj.adatbank.ro\/lexikon\/wp-json\/wp\/v2\/comments?post=7989"}],"wp:attachment":[{"href":"https:\/\/uj.adatbank.ro\/lexikon\/wp-json\/wp\/v2\/media?parent=7989"}],"wp:term":[{"taxonomy":"product_brand","embeddable":true,"href":"https:\/\/uj.adatbank.ro\/lexikon\/wp-json\/wp\/v2\/product_brand?post=7989"},{"taxonomy":"product_cat","embeddable":true,"href":"https:\/\/uj.adatbank.ro\/lexikon\/wp-json\/wp\/v2\/product_cat?post=7989"},{"taxonomy":"product_tag","embeddable":true,"href":"https:\/\/uj.adatbank.ro\/lexikon\/wp-json\/wp\/v2\/product_tag?post=7989"}],"curies":[{"name":"wp","href":"https:\/\/api.w.org\/{rel}","templated":true}]}}