{"id":7991,"date":"2025-06-29T10:10:35","date_gmt":"2025-06-29T08:10:35","guid":{"rendered":"https:\/\/uj.adatbank.ro\/lexikon\/termek\/ferenczy-ferenc-harasztkereki\/"},"modified":"2025-06-29T10:10:35","modified_gmt":"2025-06-29T08:10:35","slug":"ferenczy-ferenc-harasztkereki","status":"publish","type":"product","link":"https:\/\/uj.adatbank.ro\/lexikon\/termek\/ferenczy-ferenc-harasztkereki\/","title":{"rendered":"FERENCZY Ferenc, harasztkereki"},"content":{"rendered":"<p>Malomfalva, 1860. szept. 15., \u2020\u00a0Keszthely, ?: tan\u00e1r. \u2013 Kolozsmonostoron (1885\u2013) mint \u00f6szt\u00f6nd\u00edjas gazdas\u00e1gi tanint\u00e9zeti seg\u00e9d tan\u00e1r; Cs\u00e1ktorny\u00e1n tan\u00edt\u00f3; Debrecenben tan\u00e1r (1890\u2013); Keszthelyen tan\u00e1r (1904\u2013). <strong>Cikkei:<\/strong> A debreceni gazdas\u00e1gi tanint\u00e9zet \u00e9vk\u00f6nyve, K\u00f6ztelek, Mez\u0151gazdas\u00e1gi Szeml\u00e9-ben. \u2013 <strong>F. m.:<\/strong> K\u00f6zlem\u00e9nyek a debreceni gazdas\u00e1gi tanint\u00e9zet kis\u00e9rleti telep\u00e9n az 1891. \u00e9vben v\u00e9grehajtott n\u00f6v\u00e9nytermel\u00e9si kis\u00e9rletekr\u0151l (Debrecen, 1892); Magyarorsz\u00e1gi parlagi juhok (Bp., 1903); Sert\u00e9steny\u00e9szt\u00e9s (Keszthely, 1920). <br \/><strong>Irod.:<\/strong> Guly\u00e1s; Szinnyei<\/br><\/p>\n","protected":false},"excerpt":{"rendered":"<p>Malomfalva, 1860. szept. 15., \u2020\u00a0Keszthely, ?: tan\u00e1r. \u2013 Kolozsmonostoron (1885\u2013) mint \u00f6szt\u00f6nd\u00edjas gazdas\u00e1gi tanint\u00e9zeti seg\u00e9d tan\u00e1r; Cs\u00e1ktorny\u00e1n tan\u00edt\u00f3; Debrecenben tan\u00e1r (1890\u2013); Keszthelyen tan\u00e1r (1904\u2013). Cikkei: A debreceni gazdas\u00e1gi tanint\u00e9zet \u00e9vk\u00f6nyve, K\u00f6ztelek, Mez\u0151gazdas\u00e1gi Szeml\u00e9-ben. \u2013 F. m.: K\u00f6zlem\u00e9nyek a debreceni gazdas\u00e1gi tanint\u00e9zet kis\u00e9rleti telep\u00e9n az 1891. \u00e9vben v\u00e9grehajtott n\u00f6v\u00e9nytermel\u00e9si kis\u00e9rletekr\u0151l (Debrecen, 1892); Magyarorsz\u00e1gi parlagi juhok (Bp., [&hellip;]<\/p>\n","protected":false},"featured_media":0,"comment_status":"open","ping_status":"closed","template":"","meta":[],"product_brand":[],"product_cat":[137],"product_tag":[],"class_list":{"0":"post-7991","1":"product","2":"type-product","3":"status-publish","5":"product_cat-maros-megyei-eletrajzi-lexikon","7":"first","8":"instock","9":"shipping-taxable","10":"product-type-simple"},"_links":{"self":[{"href":"https:\/\/uj.adatbank.ro\/lexikon\/wp-json\/wp\/v2\/product\/7991","targetHints":{"allow":["GET"]}}],"collection":[{"href":"https:\/\/uj.adatbank.ro\/lexikon\/wp-json\/wp\/v2\/product"}],"about":[{"href":"https:\/\/uj.adatbank.ro\/lexikon\/wp-json\/wp\/v2\/types\/product"}],"replies":[{"embeddable":true,"href":"https:\/\/uj.adatbank.ro\/lexikon\/wp-json\/wp\/v2\/comments?post=7991"}],"wp:attachment":[{"href":"https:\/\/uj.adatbank.ro\/lexikon\/wp-json\/wp\/v2\/media?parent=7991"}],"wp:term":[{"taxonomy":"product_brand","embeddable":true,"href":"https:\/\/uj.adatbank.ro\/lexikon\/wp-json\/wp\/v2\/product_brand?post=7991"},{"taxonomy":"product_cat","embeddable":true,"href":"https:\/\/uj.adatbank.ro\/lexikon\/wp-json\/wp\/v2\/product_cat?post=7991"},{"taxonomy":"product_tag","embeddable":true,"href":"https:\/\/uj.adatbank.ro\/lexikon\/wp-json\/wp\/v2\/product_tag?post=7991"}],"curies":[{"name":"wp","href":"https:\/\/api.w.org\/{rel}","templated":true}]}}