{"id":7993,"date":"2025-06-29T10:10:37","date_gmt":"2025-06-29T08:10:37","guid":{"rendered":"https:\/\/uj.adatbank.ro\/lexikon\/termek\/ferenczy-geza\/"},"modified":"2025-06-29T10:10:37","modified_gmt":"2025-06-29T08:10:37","slug":"ferenczy-geza","status":"publish","type":"product","link":"https:\/\/uj.adatbank.ro\/lexikon\/termek\/ferenczy-geza\/","title":{"rendered":"FERENCZY G\u00e9za"},"content":{"rendered":"<p>1865. nov. 3., \u2020\u00a01942. nov. 2.: ad\u00f3hivatalnok. \u2013 F. K\u00e9roly testv\u00e9re. Feles\u00e9ge: Jeney Emma (1872. \u2013 1935. aug. 16.). \u2013 Ad\u00f3tiszt Mv.-en (1890-as \u00e9vek eleje); Ny\u00e1r\u00e1dszered\u00e1ban ellen\u0151r; Nagyszebenben ellen\u0151r, p\u00e9nzt\u00e1rnok. <strong>Cikke:<\/strong> az \u00c1llami Tisztvisel\u0151k Lapj\u00e1-ban. <br \/><strong>Irod.:<\/strong> Jeney csal\u00e1di inf.; Guly\u00e1s<\/br><\/p>\n","protected":false},"excerpt":{"rendered":"<p>1865. nov. 3., \u2020\u00a01942. nov. 2.: ad\u00f3hivatalnok. \u2013 F. K\u00e9roly testv\u00e9re. Feles\u00e9ge: Jeney Emma (1872. \u2013 1935. aug. 16.). \u2013 Ad\u00f3tiszt Mv.-en (1890-as \u00e9vek eleje); Ny\u00e1r\u00e1dszered\u00e1ban ellen\u0151r; Nagyszebenben ellen\u0151r, p\u00e9nzt\u00e1rnok. Cikke: az \u00c1llami Tisztvisel\u0151k Lapj\u00e1-ban. Irod.: Jeney csal\u00e1di inf.; Guly\u00e1s<\/p>\n","protected":false},"featured_media":0,"comment_status":"open","ping_status":"closed","template":"","meta":[],"product_brand":[],"product_cat":[137],"product_tag":[],"class_list":{"0":"post-7993","1":"product","2":"type-product","3":"status-publish","5":"product_cat-maros-megyei-eletrajzi-lexikon","7":"first","8":"instock","9":"shipping-taxable","10":"product-type-simple"},"_links":{"self":[{"href":"https:\/\/uj.adatbank.ro\/lexikon\/wp-json\/wp\/v2\/product\/7993","targetHints":{"allow":["GET"]}}],"collection":[{"href":"https:\/\/uj.adatbank.ro\/lexikon\/wp-json\/wp\/v2\/product"}],"about":[{"href":"https:\/\/uj.adatbank.ro\/lexikon\/wp-json\/wp\/v2\/types\/product"}],"replies":[{"embeddable":true,"href":"https:\/\/uj.adatbank.ro\/lexikon\/wp-json\/wp\/v2\/comments?post=7993"}],"wp:attachment":[{"href":"https:\/\/uj.adatbank.ro\/lexikon\/wp-json\/wp\/v2\/media?parent=7993"}],"wp:term":[{"taxonomy":"product_brand","embeddable":true,"href":"https:\/\/uj.adatbank.ro\/lexikon\/wp-json\/wp\/v2\/product_brand?post=7993"},{"taxonomy":"product_cat","embeddable":true,"href":"https:\/\/uj.adatbank.ro\/lexikon\/wp-json\/wp\/v2\/product_cat?post=7993"},{"taxonomy":"product_tag","embeddable":true,"href":"https:\/\/uj.adatbank.ro\/lexikon\/wp-json\/wp\/v2\/product_tag?post=7993"}],"curies":[{"name":"wp","href":"https:\/\/api.w.org\/{rel}","templated":true}]}}