{"id":7998,"date":"2025-06-29T10:10:47","date_gmt":"2025-06-29T08:10:47","guid":{"rendered":"https:\/\/uj.adatbank.ro\/lexikon\/termek\/ferenczy-istvan-%c2%a7-ferenczi-istvan\/"},"modified":"2025-06-29T10:10:47","modified_gmt":"2025-06-29T08:10:47","slug":"ferenczy-istvan-%c2%a7-ferenczi-istvan","status":"publish","type":"product","link":"https:\/\/uj.adatbank.ro\/lexikon\/termek\/ferenczy-istvan-%c2%a7-ferenczi-istvan\/","title":{"rendered":"FERENCZY Istv\u00e1n, \u00a7 Ferenczi Istv\u00e1n"},"content":{"rendered":"<p>Sz\u00e1szr\u00e9gen, 1937. aug. 31., \u2020 Mv., 2002. dec. 17.: sz\u00ednm\u0171v\u00e9sz, tan\u00e1r. \u2013 F. Istv\u00e1n (1906\u20131981), \u00e9p\u00edt\u00e9sz \u00e9s Jakabffy Emilia (1910\u20131952) fia. Feles\u00e9ge: M\u00f3zes Erzs\u00e9bet sz\u00ednm\u0171v\u00e9sz. \u2013 Gyergy\u00f3szentmikl\u00f3son v\u00e9gezte az elemi iskola nyolc oszt\u00e1ly\u00e1t, majd a csal\u00e1d Mv. -re k\u00f6lt\u00f6z\u00f6tt (1951), a Bolyai Farkas K\u00f6z\u00e9piskol\u00e1ban folytatta tanulm\u00e1nyait, ahol \u00e9retts\u00e9gizett (1954). A buk.-i M\u0171\u00e9p\u00edt\u00e9szeti Egyetemen tanult egy \u00e9vet, ut\u00e1na a mv.-i Szentgy\u00f6rgyi Istv\u00e1n Sz\u00ednm\u0171v\u00e9szeti F\u0151iskola hallgat\u00f3ja lett (1955\u201359). Tompa Mikl\u00f3s igazgat\u00f3 \u00e9s f\u0151rendez\u0151 a mv.-i Sz\u00e9kely Sz\u00ednh\u00e1zhoz szerz\u0151dtette, ahol hal\u00e1l\u00e1ig m\u0171k\u00f6d\u00f6tt (1959\u20132002). A Sz\u00ednm\u0171v\u00e9szeti F\u0151iskola ill. a Sz\u00ednm\u0171v\u00e9szeti Egyetem m. nyelv\u0171 Szentgy\u00f6rgyi Istv\u00e1n tagozat\u00e1n el\u0151ad\u00f3tan\u00e1r (1977\u2013), professzor (1990\u2013). Meghat\u00e1roz\u00f3 s\u00faly\u00fa egy\u00e9nis\u00e9g, aki hitelesen kelt \u00e9letre n\u00e9pvez\u00e9reket, nagyform\u00e1tum\u00fa tud\u00f3sokat vagy m\u0171v\u00e9szeket \u00e9s befel\u00e9 fordul\u00f3, magukba z\u00e1rk\u00f3z\u00f3 figur\u00e1kat. Besz\u00e9de \u00edzes, humora kiss\u00e9 nyers, de eredeti, sok sz\u00ednben \u00e9s \u00e1rnyalatban csillog\u00f3 volt. \u00c9lete utols\u00f3 fel\u00e9ben rendezett is a Sz\u00ednm\u0171v\u00e9szeti Akad. \u00e9s a mv.-i Nemzeti Sz\u00ednh\u00e1zban. Kit\u0171ntet\u00e9sei: Szentgy\u00f6rgyi Istv\u00e1n-d\u00edj (1994), a legjobb f\u00e9rfi alak\u00edt\u00e1s d\u00edja Kisv\u00e1rd\u00e1n (S\u00fct\u0151 Andr\u00e1s: Az ugat\u00f3 mad\u00e1r; 1994), Tam\u00e1si \u00c1ron-d\u00edj (1998), a M. K\u00f6zt\u00e1rsas\u00e1g \u00c9rdemrend Kiskeresztje (1998), a Nemzeti Kultur\u00e1lis Alap\u00edtv\u00e1ny \u00d6r\u00f6ks\u00e9g Min. -t\u00f3l \u00c9letm\u0171-d\u00edj \u2013 Kisv\u00e1rda (2000), a Bethlen Alap\u00edtv\u00e1ny B\u00e1nffy Mikl\u00f3s d\u00edja (EMKE 2000). \u2013 <strong>F. sz.:<\/strong> Dorel Dorian: A gyan\u00fa (1965. dec. 11.); A. Baranga: J\u00e1mborlelk\u0171 szent Fl\u00f3ri\u00e1n (1966. j\u00fan. 23.); Csehov: Platonov (1968. jan. 11.); Szab\u00f3 Lajos: Az otthon sziget\u00e9n (1969. m\u00e1rc. 5.); J\u00e1vorfa muzsika: N\u00e9pballada m\u0171sor (1969. \u00e1pr. 19.); Higgins (G. B. Shaw: Pygmalion); Rogyik (Arbuzov: Irkucki t\u00f6rt\u00e9net); 11. esk\u00fcdt ( R. Rose\u00e0: Tizenk\u00e9t d\u00fch\u00f6s ember); Ioni\u0163a (H. Lovinescu: Petru Rare\u015f); Malcolm (Shakespeare: Macbeth); Mircea (Kiri\u0163escu: Dar\u00e1zsf\u00e9szek); Corignon (Feydeau: Osztrig\u00e1s Mici); Bakk Luk\u00e1cs (Tam\u00e1si \u00c1ron: \u00c9nekes mad\u00e1r); Czintos B\u00e1lint (Tam\u00e1si \u00c1ron: Csal\u00f3ka sziv\u00e1rv\u00e1ny); Bal\u00e1zs (M\u00f3ricz Zsigmond: Nem \u00e9lhetek muzsikasz\u00f3 n\u00e9lk\u00fcl; 1972. okt. 20.); Charles de la Grange (M. Bulgakov: K\u00e9pmutat\u00f3k cselsz\u00f6v\u00e9se); Rjumin (Gorkij: Nyaral\u00f3k); Miska (M\u00f3ricz: Kismad\u00e1r; 1975. \u00e1pr. 11.); Szoljonij (Csehov: H\u00e1rom n\u00f6v\u00e9r; 1975. okt. 10.); Borisz Vasziljev: Csendesek a hajnalok; 1976. \u00e1pr. 15.); Dorn dr. (Csehov: Sir\u00e1ly); Rodrigo (Shakespeare: Othello); Flake (B. Brecht: \u00c1ll\u00edts\u00e1tok meg Arturo Uit); Sarkadi (M\u00f3ricz: L\u00e9gy j\u00f3 mindhal\u00e1lig); Alba herceg (Schiller: Don Carlos); Orsino (Shakespeare: V\u00edzkereszt); Diogen\u00e9sz (D. Solomon: Diogen\u00e9sz a kutya); J\u00e1nos (N\u00e9meth L\u00e1szl\u00f3: A k\u00e9t Bolyai; 1970. febr. 20.); Bolyai J\u00e1nos (Kocsis Istv\u00e1n: Bolyai J\u00e1nos est\u00e9je; 1971. j\u00fan. 5.); Tudor Negoi\u021b\u0103: Amikor a pisztolyok hallgatnak (1971. dec. 29.); Aurel Baranga: K\u00f6z\u00e9rdek (1972. m\u00e1rc. 9.); Petur b\u00e1n (Katona : B\u00e1nk B\u00e1n); M\u00f3zes (Mad\u00e1ch: M\u00f3zes); Vaszka Pepel (Gorkij: \u00c9jjeli mened\u00e9khely); Dr. Luk\u00e1csi P\u00e9ter (Sz\u00e9kely J\u00e1nos: Irgalmas hazugs\u00e1g); Lekenczey (M\u00f3ricz: \u00dari muri); II. koldus (Kincses E. Maraton); Dr. M. (S\u00fct\u0151 A.: \u00c1lomkomand\u00f3); K\u00e1lvin (S\u00fct\u0151 Andr\u00e1s: Csillag a m\u00e1gly\u00e1n); Bodor P\u00e9ter\u00a0(S\u00fct\u0151 Andr\u00e1s: Az ugat\u00f3 mad\u00e1r); Istv\u00e1n kir. (S\u00edk S\u00e1ndor: Istv\u00e1n kir\u00e1ly); Romulus (D\u00fcrrenmatt\u00a0: Nagy Romulus); <strong>F. r.:<\/strong>: Tam\u00e1si \u00c1ron: Boldog ny\u00e1rfalev\u00e9l (1996); r. a f\u0151iskol\u00e1n: Tam\u00e1si \u00c1ron: T\u00fcnd\u00f6kl\u0151 Jeromos; D. R. Popescu: A kerti t\u00f6rpe (1981. m\u00e1j. 7.); seg\u00e9drendez\u0151: Vampilov: Vadkacsavad\u00e1szat; F. filmjei: Holtvid\u00e9k (1971); Hull\u00e1mz\u00f3 v\u00f6leg\u00e9ny (1976). <br \/><strong>Irod.:<\/strong> Az RMDSZ szen\u00e1tor-jel\u00f6ltjei Maros megy\u00e9b\u0151l\u00a0: F. I. [\u00f6nvallom\u00e1s] (N\u00fa., 1990. m\u00e1j. 8.); G. A.: Ma is hi\u00e1nyzik (N\u00fa., M\u00fazsa, 1058., 2012. dec. 15.); Gy\u00e1rf\u00e1s 2013; A H\u00e9t, (6. sz., 2003. febr. 13.); A H\u00e9t \u00e9vk\u00f6nyve (1982); Id\u0151t\u00e1r 4.; Katona-K\u00f6t\u0151; Kiss \u00c9va: Lehet-e a l\u00e9lek kisebb \u00f6nmag\u00e1n\u00e1l\u00a0?: besz\u00e9lget\u00e9s F. I. sz\u00ednm\u0171v\u00e9sszel (N\u00fa., 1996. aug. 17.); Katona Szab\u00f3 Istv\u00e1n: Az \u00daj \u00c9let lexikona, 63. (\u00daj \u00c9let, 3. sz. 1973.); KKACs; Koch M\u00e1ria: Bem\u00fatatjuk F. I. sz\u00ednm\u0171v\u00e9szt (V. Z., 1967. j\u00fal. 22.); Kov\u00e1cs Levente; Kusz\u00e1lik; MSZL; MSz\u00ednL; Nagy Mikl\u00f3s Kund: Szerepek, \u00e9lm\u00e9nyek (V. Z., 1989. szept. 17.); N\u00fa (2001. jan. 6.; 2002. dec. 19, dec 28); Ol\u00e1h Tibor 1996; Ol\u00e1h Tibor: Bolyai J\u00e1nos: F. I. (N\u00fa., M\u00fazsa, 222. sz., 1995. nov. 17.); Pakot F\u00fcl\u00f6p: Egyed\u00fcl a sz\u00ednpadon (N\u00fa., M\u00fazsa, 169. sz., 1995. m\u00e1j. 19); Pakot F\u00fcl\u00f6p: Hurok \u00e9let\u00fcnk sz\u00edve k\u00f6r\u00fcl: P\u00e1rbesz\u00e9d egy jubileum ut\u00e1n (N\u00fa., M\u00fazsa, 320. sz., 1997. nov. 14.); RMKK; R\u00daL; Sk\u00f3la; Sug\u00f3 Erzs\u00e9bet: Der\u0171s tekintet\u0171 k\u00f6z\u00f6ns\u00e9get szeretn\u00e9k. (N\u00fa., 1996. nov. 7.); Sz\u00e1va 2012<\/br><\/p>\n","protected":false},"excerpt":{"rendered":"<p>Sz\u00e1szr\u00e9gen, 1937. aug. 31., \u2020 Mv., 2002. dec. 17.: sz\u00ednm\u0171v\u00e9sz, tan\u00e1r. \u2013 F. Istv\u00e1n (1906\u20131981), \u00e9p\u00edt\u00e9sz \u00e9s Jakabffy Emilia (1910\u20131952) fia. Feles\u00e9ge: M\u00f3zes Erzs\u00e9bet sz\u00ednm\u0171v\u00e9sz. \u2013 Gyergy\u00f3szentmikl\u00f3son v\u00e9gezte az elemi iskola nyolc oszt\u00e1ly\u00e1t, majd a csal\u00e1d Mv. -re k\u00f6lt\u00f6z\u00f6tt (1951), a Bolyai Farkas K\u00f6z\u00e9piskol\u00e1ban folytatta tanulm\u00e1nyait, ahol \u00e9retts\u00e9gizett (1954). A buk.-i M\u0171\u00e9p\u00edt\u00e9szeti Egyetemen tanult egy [&hellip;]<\/p>\n","protected":false},"featured_media":0,"comment_status":"open","ping_status":"closed","template":"","meta":[],"product_brand":[],"product_cat":[137],"product_tag":[],"class_list":{"0":"post-7998","1":"product","2":"type-product","3":"status-publish","5":"product_cat-maros-megyei-eletrajzi-lexikon","7":"first","8":"instock","9":"shipping-taxable","10":"product-type-simple"},"_links":{"self":[{"href":"https:\/\/uj.adatbank.ro\/lexikon\/wp-json\/wp\/v2\/product\/7998","targetHints":{"allow":["GET"]}}],"collection":[{"href":"https:\/\/uj.adatbank.ro\/lexikon\/wp-json\/wp\/v2\/product"}],"about":[{"href":"https:\/\/uj.adatbank.ro\/lexikon\/wp-json\/wp\/v2\/types\/product"}],"replies":[{"embeddable":true,"href":"https:\/\/uj.adatbank.ro\/lexikon\/wp-json\/wp\/v2\/comments?post=7998"}],"wp:attachment":[{"href":"https:\/\/uj.adatbank.ro\/lexikon\/wp-json\/wp\/v2\/media?parent=7998"}],"wp:term":[{"taxonomy":"product_brand","embeddable":true,"href":"https:\/\/uj.adatbank.ro\/lexikon\/wp-json\/wp\/v2\/product_brand?post=7998"},{"taxonomy":"product_cat","embeddable":true,"href":"https:\/\/uj.adatbank.ro\/lexikon\/wp-json\/wp\/v2\/product_cat?post=7998"},{"taxonomy":"product_tag","embeddable":true,"href":"https:\/\/uj.adatbank.ro\/lexikon\/wp-json\/wp\/v2\/product_tag?post=7998"}],"curies":[{"name":"wp","href":"https:\/\/api.w.org\/{rel}","templated":true}]}}